{"id":1608,"date":"2020-11-03T13:11:12","date_gmt":"2020-11-03T13:11:12","guid":{"rendered":"https:\/\/borgoparadiso.it\/territorio\/"},"modified":"2025-01-07T11:10:18","modified_gmt":"2025-01-07T11:10:18","slug":"territorium","status":"publish","type":"page","link":"https:\/\/borgoparadiso.it\/de\/territorium\/","title":{"rendered":"Territorium"},"content":{"rendered":"<p><div class=\"fusion-fullwidth fullwidth-box fusion-builder-row-1 fusion-flex-container has-pattern-background has-mask-background fusion-parallax-none nonhundred-percent-fullwidth non-hundred-percent-height-scrolling lazyload fusion-custom-z-index\" style=\"--awb-border-radius-top-left:0px;--awb-border-radius-top-right:0px;--awb-border-radius-bottom-right:0px;--awb-border-radius-bottom-left:0px;--awb-z-index:0;--awb-padding-top:220px;--awb-padding-bottom:220px;--awb-padding-top-small:100px;--awb-padding-bottom-small:100px;--awb-background-size:cover;--awb-flex-wrap:wrap;\" data-bg=\"https:\/\/borgoparadiso.it\/wp-content\/uploads\/2025\/01\/IMG_20200705_143325.jpg\" ><div class=\"fusion-builder-row fusion-row fusion-flex-align-items-flex-start fusion-flex-content-wrap\" style=\"max-width:1248px;margin-left: calc(-4% \/ 2 );margin-right: calc(-4% \/ 2 );\"><div class=\"fusion-layout-column fusion_builder_column fusion-builder-column-0 fusion_builder_column_1_1 1_1 fusion-flex-column\" style=\"--awb-bg-size:cover;--awb-width-large:100%;--awb-margin-top-large:0px;--awb-spacing-right-large:1.92%;--awb-margin-bottom-large:20px;--awb-spacing-left-large:1.92%;--awb-width-medium:100%;--awb-order-medium:0;--awb-spacing-right-medium:1.92%;--awb-spacing-left-medium:1.92%;--awb-width-small:100%;--awb-order-small:0;--awb-spacing-right-small:1.92%;--awb-spacing-left-small:1.92%;\"><div class=\"fusion-column-wrapper fusion-column-has-shadow fusion-flex-justify-content-flex-start fusion-content-layout-column\"><div class=\"fusion-text fusion-text-1\" style=\"--awb-content-alignment:center;--awb-font-size:var(--awb-typography2-font-size);--awb-line-height:var(--awb-typography2-line-height);--awb-letter-spacing:var(--awb-typography2-letter-spacing);--awb-text-transform:var(--awb-typography2-text-transform);--awb-text-color:var(--awb-color1);--awb-text-font-family:var(--awb-typography2-font-family);--awb-text-font-weight:var(--awb-typography2-font-weight);--awb-text-font-style:var(--awb-typography2-font-style);\"><p>Borgo Paradiso<\/p>\n<\/div><div class=\"fusion-title title fusion-title-1 fusion-sep-none fusion-title-center fusion-title-text fusion-title-size-one\" style=\"--awb-text-color:var(--awb-color1);--awb-margin-top:-20px;--awb-margin-bottom:20px;--awb-margin-top-small:10px;--awb-margin-right-small:0px;--awb-margin-bottom-small:10px;--awb-margin-left-small:0px;--awb-font-size:60px;\"><h1 class=\"fusion-title-heading title-heading-center\" style=\"margin:0;text-transform:capitalize;font-size:1em;line-height:1em;\">Territorium<\/h1><\/div><\/div><\/div><\/div><\/div><div class=\"fusion-fullwidth fullwidth-box fusion-builder-row-2 fusion-flex-container hundred-percent-fullwidth non-hundred-percent-height-scrolling\" style=\"--awb-border-radius-top-left:0px;--awb-border-radius-top-right:0px;--awb-border-radius-bottom-right:0px;--awb-border-radius-bottom-left:0px;--awb-padding-right:0px;--awb-padding-left:0px;--awb-flex-wrap:wrap;\" ><div class=\"fusion-builder-row fusion-row fusion-flex-align-items-stretch fusion-flex-content-wrap\" style=\"width:104% !important;max-width:104% !important;margin-left: calc(-4% \/ 2 );margin-right: calc(-4% \/ 2 );\"><div class=\"fusion-layout-column fusion_builder_column fusion-builder-column-1 fusion_builder_column_1_2 1_2 fusion-flex-column\" style=\"--awb-bg-position:left center;--awb-bg-size:cover;--awb-width-large:50%;--awb-margin-top-large:0px;--awb-spacing-right-large:0%;--awb-margin-bottom-large:0px;--awb-spacing-left-large:3.84%;--awb-width-medium:50%;--awb-order-medium:0;--awb-spacing-right-medium:0%;--awb-spacing-left-medium:3.84%;--awb-width-small:100%;--awb-order-small:1;--awb-spacing-right-small:1.92%;--awb-spacing-left-small:1.92%;\" data-scroll-devices=\"small-visibility,medium-visibility,large-visibility\"><div class=\"fusion-column-wrapper lazyload fusion-column-has-shadow fusion-flex-justify-content-flex-start fusion-content-layout-column fusion-empty-column-bg-image fusion-column-has-bg-image\" data-bg-url=\"https:\/\/borgoparadiso.it\/wp-content\/uploads\/2024\/06\/BORGO-PARADISO-TERRITORIO-SANTA-CATERINA.jpg\" data-bg=\"https:\/\/borgoparadiso.it\/wp-content\/uploads\/2024\/06\/BORGO-PARADISO-TERRITORIO-SANTA-CATERINA.jpg\"><img decoding=\"async\" class=\"fusion-empty-dims-img-placeholder fusion-no-large-visibility fusion-no-medium-visibility\" aria-label=\"BORGO PARADISO TERRITORIO SANTA CATERINA\" src=\"data:image\/svg+xml,%3Csvg%20xmlns%3D%27http%3A%2F%2Fwww.w3.org%2F2000%2Fsvg%27%20width%3D%27800%27%20height%3D%27449%27%20viewBox%3D%270%200%20800%20449%27%3E%3Crect%20width%3D%27800%27%20height%3D%27449%27%20fill-opacity%3D%220%22%2F%3E%3C%2Fsvg%3E\"><\/div><\/div><div class=\"fusion-layout-column fusion_builder_column fusion-builder-column-2 fusion_builder_column_1_2 1_2 fusion-flex-column\" style=\"--awb-padding-top:100px;--awb-padding-right:60px;--awb-padding-bottom:100px;--awb-padding-left:60px;--awb-bg-size:cover;--awb-width-large:50%;--awb-margin-top-large:0px;--awb-spacing-right-large:3.84%;--awb-margin-bottom-large:0px;--awb-spacing-left-large:0%;--awb-width-medium:50%;--awb-order-medium:0;--awb-spacing-right-medium:3.84%;--awb-spacing-left-medium:0%;--awb-width-small:100%;--awb-order-small:0;--awb-spacing-right-small:1.92%;--awb-spacing-left-small:1.92%;\"><div class=\"fusion-column-wrapper fusion-column-has-shadow fusion-flex-justify-content-flex-start fusion-content-layout-column\"><div class=\"fusion-title title fusion-title-2 fusion-sep-none fusion-title-text fusion-title-size-one\" style=\"--awb-text-color:var(--awb-color8);--awb-margin-top:-20px;--awb-margin-bottom:20px;--awb-margin-top-small:10px;--awb-margin-right-small:0px;--awb-margin-bottom-small:10px;--awb-margin-left-small:0px;--awb-font-size:60px;\"><h1 class=\"fusion-title-heading title-heading-left sm-text-align-center\" style=\"margin:0;text-transform:capitalize;font-size:1em;line-height:1em;\">Lago Maggiore<\/h1><\/div><div class=\"fusion-text fusion-text-2 sm-text-align-center\"><p>Der Lago Maggiore ist zwischen der Lombardei, dem Piemont und, in seinem n\u00f6rdlichsten Teil, der Schweiz aufgeteilt.<\/p>\n<p>Seine g\u00fcnstige Lage hat dazu gef\u00fchrt, dass der See seit der Antike eine der wichtigsten Transit- und Handelsrouten zwischen Norditalien und dem \u00fcbrigen Europa war: Die Umgebung wurde daher mit Festungen und Schl\u00f6ssern befestigt, die noch heute die Landschaft pr\u00e4gen.<\/p>\n<p>Ein weiteres Element, das das Panorama des Sees stark pr\u00e4gt und ihn weltweit ber\u00fchmt gemacht hat, sind die pr\u00e4chtigen Villen und die sie umgebenden \u00fcppigen G\u00e4rten, die zwischen dem 18. und dem 20. Jahrhundert erbaut wurden, als Verbano aufgrund des milden Klimas und der Sch\u00f6nheit der Gegend zun\u00e4chst zu einem beliebten Urlaubsziel des lombardischen Adels und dann zu einem obligatorischen Halt auf der Grand Tour wurde.<\/p>\n<\/div><\/div><\/div><\/div><\/div><div class=\"fusion-fullwidth fullwidth-box fusion-builder-row-3 fusion-flex-container hundred-percent-fullwidth non-hundred-percent-height-scrolling\" style=\"--awb-border-radius-top-left:0px;--awb-border-radius-top-right:0px;--awb-border-radius-bottom-right:0px;--awb-border-radius-bottom-left:0px;--awb-padding-right:0px;--awb-padding-left:0px;--awb-flex-wrap:wrap;\" ><div class=\"fusion-builder-row fusion-row fusion-flex-align-items-stretch fusion-flex-content-wrap\" style=\"width:104% !important;max-width:104% !important;margin-left: calc(-4% \/ 2 );margin-right: calc(-4% \/ 2 );\"><div class=\"fusion-layout-column fusion_builder_column fusion-builder-column-3 fusion_builder_column_1_2 1_2 fusion-flex-column\" style=\"--awb-padding-top:100px;--awb-padding-right:60px;--awb-padding-bottom:100px;--awb-padding-left:60px;--awb-bg-size:cover;--awb-width-large:50%;--awb-margin-top-large:0px;--awb-spacing-right-large:0%;--awb-margin-bottom-large:0px;--awb-spacing-left-large:3.84%;--awb-width-medium:50%;--awb-order-medium:0;--awb-spacing-right-medium:0%;--awb-spacing-left-medium:3.84%;--awb-width-small:100%;--awb-order-small:0;--awb-spacing-right-small:1.92%;--awb-spacing-left-small:1.92%;\"><div class=\"fusion-column-wrapper fusion-column-has-shadow fusion-flex-justify-content-flex-start fusion-content-layout-column\"><div class=\"fusion-title title fusion-title-3 fusion-sep-none fusion-title-text fusion-title-size-one\" style=\"--awb-text-color:var(--awb-color8);--awb-margin-top:-20px;--awb-margin-bottom:20px;--awb-margin-top-small:10px;--awb-margin-right-small:0px;--awb-margin-bottom-small:10px;--awb-margin-left-small:0px;--awb-font-size:60px;\"><h1 class=\"fusion-title-heading title-heading-left sm-text-align-center\" style=\"margin:0;text-transform:capitalize;font-size:1em;line-height:1em;\">Die Landschaft<\/h1><\/div><div class=\"fusion-text fusion-text-3 sm-text-align-center\"><p>Die an Geschichte und antiken und k\u00fcnstlerischen Zeugnissen reiche Landschaft ist sehr vielf\u00e4ltig und heterogen: Vor dem Hintergrund einer \u00fcppigen Vegetation bieten die tief eingeschnittenen B\u00e4che unvergleichliche Ausblicke, die bei Bootsausfl\u00fcgen noch besser zur Geltung kommen. <\/p>\n<p>Der See sollte \u201evom See aus\u201c besichtigt werden, um das Gef\u00fchl zu genie\u00dfen, dass alles in der Zeit stehen geblieben ist. Im Gegensatz zu anderen norditalienischen Seen ist der Verbano-See n\u00e4mlich ein exklusives Touristenziel geblieben: An seinen Ufern findet man unschwer verlassene und unerforschte Buchten und in den D\u00f6rfern kann man noch die Atmosph\u00e4re der alten Fischerd\u00f6rfer einatmen. <\/p>\n<p>Um auch den anspruchsvollsten Touristen zufrieden zu stellen, fehlt es nicht an einer ausgezeichneten Infrastruktur, und Veranstaltungen und kulturelle Ereignisse pr\u00e4gen sowohl die Sommer- als auch die Wintersaison.<\/p>\n<\/div><\/div><\/div><div class=\"fusion-layout-column fusion_builder_column fusion-builder-column-4 fusion_builder_column_1_2 1_2 fusion-flex-column\" style=\"--awb-bg-position:center center;--awb-bg-size:cover;--awb-width-large:50%;--awb-margin-top-large:0px;--awb-spacing-right-large:0%;--awb-margin-bottom-large:0px;--awb-spacing-left-large:0%;--awb-width-medium:50%;--awb-order-medium:0;--awb-spacing-right-medium:0%;--awb-spacing-left-medium:0%;--awb-width-small:100%;--awb-order-small:0;--awb-spacing-right-small:1.92%;--awb-spacing-left-small:1.92%;\" data-scroll-devices=\"small-visibility,medium-visibility,large-visibility\"><div class=\"fusion-column-wrapper lazyload fusion-column-has-shadow fusion-flex-justify-content-flex-start fusion-content-layout-column fusion-empty-column-bg-image fusion-column-has-bg-image\" data-bg-url=\"https:\/\/borgoparadiso.it\/wp-content\/uploads\/2024\/06\/BORGO-PARADISO-PAESAGGIO-scaled.jpg\" data-bg=\"https:\/\/borgoparadiso.it\/wp-content\/uploads\/2024\/06\/BORGO-PARADISO-PAESAGGIO-scaled.jpg\"><img decoding=\"async\" class=\"fusion-empty-dims-img-placeholder fusion-no-large-visibility fusion-no-medium-visibility\" aria-label=\"BORGO PARADISO PAESAGGIO\" src=\"data:image\/svg+xml,%3Csvg%20xmlns%3D%27http%3A%2F%2Fwww.w3.org%2F2000%2Fsvg%27%20width%3D%272560%27%20height%3D%271920%27%20viewBox%3D%270%200%202560%201920%27%3E%3Crect%20width%3D%272560%27%20height%3D%271920%27%20fill-opacity%3D%220%22%2F%3E%3C%2Fsvg%3E\"><\/div><\/div><\/div><\/div><\/p>\n","protected":false},"excerpt":{"rendered":"","protected":false},"author":1,"featured_media":1609,"parent":0,"menu_order":0,"comment_status":"closed","ping_status":"closed","template":"100-width.php","meta":{"footnotes":""},"class_list":["post-1608","page","type-page","status-publish","has-post-thumbnail","hentry"],"yoast_head":"<!-- This site is optimized with the Yoast SEO plugin v27.3 - https:\/\/yoast.com\/product\/yoast-seo-wordpress\/ -->\n<title>Territorium - Borgo Paradiso<\/title>\n<meta name=\"description\" content=\"Il Lago Maggiore, tra Lombardia, Piemonte e Svizzera, \u00e8 una gemma storica e paesaggistica. Famoso per le sue ville storiche e giardini. Scopri\" \/>\n<meta name=\"robots\" content=\"index, follow, max-snippet:-1, max-image-preview:large, max-video-preview:-1\" \/>\n<link rel=\"canonical\" href=\"https:\/\/borgoparadiso.it\/de\/territorium\/\" \/>\n<meta property=\"og:locale\" content=\"de_DE\" \/>\n<meta property=\"og:type\" content=\"article\" \/>\n<meta property=\"og:title\" content=\"Territorium - Borgo Paradiso\" \/>\n<meta property=\"og:description\" content=\"Il Lago Maggiore, tra Lombardia, Piemonte e Svizzera, \u00e8 una gemma storica e paesaggistica. Famoso per le sue ville storiche e giardini. Scopri\" \/>\n<meta property=\"og:url\" content=\"https:\/\/borgoparadiso.it\/de\/territorium\/\" \/>\n<meta property=\"og:site_name\" content=\"Borgo Paradiso\" \/>\n<meta property=\"article:publisher\" content=\"https:\/\/www.facebook.com\/profile.php?id=100063970243550\" \/>\n<meta property=\"article:modified_time\" content=\"2025-01-07T11:10:18+00:00\" \/>\n<meta property=\"og:image\" content=\"https:\/\/borgoparadiso.it\/wp-content\/uploads\/2024\/06\/BORGO-PARADISO-TERRITORIO-SANTA-CATERINA.jpg\" \/>\n\t<meta property=\"og:image:width\" content=\"800\" \/>\n\t<meta property=\"og:image:height\" content=\"449\" \/>\n\t<meta property=\"og:image:type\" content=\"image\/jpeg\" \/>\n<meta name=\"twitter:card\" content=\"summary_large_image\" \/>\n<meta name=\"twitter:label1\" content=\"Gesch\u00e4tzte Lesezeit\" \/>\n\t<meta name=\"twitter:data1\" content=\"2\u00a0Minuten\" \/>\n<script type=\"application\/ld+json\" class=\"yoast-schema-graph\">{\"@context\":\"https:\\\/\\\/schema.org\",\"@graph\":[{\"@type\":\"WebPage\",\"@id\":\"https:\\\/\\\/borgoparadiso.it\\\/de\\\/territorium\\\/\",\"url\":\"https:\\\/\\\/borgoparadiso.it\\\/de\\\/territorium\\\/\",\"name\":\"Territorium - Borgo Paradiso\",\"isPartOf\":{\"@id\":\"https:\\\/\\\/borgoparadiso.it\\\/de\\\/#website\"},\"primaryImageOfPage\":{\"@id\":\"https:\\\/\\\/borgoparadiso.it\\\/de\\\/territorium\\\/#primaryimage\"},\"image\":{\"@id\":\"https:\\\/\\\/borgoparadiso.it\\\/de\\\/territorium\\\/#primaryimage\"},\"thumbnailUrl\":\"https:\\\/\\\/borgoparadiso.it\\\/wp-content\\\/uploads\\\/2024\\\/06\\\/BORGO-PARADISO-TERRITORIO-SANTA-CATERINA.jpg\",\"datePublished\":\"2020-11-03T13:11:12+00:00\",\"dateModified\":\"2025-01-07T11:10:18+00:00\",\"description\":\"Il Lago Maggiore, tra Lombardia, Piemonte e Svizzera, \u00e8 una gemma storica e paesaggistica. Famoso per le sue ville storiche e giardini. Scopri\",\"breadcrumb\":{\"@id\":\"https:\\\/\\\/borgoparadiso.it\\\/de\\\/territorium\\\/#breadcrumb\"},\"inLanguage\":\"de\",\"potentialAction\":[{\"@type\":\"ReadAction\",\"target\":[\"https:\\\/\\\/borgoparadiso.it\\\/de\\\/territorium\\\/\"]}]},{\"@type\":\"ImageObject\",\"inLanguage\":\"de\",\"@id\":\"https:\\\/\\\/borgoparadiso.it\\\/de\\\/territorium\\\/#primaryimage\",\"url\":\"https:\\\/\\\/borgoparadiso.it\\\/wp-content\\\/uploads\\\/2024\\\/06\\\/BORGO-PARADISO-TERRITORIO-SANTA-CATERINA.jpg\",\"contentUrl\":\"https:\\\/\\\/borgoparadiso.it\\\/wp-content\\\/uploads\\\/2024\\\/06\\\/BORGO-PARADISO-TERRITORIO-SANTA-CATERINA.jpg\",\"width\":800,\"height\":449},{\"@type\":\"BreadcrumbList\",\"@id\":\"https:\\\/\\\/borgoparadiso.it\\\/de\\\/territorium\\\/#breadcrumb\",\"itemListElement\":[{\"@type\":\"ListItem\",\"position\":1,\"name\":\"Home\",\"item\":\"https:\\\/\\\/borgoparadiso.it\\\/de\\\/\"},{\"@type\":\"ListItem\",\"position\":2,\"name\":\"Territorium\"}]},{\"@type\":\"WebSite\",\"@id\":\"https:\\\/\\\/borgoparadiso.it\\\/de\\\/#website\",\"url\":\"https:\\\/\\\/borgoparadiso.it\\\/de\\\/\",\"name\":\"Borgo Paradiso\",\"description\":\"Bed and Breakfast sul Lago Maggiore\",\"publisher\":{\"@id\":\"https:\\\/\\\/borgoparadiso.it\\\/de\\\/#organization\"},\"potentialAction\":[{\"@type\":\"SearchAction\",\"target\":{\"@type\":\"EntryPoint\",\"urlTemplate\":\"https:\\\/\\\/borgoparadiso.it\\\/de\\\/?s={search_term_string}\"},\"query-input\":{\"@type\":\"PropertyValueSpecification\",\"valueRequired\":true,\"valueName\":\"search_term_string\"}}],\"inLanguage\":\"de\"},{\"@type\":\"Organization\",\"@id\":\"https:\\\/\\\/borgoparadiso.it\\\/de\\\/#organization\",\"name\":\"Borgo Paradiso\",\"url\":\"https:\\\/\\\/borgoparadiso.it\\\/de\\\/\",\"logo\":{\"@type\":\"ImageObject\",\"inLanguage\":\"de\",\"@id\":\"https:\\\/\\\/borgoparadiso.it\\\/de\\\/#\\\/schema\\\/logo\\\/image\\\/\",\"url\":\"https:\\\/\\\/borgoparadiso.it\\\/wp-content\\\/uploads\\\/2024\\\/07\\\/BORGOPARADISO-LOGO-HEADER.png\",\"contentUrl\":\"https:\\\/\\\/borgoparadiso.it\\\/wp-content\\\/uploads\\\/2024\\\/07\\\/BORGOPARADISO-LOGO-HEADER.png\",\"width\":127,\"height\":100,\"caption\":\"Borgo Paradiso\"},\"image\":{\"@id\":\"https:\\\/\\\/borgoparadiso.it\\\/de\\\/#\\\/schema\\\/logo\\\/image\\\/\"},\"sameAs\":[\"https:\\\/\\\/www.facebook.com\\\/profile.php?id=100063970243550\",\"https:\\\/\\\/www.youtube.com\\\/channel\\\/UChetuflJjizaKjCOubdoTiw\"]}]}<\/script>\n<!-- \/ Yoast SEO plugin. -->","yoast_head_json":{"title":"Territorium - Borgo Paradiso","description":"Il Lago Maggiore, tra Lombardia, Piemonte e Svizzera, \u00e8 una gemma storica e paesaggistica. Famoso per le sue ville storiche e giardini. Scopri","robots":{"index":"index","follow":"follow","max-snippet":"max-snippet:-1","max-image-preview":"max-image-preview:large","max-video-preview":"max-video-preview:-1"},"canonical":"https:\/\/borgoparadiso.it\/de\/territorium\/","og_locale":"de_DE","og_type":"article","og_title":"Territorium - Borgo Paradiso","og_description":"Il Lago Maggiore, tra Lombardia, Piemonte e Svizzera, \u00e8 una gemma storica e paesaggistica. Famoso per le sue ville storiche e giardini. Scopri","og_url":"https:\/\/borgoparadiso.it\/de\/territorium\/","og_site_name":"Borgo Paradiso","article_publisher":"https:\/\/www.facebook.com\/profile.php?id=100063970243550","article_modified_time":"2025-01-07T11:10:18+00:00","og_image":[{"width":800,"height":449,"url":"https:\/\/borgoparadiso.it\/wp-content\/uploads\/2024\/06\/BORGO-PARADISO-TERRITORIO-SANTA-CATERINA.jpg","type":"image\/jpeg"}],"twitter_card":"summary_large_image","twitter_misc":{"Gesch\u00e4tzte Lesezeit":"2\u00a0Minuten"},"schema":{"@context":"https:\/\/schema.org","@graph":[{"@type":"WebPage","@id":"https:\/\/borgoparadiso.it\/de\/territorium\/","url":"https:\/\/borgoparadiso.it\/de\/territorium\/","name":"Territorium - Borgo Paradiso","isPartOf":{"@id":"https:\/\/borgoparadiso.it\/de\/#website"},"primaryImageOfPage":{"@id":"https:\/\/borgoparadiso.it\/de\/territorium\/#primaryimage"},"image":{"@id":"https:\/\/borgoparadiso.it\/de\/territorium\/#primaryimage"},"thumbnailUrl":"https:\/\/borgoparadiso.it\/wp-content\/uploads\/2024\/06\/BORGO-PARADISO-TERRITORIO-SANTA-CATERINA.jpg","datePublished":"2020-11-03T13:11:12+00:00","dateModified":"2025-01-07T11:10:18+00:00","description":"Il Lago Maggiore, tra Lombardia, Piemonte e Svizzera, \u00e8 una gemma storica e paesaggistica. Famoso per le sue ville storiche e giardini. Scopri","breadcrumb":{"@id":"https:\/\/borgoparadiso.it\/de\/territorium\/#breadcrumb"},"inLanguage":"de","potentialAction":[{"@type":"ReadAction","target":["https:\/\/borgoparadiso.it\/de\/territorium\/"]}]},{"@type":"ImageObject","inLanguage":"de","@id":"https:\/\/borgoparadiso.it\/de\/territorium\/#primaryimage","url":"https:\/\/borgoparadiso.it\/wp-content\/uploads\/2024\/06\/BORGO-PARADISO-TERRITORIO-SANTA-CATERINA.jpg","contentUrl":"https:\/\/borgoparadiso.it\/wp-content\/uploads\/2024\/06\/BORGO-PARADISO-TERRITORIO-SANTA-CATERINA.jpg","width":800,"height":449},{"@type":"BreadcrumbList","@id":"https:\/\/borgoparadiso.it\/de\/territorium\/#breadcrumb","itemListElement":[{"@type":"ListItem","position":1,"name":"Home","item":"https:\/\/borgoparadiso.it\/de\/"},{"@type":"ListItem","position":2,"name":"Territorium"}]},{"@type":"WebSite","@id":"https:\/\/borgoparadiso.it\/de\/#website","url":"https:\/\/borgoparadiso.it\/de\/","name":"Borgo Paradiso","description":"Bed and Breakfast sul Lago Maggiore","publisher":{"@id":"https:\/\/borgoparadiso.it\/de\/#organization"},"potentialAction":[{"@type":"SearchAction","target":{"@type":"EntryPoint","urlTemplate":"https:\/\/borgoparadiso.it\/de\/?s={search_term_string}"},"query-input":{"@type":"PropertyValueSpecification","valueRequired":true,"valueName":"search_term_string"}}],"inLanguage":"de"},{"@type":"Organization","@id":"https:\/\/borgoparadiso.it\/de\/#organization","name":"Borgo Paradiso","url":"https:\/\/borgoparadiso.it\/de\/","logo":{"@type":"ImageObject","inLanguage":"de","@id":"https:\/\/borgoparadiso.it\/de\/#\/schema\/logo\/image\/","url":"https:\/\/borgoparadiso.it\/wp-content\/uploads\/2024\/07\/BORGOPARADISO-LOGO-HEADER.png","contentUrl":"https:\/\/borgoparadiso.it\/wp-content\/uploads\/2024\/07\/BORGOPARADISO-LOGO-HEADER.png","width":127,"height":100,"caption":"Borgo Paradiso"},"image":{"@id":"https:\/\/borgoparadiso.it\/de\/#\/schema\/logo\/image\/"},"sameAs":["https:\/\/www.facebook.com\/profile.php?id=100063970243550","https:\/\/www.youtube.com\/channel\/UChetuflJjizaKjCOubdoTiw"]}]}},"_links":{"self":[{"href":"https:\/\/borgoparadiso.it\/de\/wp-json\/wp\/v2\/pages\/1608","targetHints":{"allow":["GET"]}}],"collection":[{"href":"https:\/\/borgoparadiso.it\/de\/wp-json\/wp\/v2\/pages"}],"about":[{"href":"https:\/\/borgoparadiso.it\/de\/wp-json\/wp\/v2\/types\/page"}],"author":[{"embeddable":true,"href":"https:\/\/borgoparadiso.it\/de\/wp-json\/wp\/v2\/users\/1"}],"replies":[{"embeddable":true,"href":"https:\/\/borgoparadiso.it\/de\/wp-json\/wp\/v2\/comments?post=1608"}],"version-history":[{"count":6,"href":"https:\/\/borgoparadiso.it\/de\/wp-json\/wp\/v2\/pages\/1608\/revisions"}],"predecessor-version":[{"id":2037,"href":"https:\/\/borgoparadiso.it\/de\/wp-json\/wp\/v2\/pages\/1608\/revisions\/2037"}],"wp:featuredmedia":[{"embeddable":true,"href":"https:\/\/borgoparadiso.it\/de\/wp-json\/wp\/v2\/media\/1609"}],"wp:attachment":[{"href":"https:\/\/borgoparadiso.it\/de\/wp-json\/wp\/v2\/media?parent=1608"}],"curies":[{"name":"wp","href":"https:\/\/api.w.org\/{rel}","templated":true}]}}