{"id":1616,"date":"2024-06-24T13:16:22","date_gmt":"2024-06-24T13:16:22","guid":{"rendered":"https:\/\/borgoparadiso.it\/arte-e-cultura\/"},"modified":"2024-10-28T08:08:05","modified_gmt":"2024-10-28T08:08:05","slug":"kunst-und-kultur","status":"publish","type":"page","link":"https:\/\/borgoparadiso.it\/de\/kunst-und-kultur\/","title":{"rendered":"Kunst und kultur"},"content":{"rendered":"<p><div class=\"fusion-fullwidth fullwidth-box fusion-builder-row-1 fusion-flex-container has-pattern-background has-mask-background fusion-parallax-none nonhundred-percent-fullwidth non-hundred-percent-height-scrolling lazyload fusion-custom-z-index\" style=\"--awb-border-radius-top-left:0px;--awb-border-radius-top-right:0px;--awb-border-radius-bottom-right:0px;--awb-border-radius-bottom-left:0px;--awb-z-index:0;--awb-padding-top:220px;--awb-padding-bottom:220px;--awb-padding-top-small:100px;--awb-padding-bottom-small:100px;--awb-background-image:linear-gradient(180deg, hsla(var(--awb-color3-h),var(--awb-color3-s),calc( var(--awb-color3-l) - 89% ),calc( var(--awb-color3-a) - 5% )) 0%,rgba(255,255,255,0) 92%);;--awb-background-size:cover;--awb-flex-wrap:wrap;\" data-bg=\"https:\/\/borgoparadiso.it\/wp-content\/uploads\/2024\/06\/BORGO-PARADISO-arte.jpg\" data-bg-gradient=\"linear-gradient(180deg, hsla(var(--awb-color3-h),var(--awb-color3-s),calc( var(--awb-color3-l) - 89% ),calc( var(--awb-color3-a) - 5% )) 0%,rgba(255,255,255,0) 92%)\" ><div class=\"fusion-builder-row fusion-row fusion-flex-align-items-flex-start fusion-flex-content-wrap\" style=\"max-width:1248px;margin-left: calc(-4% \/ 2 );margin-right: calc(-4% \/ 2 );\"><div class=\"fusion-layout-column fusion_builder_column fusion-builder-column-0 fusion_builder_column_1_1 1_1 fusion-flex-column\" style=\"--awb-bg-size:cover;--awb-width-large:100%;--awb-margin-top-large:0px;--awb-spacing-right-large:1.92%;--awb-margin-bottom-large:20px;--awb-spacing-left-large:1.92%;--awb-width-medium:100%;--awb-order-medium:0;--awb-spacing-right-medium:1.92%;--awb-spacing-left-medium:1.92%;--awb-width-small:100%;--awb-order-small:0;--awb-spacing-right-small:1.92%;--awb-spacing-left-small:1.92%;\"><div class=\"fusion-column-wrapper fusion-column-has-shadow fusion-flex-justify-content-flex-start fusion-content-layout-column\"><div class=\"fusion-text fusion-text-1\" style=\"--awb-content-alignment:center;--awb-font-size:var(--awb-typography2-font-size);--awb-line-height:var(--awb-typography2-line-height);--awb-letter-spacing:var(--awb-typography2-letter-spacing);--awb-text-transform:var(--awb-typography2-text-transform);--awb-text-color:var(--awb-color1);--awb-text-font-family:var(--awb-typography2-font-family);--awb-text-font-weight:var(--awb-typography2-font-weight);--awb-text-font-style:var(--awb-typography2-font-style);\"><p>Borgo Paradiso<\/p>\n<\/div><div class=\"fusion-title title fusion-title-1 fusion-sep-none fusion-title-center fusion-title-text fusion-title-size-one\" style=\"--awb-text-color:var(--awb-color1);--awb-margin-top:-20px;--awb-margin-bottom:20px;--awb-margin-top-small:10px;--awb-margin-right-small:0px;--awb-margin-bottom-small:10px;--awb-margin-left-small:0px;--awb-font-size:60px;\"><h1 class=\"fusion-title-heading title-heading-center\" style=\"margin:0;text-transform:capitalize;font-size:1em;line-height:1em;\">KUNST UND KULTUR<\/h1><\/div><\/div><\/div><\/div><\/div><div class=\"fusion-fullwidth fullwidth-box fusion-builder-row-2 fusion-flex-container hundred-percent-fullwidth non-hundred-percent-height-scrolling\" style=\"--awb-border-radius-top-left:0px;--awb-border-radius-top-right:0px;--awb-border-radius-bottom-right:0px;--awb-border-radius-bottom-left:0px;--awb-padding-right:0px;--awb-padding-left:0px;--awb-flex-wrap:wrap;\" ><div class=\"fusion-builder-row fusion-row fusion-flex-align-items-stretch fusion-flex-content-wrap\" style=\"width:104% !important;max-width:104% !important;margin-left: calc(-4% \/ 2 );margin-right: calc(-4% \/ 2 );\"><div class=\"fusion-layout-column fusion_builder_column fusion-builder-column-1 fusion_builder_column_1_2 1_2 fusion-flex-column\" style=\"--awb-bg-position:left center;--awb-bg-size:cover;--awb-width-large:50%;--awb-margin-top-large:0px;--awb-spacing-right-large:0%;--awb-margin-bottom-large:0px;--awb-spacing-left-large:3.84%;--awb-width-medium:50%;--awb-order-medium:0;--awb-spacing-right-medium:0%;--awb-spacing-left-medium:3.84%;--awb-width-small:100%;--awb-order-small:1;--awb-spacing-right-small:1.92%;--awb-spacing-left-small:1.92%;\" data-scroll-devices=\"small-visibility,medium-visibility,large-visibility\"><div class=\"fusion-column-wrapper lazyload fusion-column-has-shadow fusion-flex-justify-content-flex-start fusion-content-layout-column fusion-empty-column-bg-image fusion-column-has-bg-image\" data-bg-url=\"https:\/\/borgoparadiso.it\/wp-content\/uploads\/2024\/06\/Castello-Visconteo-di-Locarno.jpeg\" data-bg=\"https:\/\/borgoparadiso.it\/wp-content\/uploads\/2024\/06\/Castello-Visconteo-di-Locarno.jpeg\"><img decoding=\"async\" class=\"fusion-empty-dims-img-placeholder fusion-no-large-visibility fusion-no-medium-visibility\" aria-label=\"Castello Visconteo di Locarno\" src=\"data:image\/svg+xml,%3Csvg%20xmlns%3D%27http%3A%2F%2Fwww.w3.org%2F2000%2Fsvg%27%20width%3D%271920%27%20height%3D%271080%27%20viewBox%3D%270%200%201920%201080%27%3E%3Crect%20width%3D%271920%27%20height%3D%271080%27%20fill-opacity%3D%220%22%2F%3E%3C%2Fsvg%3E\"><\/div><\/div><div class=\"fusion-layout-column fusion_builder_column fusion-builder-column-2 fusion_builder_column_1_2 1_2 fusion-flex-column\" style=\"--awb-padding-top:100px;--awb-padding-right:60px;--awb-padding-bottom:100px;--awb-padding-left:60px;--awb-bg-size:cover;--awb-width-large:50%;--awb-margin-top-large:0px;--awb-spacing-right-large:3.84%;--awb-margin-bottom-large:0px;--awb-spacing-left-large:0%;--awb-width-medium:50%;--awb-order-medium:0;--awb-spacing-right-medium:3.84%;--awb-spacing-left-medium:0%;--awb-width-small:100%;--awb-order-small:0;--awb-spacing-right-small:1.92%;--awb-spacing-left-small:1.92%;\"><div class=\"fusion-column-wrapper fusion-column-has-shadow fusion-flex-justify-content-flex-start fusion-content-layout-column\"><div class=\"fusion-title title fusion-title-2 fusion-sep-none fusion-title-text fusion-title-size-one\" style=\"--awb-text-color:var(--awb-color8);--awb-margin-top:-20px;--awb-margin-bottom:20px;--awb-margin-top-small:10px;--awb-margin-right-small:0px;--awb-margin-bottom-small:10px;--awb-margin-left-small:0px;--awb-font-size:60px;\"><h1 class=\"fusion-title-heading title-heading-left sm-text-align-center\" style=\"margin:0;text-transform:capitalize;font-size:1em;line-height:1em;\">Der Lago Maggiore<\/h1><\/div><div class=\"fusion-text fusion-text-2 sm-text-align-center\"><p>Der Lago Maggiore ist nicht nur ein Naturwunder, sondern auch ein reiches Schatzk\u00e4stchen der Kunst und Kultur. Seine jahrtausendealte Geschichte hat deutliche Spuren hinterlassen, die den See zu einem unverzichtbaren Ziel f\u00fcr Liebhaber des k\u00fcnstlerischen und kulturellen Erbes machen.<\/p>\n<p><strong>Historische Villen und G\u00e4rten<\/strong><br \/>\nDer Lago Maggiore ist ber\u00fchmt f\u00fcr seine pr\u00e4chtigen historischen Villen, die zwischen dem 18. und 19. Jahrhundert erbaut wurden. Diese Residenzen, umgeben von \u00fcppigen G\u00e4rten, bieten einen Einblick in die aristokratische Vergangenheit der Region. Zu den bekanntesten z\u00e4hlen die Villa Taranto mit ihren botanischen G\u00e4rten und die Villa Pallavicino, die einen zoologischen und botanischen Park beherbergt.<\/p>\n<p><strong>Burgen und Schl\u00f6sser <\/strong><br \/>\nDie g\u00fcnstige Lage des Sees, der seit der Antike ein Transit- und Handelsort war, f\u00fchrte zum Bau zahlreicher Burgen und Schl\u00f6sser. Die Borrom\u00e4ische Festung von Angera und das Visconti-Schloss von Locarno sind nur zwei Beispiele f\u00fcr die Festungen, die auch heute noch die Landschaft pr\u00e4gen und stumme Zeugen vergangener Epochen sind.<\/p>\n<\/div><\/div><\/div><\/div><\/div><div class=\"fusion-fullwidth fullwidth-box fusion-builder-row-3 fusion-flex-container hundred-percent-fullwidth non-hundred-percent-height-scrolling\" style=\"--awb-border-radius-top-left:0px;--awb-border-radius-top-right:0px;--awb-border-radius-bottom-right:0px;--awb-border-radius-bottom-left:0px;--awb-padding-right:0px;--awb-padding-left:0px;--awb-flex-wrap:wrap;\" ><div class=\"fusion-builder-row fusion-row fusion-flex-align-items-stretch fusion-flex-content-wrap\" style=\"width:104% !important;max-width:104% !important;margin-left: calc(-4% \/ 2 );margin-right: calc(-4% \/ 2 );\"><div class=\"fusion-layout-column fusion_builder_column fusion-builder-column-3 fusion_builder_column_1_2 1_2 fusion-flex-column\" style=\"--awb-padding-top:100px;--awb-padding-right:60px;--awb-padding-bottom:100px;--awb-padding-left:60px;--awb-bg-size:cover;--awb-width-large:50%;--awb-margin-top-large:0px;--awb-spacing-right-large:0%;--awb-margin-bottom-large:0px;--awb-spacing-left-large:3.84%;--awb-width-medium:50%;--awb-order-medium:0;--awb-spacing-right-medium:0%;--awb-spacing-left-medium:3.84%;--awb-width-small:100%;--awb-order-small:0;--awb-spacing-right-small:1.92%;--awb-spacing-left-small:1.92%;\"><div class=\"fusion-column-wrapper fusion-column-has-shadow fusion-flex-justify-content-flex-start fusion-content-layout-column\"><div class=\"fusion-title title fusion-title-3 fusion-sep-none fusion-title-text fusion-title-size-one\" style=\"--awb-text-color:var(--awb-color8);--awb-margin-top:-20px;--awb-margin-bottom:20px;--awb-margin-top-small:10px;--awb-margin-right-small:0px;--awb-margin-bottom-small:10px;--awb-margin-left-small:0px;--awb-font-size:60px;\"><h1 class=\"fusion-title-heading title-heading-left sm-text-align-center\" style=\"margin:0;text-transform:capitalize;font-size:1em;line-height:1em;\">Museen und Kunstgalerien<\/h1><\/div><div class=\"fusion-text fusion-text-3 sm-text-align-center\"><p>Das Gebiet um den Lago Maggiore beherbergt zahlreiche Museen und Kunstgalerien. Das Museo del Paesaggio in Verbania bietet Sammlungen von Skulpturen, Gem\u00e4lden und Keramiken, die die nat\u00fcrliche und k\u00fcnstlerische Sch\u00f6nheit der Region feiern. Ein weiteres Juwel ist das Internationale Museum f\u00fcr Keramikdesign in Laveno-Mombello, das der Kunst der Keramik gewidmet ist. <\/p>\n<p><strong>Kulturelle Veranstaltungen<\/strong><br \/>\nIm Laufe des Jahres ist der Lago Maggiore Schauplatz zahlreicher kultureller Veranstaltungen, die Besucher aus aller Welt anziehen. Musikfestivals, Filmvorf\u00fchrungen, Kunstausstellungen und Theaterauff\u00fchrungen beleben die St\u00e4dte und D\u00f6rfer entlang des Sees. Zu den bekanntesten Veranstaltungen z\u00e4hlt das Stresa Festival, das klassische Musikkonzerte in atemberaubenden Kulissen bietet. <\/p>\n<p><strong>Historische und Literarische Wege<\/strong><br \/>\nDer Lago Maggiore hat im Laufe der Jahrhunderte zahlreiche Schriftsteller und K\u00fcnstler inspiriert. Die historischen und literarischen Wege erm\u00f6glichen es Ihnen, den Spuren ber\u00fchmter Pers\u00f6nlichkeiten wie Ernest Hemingway zu folgen, der einen Teil seines Romans \"In einem anderen Land\" in diesen Gegenden ansiedelte.<\/p>\n<\/div><\/div><\/div><div class=\"fusion-layout-column fusion_builder_column fusion-builder-column-4 fusion_builder_column_1_2 1_2 fusion-flex-column\" style=\"--awb-bg-position:center center;--awb-bg-size:cover;--awb-width-large:50%;--awb-margin-top-large:0px;--awb-spacing-right-large:0%;--awb-margin-bottom-large:0px;--awb-spacing-left-large:0%;--awb-width-medium:50%;--awb-order-medium:0;--awb-spacing-right-medium:0%;--awb-spacing-left-medium:0%;--awb-width-small:100%;--awb-order-small:0;--awb-spacing-right-small:1.92%;--awb-spacing-left-small:1.92%;\" data-scroll-devices=\"small-visibility,medium-visibility,large-visibility\"><div class=\"fusion-column-wrapper lazyload fusion-column-has-shadow fusion-flex-justify-content-flex-start fusion-content-layout-column fusion-empty-column-bg-image fusion-column-has-bg-image\" data-bg-url=\"https:\/\/borgoparadiso.it\/wp-content\/uploads\/2024\/06\/stresa-festival-foto-di-Lorenzo-Di-Nozzi.jpg\" data-bg=\"https:\/\/borgoparadiso.it\/wp-content\/uploads\/2024\/06\/stresa-festival-foto-di-Lorenzo-Di-Nozzi.jpg\"><img decoding=\"async\" class=\"fusion-empty-dims-img-placeholder fusion-no-large-visibility fusion-no-medium-visibility\" aria-label=\"stresa-festival-foto-di-Lorenzo-Di-Nozzi\" src=\"data:image\/svg+xml,%3Csvg%20xmlns%3D%27http%3A%2F%2Fwww.w3.org%2F2000%2Fsvg%27%20width%3D%271500%27%20height%3D%27998%27%20viewBox%3D%270%200%201500%20998%27%3E%3Crect%20width%3D%271500%27%20height%3D%27998%27%20fill-opacity%3D%220%22%2F%3E%3C%2Fsvg%3E\"><\/div><\/div><\/div><\/div><\/p>\n","protected":false},"excerpt":{"rendered":"","protected":false},"author":1,"featured_media":1609,"parent":0,"menu_order":0,"comment_status":"closed","ping_status":"closed","template":"100-width.php","meta":{"footnotes":""},"class_list":["post-1616","page","type-page","status-publish","has-post-thumbnail","hentry"],"yoast_head":"<!-- This site is optimized with the Yoast SEO plugin v27.3 - https:\/\/yoast.com\/product\/yoast-seo-wordpress\/ -->\n<title>Kunst und kultur sul Lago Maggiore - Borgo Paradiso<\/title>\n<meta name=\"description\" content=\"Il Lago Maggiore non \u00e8 solo una meraviglia naturale, ma anche uno scrigno di arte e cultura per gli amanti del patrimonio culturale\" \/>\n<meta name=\"robots\" content=\"index, follow, max-snippet:-1, max-image-preview:large, max-video-preview:-1\" \/>\n<link rel=\"canonical\" href=\"https:\/\/borgoparadiso.it\/de\/kunst-und-kultur\/\" \/>\n<meta property=\"og:locale\" content=\"de_DE\" \/>\n<meta property=\"og:type\" content=\"article\" \/>\n<meta property=\"og:title\" content=\"Kunst und kultur sul Lago Maggiore - Borgo Paradiso\" \/>\n<meta property=\"og:description\" content=\"Il Lago Maggiore non \u00e8 solo una meraviglia naturale, ma anche uno scrigno di arte e cultura per gli amanti del patrimonio culturale\" \/>\n<meta property=\"og:url\" content=\"https:\/\/borgoparadiso.it\/de\/kunst-und-kultur\/\" \/>\n<meta property=\"og:site_name\" content=\"Borgo Paradiso\" \/>\n<meta property=\"article:publisher\" content=\"https:\/\/www.facebook.com\/profile.php?id=100063970243550\" \/>\n<meta property=\"article:modified_time\" content=\"2024-10-28T08:08:05+00:00\" \/>\n<meta property=\"og:image\" content=\"https:\/\/borgoparadiso.it\/wp-content\/uploads\/2024\/06\/BORGO-PARADISO-TERRITORIO-SANTA-CATERINA.jpg\" \/>\n\t<meta property=\"og:image:width\" content=\"800\" \/>\n\t<meta property=\"og:image:height\" content=\"449\" \/>\n\t<meta property=\"og:image:type\" content=\"image\/jpeg\" \/>\n<meta name=\"twitter:card\" content=\"summary_large_image\" \/>\n<meta name=\"twitter:label1\" content=\"Gesch\u00e4tzte Lesezeit\" \/>\n\t<meta name=\"twitter:data1\" content=\"3\u00a0Minuten\" \/>\n<script type=\"application\/ld+json\" class=\"yoast-schema-graph\">{\"@context\":\"https:\\\/\\\/schema.org\",\"@graph\":[{\"@type\":\"WebPage\",\"@id\":\"https:\\\/\\\/borgoparadiso.it\\\/de\\\/kunst-und-kultur\\\/\",\"url\":\"https:\\\/\\\/borgoparadiso.it\\\/de\\\/kunst-und-kultur\\\/\",\"name\":\"Kunst und kultur sul Lago Maggiore - Borgo Paradiso\",\"isPartOf\":{\"@id\":\"https:\\\/\\\/borgoparadiso.it\\\/de\\\/#website\"},\"primaryImageOfPage\":{\"@id\":\"https:\\\/\\\/borgoparadiso.it\\\/de\\\/kunst-und-kultur\\\/#primaryimage\"},\"image\":{\"@id\":\"https:\\\/\\\/borgoparadiso.it\\\/de\\\/kunst-und-kultur\\\/#primaryimage\"},\"thumbnailUrl\":\"https:\\\/\\\/borgoparadiso.it\\\/wp-content\\\/uploads\\\/2024\\\/06\\\/BORGO-PARADISO-TERRITORIO-SANTA-CATERINA.jpg\",\"datePublished\":\"2024-06-24T13:16:22+00:00\",\"dateModified\":\"2024-10-28T08:08:05+00:00\",\"description\":\"Il Lago Maggiore non \u00e8 solo una meraviglia naturale, ma anche uno scrigno di arte e cultura per gli amanti del patrimonio culturale\",\"breadcrumb\":{\"@id\":\"https:\\\/\\\/borgoparadiso.it\\\/de\\\/kunst-und-kultur\\\/#breadcrumb\"},\"inLanguage\":\"de\",\"potentialAction\":[{\"@type\":\"ReadAction\",\"target\":[\"https:\\\/\\\/borgoparadiso.it\\\/de\\\/kunst-und-kultur\\\/\"]}]},{\"@type\":\"ImageObject\",\"inLanguage\":\"de\",\"@id\":\"https:\\\/\\\/borgoparadiso.it\\\/de\\\/kunst-und-kultur\\\/#primaryimage\",\"url\":\"https:\\\/\\\/borgoparadiso.it\\\/wp-content\\\/uploads\\\/2024\\\/06\\\/BORGO-PARADISO-TERRITORIO-SANTA-CATERINA.jpg\",\"contentUrl\":\"https:\\\/\\\/borgoparadiso.it\\\/wp-content\\\/uploads\\\/2024\\\/06\\\/BORGO-PARADISO-TERRITORIO-SANTA-CATERINA.jpg\",\"width\":800,\"height\":449},{\"@type\":\"BreadcrumbList\",\"@id\":\"https:\\\/\\\/borgoparadiso.it\\\/de\\\/kunst-und-kultur\\\/#breadcrumb\",\"itemListElement\":[{\"@type\":\"ListItem\",\"position\":1,\"name\":\"Home\",\"item\":\"https:\\\/\\\/borgoparadiso.it\\\/de\\\/\"},{\"@type\":\"ListItem\",\"position\":2,\"name\":\"Kunst und kultur\"}]},{\"@type\":\"WebSite\",\"@id\":\"https:\\\/\\\/borgoparadiso.it\\\/de\\\/#website\",\"url\":\"https:\\\/\\\/borgoparadiso.it\\\/de\\\/\",\"name\":\"Borgo Paradiso\",\"description\":\"Bed and Breakfast sul Lago Maggiore\",\"publisher\":{\"@id\":\"https:\\\/\\\/borgoparadiso.it\\\/de\\\/#organization\"},\"potentialAction\":[{\"@type\":\"SearchAction\",\"target\":{\"@type\":\"EntryPoint\",\"urlTemplate\":\"https:\\\/\\\/borgoparadiso.it\\\/de\\\/?s={search_term_string}\"},\"query-input\":{\"@type\":\"PropertyValueSpecification\",\"valueRequired\":true,\"valueName\":\"search_term_string\"}}],\"inLanguage\":\"de\"},{\"@type\":\"Organization\",\"@id\":\"https:\\\/\\\/borgoparadiso.it\\\/de\\\/#organization\",\"name\":\"Borgo Paradiso\",\"url\":\"https:\\\/\\\/borgoparadiso.it\\\/de\\\/\",\"logo\":{\"@type\":\"ImageObject\",\"inLanguage\":\"de\",\"@id\":\"https:\\\/\\\/borgoparadiso.it\\\/de\\\/#\\\/schema\\\/logo\\\/image\\\/\",\"url\":\"https:\\\/\\\/borgoparadiso.it\\\/wp-content\\\/uploads\\\/2024\\\/07\\\/BORGOPARADISO-LOGO-HEADER.png\",\"contentUrl\":\"https:\\\/\\\/borgoparadiso.it\\\/wp-content\\\/uploads\\\/2024\\\/07\\\/BORGOPARADISO-LOGO-HEADER.png\",\"width\":127,\"height\":100,\"caption\":\"Borgo Paradiso\"},\"image\":{\"@id\":\"https:\\\/\\\/borgoparadiso.it\\\/de\\\/#\\\/schema\\\/logo\\\/image\\\/\"},\"sameAs\":[\"https:\\\/\\\/www.facebook.com\\\/profile.php?id=100063970243550\",\"https:\\\/\\\/www.youtube.com\\\/channel\\\/UChetuflJjizaKjCOubdoTiw\"]}]}<\/script>\n<!-- \/ Yoast SEO plugin. -->","yoast_head_json":{"title":"Kunst und kultur sul Lago Maggiore - Borgo Paradiso","description":"Il Lago Maggiore non \u00e8 solo una meraviglia naturale, ma anche uno scrigno di arte e cultura per gli amanti del patrimonio culturale","robots":{"index":"index","follow":"follow","max-snippet":"max-snippet:-1","max-image-preview":"max-image-preview:large","max-video-preview":"max-video-preview:-1"},"canonical":"https:\/\/borgoparadiso.it\/de\/kunst-und-kultur\/","og_locale":"de_DE","og_type":"article","og_title":"Kunst und kultur sul Lago Maggiore - Borgo Paradiso","og_description":"Il Lago Maggiore non \u00e8 solo una meraviglia naturale, ma anche uno scrigno di arte e cultura per gli amanti del patrimonio culturale","og_url":"https:\/\/borgoparadiso.it\/de\/kunst-und-kultur\/","og_site_name":"Borgo Paradiso","article_publisher":"https:\/\/www.facebook.com\/profile.php?id=100063970243550","article_modified_time":"2024-10-28T08:08:05+00:00","og_image":[{"width":800,"height":449,"url":"https:\/\/borgoparadiso.it\/wp-content\/uploads\/2024\/06\/BORGO-PARADISO-TERRITORIO-SANTA-CATERINA.jpg","type":"image\/jpeg"}],"twitter_card":"summary_large_image","twitter_misc":{"Gesch\u00e4tzte Lesezeit":"3\u00a0Minuten"},"schema":{"@context":"https:\/\/schema.org","@graph":[{"@type":"WebPage","@id":"https:\/\/borgoparadiso.it\/de\/kunst-und-kultur\/","url":"https:\/\/borgoparadiso.it\/de\/kunst-und-kultur\/","name":"Kunst und kultur sul Lago Maggiore - Borgo Paradiso","isPartOf":{"@id":"https:\/\/borgoparadiso.it\/de\/#website"},"primaryImageOfPage":{"@id":"https:\/\/borgoparadiso.it\/de\/kunst-und-kultur\/#primaryimage"},"image":{"@id":"https:\/\/borgoparadiso.it\/de\/kunst-und-kultur\/#primaryimage"},"thumbnailUrl":"https:\/\/borgoparadiso.it\/wp-content\/uploads\/2024\/06\/BORGO-PARADISO-TERRITORIO-SANTA-CATERINA.jpg","datePublished":"2024-06-24T13:16:22+00:00","dateModified":"2024-10-28T08:08:05+00:00","description":"Il Lago Maggiore non \u00e8 solo una meraviglia naturale, ma anche uno scrigno di arte e cultura per gli amanti del patrimonio culturale","breadcrumb":{"@id":"https:\/\/borgoparadiso.it\/de\/kunst-und-kultur\/#breadcrumb"},"inLanguage":"de","potentialAction":[{"@type":"ReadAction","target":["https:\/\/borgoparadiso.it\/de\/kunst-und-kultur\/"]}]},{"@type":"ImageObject","inLanguage":"de","@id":"https:\/\/borgoparadiso.it\/de\/kunst-und-kultur\/#primaryimage","url":"https:\/\/borgoparadiso.it\/wp-content\/uploads\/2024\/06\/BORGO-PARADISO-TERRITORIO-SANTA-CATERINA.jpg","contentUrl":"https:\/\/borgoparadiso.it\/wp-content\/uploads\/2024\/06\/BORGO-PARADISO-TERRITORIO-SANTA-CATERINA.jpg","width":800,"height":449},{"@type":"BreadcrumbList","@id":"https:\/\/borgoparadiso.it\/de\/kunst-und-kultur\/#breadcrumb","itemListElement":[{"@type":"ListItem","position":1,"name":"Home","item":"https:\/\/borgoparadiso.it\/de\/"},{"@type":"ListItem","position":2,"name":"Kunst und kultur"}]},{"@type":"WebSite","@id":"https:\/\/borgoparadiso.it\/de\/#website","url":"https:\/\/borgoparadiso.it\/de\/","name":"Borgo Paradiso","description":"Bed and Breakfast sul Lago Maggiore","publisher":{"@id":"https:\/\/borgoparadiso.it\/de\/#organization"},"potentialAction":[{"@type":"SearchAction","target":{"@type":"EntryPoint","urlTemplate":"https:\/\/borgoparadiso.it\/de\/?s={search_term_string}"},"query-input":{"@type":"PropertyValueSpecification","valueRequired":true,"valueName":"search_term_string"}}],"inLanguage":"de"},{"@type":"Organization","@id":"https:\/\/borgoparadiso.it\/de\/#organization","name":"Borgo Paradiso","url":"https:\/\/borgoparadiso.it\/de\/","logo":{"@type":"ImageObject","inLanguage":"de","@id":"https:\/\/borgoparadiso.it\/de\/#\/schema\/logo\/image\/","url":"https:\/\/borgoparadiso.it\/wp-content\/uploads\/2024\/07\/BORGOPARADISO-LOGO-HEADER.png","contentUrl":"https:\/\/borgoparadiso.it\/wp-content\/uploads\/2024\/07\/BORGOPARADISO-LOGO-HEADER.png","width":127,"height":100,"caption":"Borgo Paradiso"},"image":{"@id":"https:\/\/borgoparadiso.it\/de\/#\/schema\/logo\/image\/"},"sameAs":["https:\/\/www.facebook.com\/profile.php?id=100063970243550","https:\/\/www.youtube.com\/channel\/UChetuflJjizaKjCOubdoTiw"]}]}},"_links":{"self":[{"href":"https:\/\/borgoparadiso.it\/de\/wp-json\/wp\/v2\/pages\/1616","targetHints":{"allow":["GET"]}}],"collection":[{"href":"https:\/\/borgoparadiso.it\/de\/wp-json\/wp\/v2\/pages"}],"about":[{"href":"https:\/\/borgoparadiso.it\/de\/wp-json\/wp\/v2\/types\/page"}],"author":[{"embeddable":true,"href":"https:\/\/borgoparadiso.it\/de\/wp-json\/wp\/v2\/users\/1"}],"replies":[{"embeddable":true,"href":"https:\/\/borgoparadiso.it\/de\/wp-json\/wp\/v2\/comments?post=1616"}],"version-history":[{"count":3,"href":"https:\/\/borgoparadiso.it\/de\/wp-json\/wp\/v2\/pages\/1616\/revisions"}],"predecessor-version":[{"id":1741,"href":"https:\/\/borgoparadiso.it\/de\/wp-json\/wp\/v2\/pages\/1616\/revisions\/1741"}],"wp:featuredmedia":[{"embeddable":true,"href":"https:\/\/borgoparadiso.it\/de\/wp-json\/wp\/v2\/media\/1609"}],"wp:attachment":[{"href":"https:\/\/borgoparadiso.it\/de\/wp-json\/wp\/v2\/media?parent=1616"}],"curies":[{"name":"wp","href":"https:\/\/api.w.org\/{rel}","templated":true}]}}