{"id":1657,"date":"2024-06-24T13:47:25","date_gmt":"2024-06-24T13:47:25","guid":{"rendered":"https:\/\/borgoparadiso.it\/natura\/"},"modified":"2024-10-21T10:33:49","modified_gmt":"2024-10-21T10:33:49","slug":"natur","status":"publish","type":"page","link":"https:\/\/borgoparadiso.it\/de\/natur\/","title":{"rendered":"Natur"},"content":{"rendered":"<p><div class=\"fusion-fullwidth fullwidth-box fusion-builder-row-1 fusion-flex-container has-pattern-background has-mask-background fusion-parallax-none nonhundred-percent-fullwidth non-hundred-percent-height-scrolling lazyload fusion-custom-z-index\" style=\"--awb-border-radius-top-left:0px;--awb-border-radius-top-right:0px;--awb-border-radius-bottom-right:0px;--awb-border-radius-bottom-left:0px;--awb-z-index:0;--awb-padding-top:220px;--awb-padding-bottom:220px;--awb-padding-top-small:100px;--awb-padding-bottom-small:100px;--awb-background-image:linear-gradient(180deg, hsla(var(--awb-color3-h),var(--awb-color3-s),calc( var(--awb-color3-l) - 89% ),calc( var(--awb-color3-a) - 5% )) 0%,rgba(255,255,255,0) 92%);;--awb-background-size:cover;--awb-flex-wrap:wrap;\" data-bg=\"https:\/\/borgoparadiso.it\/wp-content\/uploads\/2024\/06\/Terre-Borromeo-Isola-Madre.jpg\" data-bg-gradient=\"linear-gradient(180deg, hsla(var(--awb-color3-h),var(--awb-color3-s),calc( var(--awb-color3-l) - 89% ),calc( var(--awb-color3-a) - 5% )) 0%,rgba(255,255,255,0) 92%)\" ><div class=\"fusion-builder-row fusion-row fusion-flex-align-items-flex-start fusion-flex-content-wrap\" style=\"max-width:1248px;margin-left: calc(-4% \/ 2 );margin-right: calc(-4% \/ 2 );\"><div class=\"fusion-layout-column fusion_builder_column fusion-builder-column-0 fusion_builder_column_1_1 1_1 fusion-flex-column\" style=\"--awb-bg-size:cover;--awb-width-large:100%;--awb-margin-top-large:0px;--awb-spacing-right-large:1.92%;--awb-margin-bottom-large:20px;--awb-spacing-left-large:1.92%;--awb-width-medium:100%;--awb-order-medium:0;--awb-spacing-right-medium:1.92%;--awb-spacing-left-medium:1.92%;--awb-width-small:100%;--awb-order-small:0;--awb-spacing-right-small:1.92%;--awb-spacing-left-small:1.92%;\"><div class=\"fusion-column-wrapper fusion-column-has-shadow fusion-flex-justify-content-flex-start fusion-content-layout-column\"><div class=\"fusion-text fusion-text-1\" style=\"--awb-content-alignment:center;--awb-font-size:var(--awb-typography2-font-size);--awb-line-height:var(--awb-typography2-line-height);--awb-letter-spacing:var(--awb-typography2-letter-spacing);--awb-text-transform:var(--awb-typography2-text-transform);--awb-text-color:var(--awb-color1);--awb-text-font-family:var(--awb-typography2-font-family);--awb-text-font-weight:var(--awb-typography2-font-weight);--awb-text-font-style:var(--awb-typography2-font-style);\"><p>Borgo Paradiso<\/p>\n<\/div><div class=\"fusion-title title fusion-title-1 fusion-sep-none fusion-title-center fusion-title-text fusion-title-size-one\" style=\"--awb-text-color:var(--awb-color1);--awb-margin-top:-20px;--awb-margin-bottom:20px;--awb-margin-top-small:10px;--awb-margin-right-small:0px;--awb-margin-bottom-small:10px;--awb-margin-left-small:0px;--awb-font-size:60px;\"><h1 class=\"fusion-title-heading title-heading-center\" style=\"margin:0;text-transform:capitalize;font-size:1em;line-height:1em;\">Natur<\/h1><\/div><\/div><\/div><\/div><\/div><div class=\"fusion-fullwidth fullwidth-box fusion-builder-row-2 fusion-flex-container hundred-percent-fullwidth non-hundred-percent-height-scrolling\" style=\"--awb-border-radius-top-left:0px;--awb-border-radius-top-right:0px;--awb-border-radius-bottom-right:0px;--awb-border-radius-bottom-left:0px;--awb-padding-right:0px;--awb-padding-left:0px;--awb-flex-wrap:wrap;\" ><div class=\"fusion-builder-row fusion-row fusion-flex-align-items-stretch fusion-flex-content-wrap\" style=\"width:104% !important;max-width:104% !important;margin-left: calc(-4% \/ 2 );margin-right: calc(-4% \/ 2 );\"><div class=\"fusion-layout-column fusion_builder_column fusion-builder-column-1 fusion_builder_column_1_2 1_2 fusion-flex-column\" style=\"--awb-bg-position:left center;--awb-bg-size:cover;--awb-width-large:50%;--awb-margin-top-large:0px;--awb-spacing-right-large:0%;--awb-margin-bottom-large:0px;--awb-spacing-left-large:3.84%;--awb-width-medium:50%;--awb-order-medium:0;--awb-spacing-right-medium:0%;--awb-spacing-left-medium:3.84%;--awb-width-small:100%;--awb-order-small:1;--awb-spacing-right-small:1.92%;--awb-spacing-left-small:1.92%;\" data-scroll-devices=\"small-visibility,medium-visibility,large-visibility\"><div class=\"fusion-column-wrapper lazyload fusion-column-has-shadow fusion-flex-justify-content-flex-start fusion-content-layout-column fusion-empty-column-bg-image fusion-column-has-bg-image\" data-bg-url=\"https:\/\/borgoparadiso.it\/wp-content\/uploads\/2024\/06\/traversata-classica-val-grande-4.jpg\" data-bg=\"https:\/\/borgoparadiso.it\/wp-content\/uploads\/2024\/06\/traversata-classica-val-grande-4.jpg\"><img decoding=\"async\" class=\"fusion-empty-dims-img-placeholder fusion-no-large-visibility fusion-no-medium-visibility\" aria-label=\"traversata-classica-val-grande-4\" src=\"data:image\/svg+xml,%3Csvg%20xmlns%3D%27http%3A%2F%2Fwww.w3.org%2F2000%2Fsvg%27%20width%3D%271200%27%20height%3D%27741%27%20viewBox%3D%270%200%201200%20741%27%3E%3Crect%20width%3D%271200%27%20height%3D%27741%27%20fill-opacity%3D%220%22%2F%3E%3C%2Fsvg%3E\"><\/div><\/div><div class=\"fusion-layout-column fusion_builder_column fusion-builder-column-2 fusion_builder_column_1_2 1_2 fusion-flex-column\" style=\"--awb-padding-top:100px;--awb-padding-right:60px;--awb-padding-bottom:100px;--awb-padding-left:60px;--awb-bg-size:cover;--awb-width-large:50%;--awb-margin-top-large:0px;--awb-spacing-right-large:3.84%;--awb-margin-bottom-large:0px;--awb-spacing-left-large:0%;--awb-width-medium:50%;--awb-order-medium:0;--awb-spacing-right-medium:3.84%;--awb-spacing-left-medium:0%;--awb-width-small:100%;--awb-order-small:0;--awb-spacing-right-small:1.92%;--awb-spacing-left-small:1.92%;\"><div class=\"fusion-column-wrapper fusion-column-has-shadow fusion-flex-justify-content-flex-start fusion-content-layout-column\"><div class=\"fusion-title title fusion-title-2 fusion-sep-none fusion-title-text fusion-title-size-one\" style=\"--awb-text-color:var(--awb-color8);--awb-margin-top:-20px;--awb-margin-bottom:20px;--awb-margin-top-small:10px;--awb-margin-right-small:0px;--awb-margin-bottom-small:10px;--awb-margin-left-small:0px;--awb-font-size:60px;\"><h1 class=\"fusion-title-heading title-heading-left sm-text-align-center\" style=\"margin:0;text-transform:capitalize;font-size:1em;line-height:1em;\">Natur in der N\u00e4he von Borgo Paradiso<\/h1><\/div><div class=\"fusion-text fusion-text-2 sm-text-align-center\"><p>Die Gegend um Borgo Paradiso, am Lago Maggiore gelegen, bietet eine unglaubliche Vielfalt an Naturlandschaften und Outdoor-Aktivit\u00e4ten. Umgeben von Bergen, W\u00e4ldern und Wasserl\u00e4ufen ist Borgo Paradiso der ideale Ausgangspunkt, um die unber\u00fchrte Sch\u00f6nheit der Region zu erkunden. Hier sind einige der Naturwunder, die Sie in der N\u00e4he entdecken k\u00f6nnen.<\/p>\n<p><strong>Nationalpark Val Grande<\/strong><br \/>\nDer Nationalpark Val Grande ist das gr\u00f6\u00dfte Wildnisgebiet der Alpen und liegt unweit von Borgo Paradiso. Mit seinen unber\u00fchrten Landschaften ist der Park ein Paradies f\u00fcr Naturliebhaber und Wanderer. Wege unterschiedlicher Schwierigkeitsgrade f\u00fchren durch Buchenw\u00e4lder, alpine Wiesen und alte Almen und bieten spektakul\u00e4re Ausblicke sowie die M\u00f6glichkeit, Wildtiere wie G\u00e4msen, Adler und Murmeltiere zu beobachten.<\/p>\n<p><strong>Botanische G\u00e4rten von Villa Taranto<\/strong><br \/>\nDie Botanischen G\u00e4rten von Villa Taranto, in Verbania gelegen, sind einer der botanischen Sch\u00e4tze des Lago Maggiore. Hier k\u00f6nnen Sie eine au\u00dfergew\u00f6hnliche Vielfalt an Pflanzen aus der ganzen Welt bewundern, die sich \u00fcber mehr als 16 Hektar terrassenf\u00f6rmig angelegter G\u00e4rten erstrecken. Zwischen Brunnen, Teichen und Gew\u00e4chsh\u00e4usern ist ein Spaziergang durch diese G\u00e4rten eine entspannende und faszinierende Erfahrung.<\/p>\n<\/div><\/div><\/div><\/div><\/div><div class=\"fusion-fullwidth fullwidth-box fusion-builder-row-3 fusion-flex-container hundred-percent-fullwidth non-hundred-percent-height-scrolling\" style=\"--awb-border-radius-top-left:0px;--awb-border-radius-top-right:0px;--awb-border-radius-bottom-right:0px;--awb-border-radius-bottom-left:0px;--awb-padding-right:0px;--awb-padding-left:0px;--awb-flex-wrap:wrap;\" ><div class=\"fusion-builder-row fusion-row fusion-flex-align-items-stretch fusion-flex-content-wrap\" style=\"width:104% !important;max-width:104% !important;margin-left: calc(-4% \/ 2 );margin-right: calc(-4% \/ 2 );\"><div class=\"fusion-layout-column fusion_builder_column fusion-builder-column-3 fusion_builder_column_1_2 1_2 fusion-flex-column\" style=\"--awb-padding-top:100px;--awb-padding-right:60px;--awb-padding-bottom:100px;--awb-padding-left:60px;--awb-bg-size:cover;--awb-width-large:50%;--awb-margin-top-large:0px;--awb-spacing-right-large:0%;--awb-margin-bottom-large:0px;--awb-spacing-left-large:3.84%;--awb-width-medium:50%;--awb-order-medium:0;--awb-spacing-right-medium:0%;--awb-spacing-left-medium:3.84%;--awb-width-small:100%;--awb-order-small:0;--awb-spacing-right-small:1.92%;--awb-spacing-left-small:1.92%;\"><div class=\"fusion-column-wrapper fusion-column-has-shadow fusion-flex-justify-content-flex-start fusion-content-layout-column\"><div class=\"fusion-title title fusion-title-3 fusion-sep-none fusion-title-text fusion-title-size-one\" style=\"--awb-text-color:var(--awb-color8);--awb-margin-top:-20px;--awb-margin-bottom:20px;--awb-margin-top-small:10px;--awb-margin-right-small:0px;--awb-margin-bottom-small:10px;--awb-margin-left-small:0px;--awb-font-size:60px;\"><h1 class=\"fusion-title-heading title-heading-left sm-text-align-center\" style=\"margin:0;text-transform:capitalize;font-size:1em;line-height:1em;\">Entdecken Sie den Lago Maggiore<\/h1><\/div><div class=\"fusion-text fusion-text-3 sm-text-align-center\"><p><strong>Sondernaturschutzgebiet Sacro Monte di Ghiffa<\/strong><br \/>\nDas Sondernaturschutzgebiet Sacro Monte di Ghiffa, ein UNESCO-Weltkulturerbe, ist ein Ort von gro\u00dfem naturkundlichem und spirituellem Interesse. Neben dem Andachtsweg, der Kapellen und ein Heiligtum umfasst, bietet das Reservat Panoramapfade, die in mediterrane Vegetation eingebettet sind und atemberaubende Ausblicke auf den Lago Maggiore bieten.<\/p>\n<p><strong>Monte Mottarone<br \/>\n<\/strong>Der Monte Mottarone, der von Borgo Paradiso aus leicht zu erreichen ist, ist ein beliebtes Ziel f\u00fcr alle, die gerne in der Natur aktiv sind. Von seinem Gipfel in 1.492 Metern H\u00f6he bietet sich ein 360-Grad-Blick auf sieben Seen und die umliegenden Alpen. Im Winter verwandelt sich der Berg in ein Skigebiet, w\u00e4hrend er im Sommer zum Wandern und Mountainbiken einl\u00e4dt.<\/p>\n<p><strong>Veddasca-Tal<br \/>\n<\/strong>Das Veddasca-Tal mit seinen kleinen Steind\u00f6rfern und der wilden Natur ist ein Ort, an dem die Zeit stillzustehen scheint. Hier k\u00f6nnen Sie lange Spazierg\u00e4nge durch W\u00e4lder und Wiesen unternehmen, alte Bergpfade erkunden und in eine Umgebung von seltener Sch\u00f6nheit und Ruhe eintauchen. Das Tal ist ideal f\u00fcr alle, die Trekking, Reiten und Mountainbiking lieben.<\/p>\n<p><strong>Isola Bella und Isola Madre<br \/>\n<\/strong>Die Borrom\u00e4ischen Inseln, insbesondere Isola Bella und Isola Madre, sind zwei Naturjuwelen im Herzen des Lago Maggiore. Die Isola Bella ist ber\u00fchmt f\u00fcr ihren Barockpalast und ihre G\u00e4rten im italienischen Stil, w\u00e4hrend die Isola Madre eine Oase der Ruhe mit \u00fcppigen botanischen G\u00e4rten ist. Ein Bootsausflug zu diesen Inseln bietet ein einzigartiges Erlebnis von Kunst, Geschichte und Natur.<\/p>\n<p><strong>Erkunden Sie die Natur mit Borgo Paradiso<br \/>\n<\/strong>Borgo Paradiso ist der ideale Ausgangspunkt f\u00fcr alle, die die au\u00dfergew\u00f6hnliche Natur des Lago Maggiore und der umliegenden Gebiete entdecken m\u00f6chten. Egal, ob Sie gerne wandern, sich f\u00fcr Botanik interessieren oder einfach nur auf der Suche nach Ruhe und Sch\u00f6nheit sind, hier finden Sie eine breite Palette an Naturerlebnissen, die Sie genie\u00dfen k\u00f6nnen. Machen Sie sich bereit, atemberaubende Landschaften zu entdecken und unvergessliche Erinnerungen inmitten der Natur zu schaffen.<\/p>\n<\/div><\/div><\/div><div class=\"fusion-layout-column fusion_builder_column fusion-builder-column-4 fusion_builder_column_1_2 1_2 fusion-flex-column\" style=\"--awb-bg-position:center center;--awb-bg-size:cover;--awb-width-large:50%;--awb-margin-top-large:0px;--awb-spacing-right-large:0%;--awb-margin-bottom-large:0px;--awb-spacing-left-large:0%;--awb-width-medium:50%;--awb-order-medium:0;--awb-spacing-right-medium:0%;--awb-spacing-left-medium:0%;--awb-width-small:100%;--awb-order-small:0;--awb-spacing-right-small:1.92%;--awb-spacing-left-small:1.92%;\" data-scroll-devices=\"small-visibility,medium-visibility,large-visibility\"><div class=\"fusion-column-wrapper lazyload fusion-column-has-shadow fusion-flex-justify-content-flex-start fusion-content-layout-column fusion-empty-column-bg-image fusion-column-has-bg-image\" data-bg-url=\"https:\/\/borgoparadiso.it\/wp-content\/uploads\/2024\/06\/SH_isola_bella_stresa_lago_maggiore.jpg\" data-bg=\"https:\/\/borgoparadiso.it\/wp-content\/uploads\/2024\/06\/SH_isola_bella_stresa_lago_maggiore.jpg\"><img decoding=\"async\" class=\"fusion-empty-dims-img-placeholder fusion-no-large-visibility fusion-no-medium-visibility\" aria-label=\"SH_isola_bella_stresa_lago_maggiore\" src=\"data:image\/svg+xml,%3Csvg%20xmlns%3D%27http%3A%2F%2Fwww.w3.org%2F2000%2Fsvg%27%20width%3D%271200%27%20height%3D%27800%27%20viewBox%3D%270%200%201200%20800%27%3E%3Crect%20width%3D%271200%27%20height%3D%27800%27%20fill-opacity%3D%220%22%2F%3E%3C%2Fsvg%3E\"><\/div><\/div><\/div><\/div><\/p>\n","protected":false},"excerpt":{"rendered":"","protected":false},"author":1,"featured_media":1658,"parent":0,"menu_order":0,"comment_status":"closed","ping_status":"closed","template":"100-width.php","meta":{"footnotes":""},"class_list":["post-1657","page","type-page","status-publish","has-post-thumbnail","hentry"],"yoast_head":"<!-- This site is optimized with the Yoast SEO plugin v27.4 - https:\/\/yoast.com\/product\/yoast-seo-wordpress\/ -->\n<title>Natur Borgo Paradiso<\/title>\n<meta name=\"description\" content=\"La zona attorno a Borgo Paradiso, situata sul Lago Maggiore, offre un&#039;incredibile variet\u00e0 di paesaggi naturali e attivit\u00e0 all&#039;aria aperta.\" \/>\n<meta name=\"robots\" content=\"index, follow, max-snippet:-1, max-image-preview:large, max-video-preview:-1\" \/>\n<link rel=\"canonical\" href=\"https:\/\/borgoparadiso.it\/de\/natur\/\" \/>\n<meta property=\"og:locale\" content=\"de_DE\" \/>\n<meta property=\"og:type\" content=\"article\" \/>\n<meta property=\"og:title\" content=\"Natur Borgo Paradiso\" \/>\n<meta property=\"og:description\" content=\"La zona attorno a Borgo Paradiso, situata sul Lago Maggiore, offre un&#039;incredibile variet\u00e0 di paesaggi naturali e attivit\u00e0 all&#039;aria aperta.\" \/>\n<meta property=\"og:url\" content=\"https:\/\/borgoparadiso.it\/de\/natur\/\" \/>\n<meta property=\"og:site_name\" content=\"Borgo Paradiso\" \/>\n<meta property=\"article:publisher\" content=\"https:\/\/www.facebook.com\/profile.php?id=100063970243550\" \/>\n<meta property=\"article:modified_time\" content=\"2024-10-21T10:33:49+00:00\" \/>\n<meta property=\"og:image\" content=\"https:\/\/borgoparadiso.it\/wp-content\/uploads\/2024\/06\/BORGO-PARADISO-NATURA-GIARDINI.jpg\" \/>\n\t<meta property=\"og:image:width\" content=\"697\" \/>\n\t<meta property=\"og:image:height\" content=\"322\" \/>\n\t<meta property=\"og:image:type\" content=\"image\/jpeg\" \/>\n<meta name=\"twitter:card\" content=\"summary_large_image\" \/>\n<meta name=\"twitter:label1\" content=\"Gesch\u00e4tzte Lesezeit\" \/>\n\t<meta name=\"twitter:data1\" content=\"4\u00a0Minuten\" \/>\n<script type=\"application\/ld+json\" class=\"yoast-schema-graph\">{\"@context\":\"https:\\\/\\\/schema.org\",\"@graph\":[{\"@type\":\"WebPage\",\"@id\":\"https:\\\/\\\/borgoparadiso.it\\\/de\\\/natur\\\/\",\"url\":\"https:\\\/\\\/borgoparadiso.it\\\/de\\\/natur\\\/\",\"name\":\"Natur Borgo Paradiso\",\"isPartOf\":{\"@id\":\"https:\\\/\\\/borgoparadiso.it\\\/de\\\/#website\"},\"primaryImageOfPage\":{\"@id\":\"https:\\\/\\\/borgoparadiso.it\\\/de\\\/natur\\\/#primaryimage\"},\"image\":{\"@id\":\"https:\\\/\\\/borgoparadiso.it\\\/de\\\/natur\\\/#primaryimage\"},\"thumbnailUrl\":\"https:\\\/\\\/borgoparadiso.it\\\/wp-content\\\/uploads\\\/2024\\\/06\\\/BORGO-PARADISO-NATURA-GIARDINI.jpg\",\"datePublished\":\"2024-06-24T13:47:25+00:00\",\"dateModified\":\"2024-10-21T10:33:49+00:00\",\"description\":\"La zona attorno a Borgo Paradiso, situata sul Lago Maggiore, offre un'incredibile variet\u00e0 di paesaggi naturali e attivit\u00e0 all'aria aperta.\",\"breadcrumb\":{\"@id\":\"https:\\\/\\\/borgoparadiso.it\\\/de\\\/natur\\\/#breadcrumb\"},\"inLanguage\":\"de\",\"potentialAction\":[{\"@type\":\"ReadAction\",\"target\":[\"https:\\\/\\\/borgoparadiso.it\\\/de\\\/natur\\\/\"]}]},{\"@type\":\"ImageObject\",\"inLanguage\":\"de\",\"@id\":\"https:\\\/\\\/borgoparadiso.it\\\/de\\\/natur\\\/#primaryimage\",\"url\":\"https:\\\/\\\/borgoparadiso.it\\\/wp-content\\\/uploads\\\/2024\\\/06\\\/BORGO-PARADISO-NATURA-GIARDINI.jpg\",\"contentUrl\":\"https:\\\/\\\/borgoparadiso.it\\\/wp-content\\\/uploads\\\/2024\\\/06\\\/BORGO-PARADISO-NATURA-GIARDINI.jpg\",\"width\":697,\"height\":322},{\"@type\":\"BreadcrumbList\",\"@id\":\"https:\\\/\\\/borgoparadiso.it\\\/de\\\/natur\\\/#breadcrumb\",\"itemListElement\":[{\"@type\":\"ListItem\",\"position\":1,\"name\":\"Home\",\"item\":\"https:\\\/\\\/borgoparadiso.it\\\/de\\\/\"},{\"@type\":\"ListItem\",\"position\":2,\"name\":\"Natur\"}]},{\"@type\":\"WebSite\",\"@id\":\"https:\\\/\\\/borgoparadiso.it\\\/de\\\/#website\",\"url\":\"https:\\\/\\\/borgoparadiso.it\\\/de\\\/\",\"name\":\"Borgo Paradiso\",\"description\":\"Bed and Breakfast sul Lago Maggiore\",\"publisher\":{\"@id\":\"https:\\\/\\\/borgoparadiso.it\\\/de\\\/#organization\"},\"potentialAction\":[{\"@type\":\"SearchAction\",\"target\":{\"@type\":\"EntryPoint\",\"urlTemplate\":\"https:\\\/\\\/borgoparadiso.it\\\/de\\\/?s={search_term_string}\"},\"query-input\":{\"@type\":\"PropertyValueSpecification\",\"valueRequired\":true,\"valueName\":\"search_term_string\"}}],\"inLanguage\":\"de\"},{\"@type\":\"Organization\",\"@id\":\"https:\\\/\\\/borgoparadiso.it\\\/de\\\/#organization\",\"name\":\"Borgo Paradiso\",\"url\":\"https:\\\/\\\/borgoparadiso.it\\\/de\\\/\",\"logo\":{\"@type\":\"ImageObject\",\"inLanguage\":\"de\",\"@id\":\"https:\\\/\\\/borgoparadiso.it\\\/de\\\/#\\\/schema\\\/logo\\\/image\\\/\",\"url\":\"https:\\\/\\\/borgoparadiso.it\\\/wp-content\\\/uploads\\\/2024\\\/07\\\/BORGOPARADISO-LOGO-HEADER.png\",\"contentUrl\":\"https:\\\/\\\/borgoparadiso.it\\\/wp-content\\\/uploads\\\/2024\\\/07\\\/BORGOPARADISO-LOGO-HEADER.png\",\"width\":127,\"height\":100,\"caption\":\"Borgo Paradiso\"},\"image\":{\"@id\":\"https:\\\/\\\/borgoparadiso.it\\\/de\\\/#\\\/schema\\\/logo\\\/image\\\/\"},\"sameAs\":[\"https:\\\/\\\/www.facebook.com\\\/profile.php?id=100063970243550\",\"https:\\\/\\\/www.youtube.com\\\/channel\\\/UChetuflJjizaKjCOubdoTiw\"]}]}<\/script>\n<!-- \/ Yoast SEO plugin. -->","yoast_head_json":{"title":"Natur Borgo Paradiso","description":"La zona attorno a Borgo Paradiso, situata sul Lago Maggiore, offre un'incredibile variet\u00e0 di paesaggi naturali e attivit\u00e0 all'aria aperta.","robots":{"index":"index","follow":"follow","max-snippet":"max-snippet:-1","max-image-preview":"max-image-preview:large","max-video-preview":"max-video-preview:-1"},"canonical":"https:\/\/borgoparadiso.it\/de\/natur\/","og_locale":"de_DE","og_type":"article","og_title":"Natur Borgo Paradiso","og_description":"La zona attorno a Borgo Paradiso, situata sul Lago Maggiore, offre un'incredibile variet\u00e0 di paesaggi naturali e attivit\u00e0 all'aria aperta.","og_url":"https:\/\/borgoparadiso.it\/de\/natur\/","og_site_name":"Borgo Paradiso","article_publisher":"https:\/\/www.facebook.com\/profile.php?id=100063970243550","article_modified_time":"2024-10-21T10:33:49+00:00","og_image":[{"width":697,"height":322,"url":"https:\/\/borgoparadiso.it\/wp-content\/uploads\/2024\/06\/BORGO-PARADISO-NATURA-GIARDINI.jpg","type":"image\/jpeg"}],"twitter_card":"summary_large_image","twitter_misc":{"Gesch\u00e4tzte Lesezeit":"4\u00a0Minuten"},"schema":{"@context":"https:\/\/schema.org","@graph":[{"@type":"WebPage","@id":"https:\/\/borgoparadiso.it\/de\/natur\/","url":"https:\/\/borgoparadiso.it\/de\/natur\/","name":"Natur Borgo Paradiso","isPartOf":{"@id":"https:\/\/borgoparadiso.it\/de\/#website"},"primaryImageOfPage":{"@id":"https:\/\/borgoparadiso.it\/de\/natur\/#primaryimage"},"image":{"@id":"https:\/\/borgoparadiso.it\/de\/natur\/#primaryimage"},"thumbnailUrl":"https:\/\/borgoparadiso.it\/wp-content\/uploads\/2024\/06\/BORGO-PARADISO-NATURA-GIARDINI.jpg","datePublished":"2024-06-24T13:47:25+00:00","dateModified":"2024-10-21T10:33:49+00:00","description":"La zona attorno a Borgo Paradiso, situata sul Lago Maggiore, offre un'incredibile variet\u00e0 di paesaggi naturali e attivit\u00e0 all'aria aperta.","breadcrumb":{"@id":"https:\/\/borgoparadiso.it\/de\/natur\/#breadcrumb"},"inLanguage":"de","potentialAction":[{"@type":"ReadAction","target":["https:\/\/borgoparadiso.it\/de\/natur\/"]}]},{"@type":"ImageObject","inLanguage":"de","@id":"https:\/\/borgoparadiso.it\/de\/natur\/#primaryimage","url":"https:\/\/borgoparadiso.it\/wp-content\/uploads\/2024\/06\/BORGO-PARADISO-NATURA-GIARDINI.jpg","contentUrl":"https:\/\/borgoparadiso.it\/wp-content\/uploads\/2024\/06\/BORGO-PARADISO-NATURA-GIARDINI.jpg","width":697,"height":322},{"@type":"BreadcrumbList","@id":"https:\/\/borgoparadiso.it\/de\/natur\/#breadcrumb","itemListElement":[{"@type":"ListItem","position":1,"name":"Home","item":"https:\/\/borgoparadiso.it\/de\/"},{"@type":"ListItem","position":2,"name":"Natur"}]},{"@type":"WebSite","@id":"https:\/\/borgoparadiso.it\/de\/#website","url":"https:\/\/borgoparadiso.it\/de\/","name":"Borgo Paradiso","description":"Bed and Breakfast sul Lago Maggiore","publisher":{"@id":"https:\/\/borgoparadiso.it\/de\/#organization"},"potentialAction":[{"@type":"SearchAction","target":{"@type":"EntryPoint","urlTemplate":"https:\/\/borgoparadiso.it\/de\/?s={search_term_string}"},"query-input":{"@type":"PropertyValueSpecification","valueRequired":true,"valueName":"search_term_string"}}],"inLanguage":"de"},{"@type":"Organization","@id":"https:\/\/borgoparadiso.it\/de\/#organization","name":"Borgo Paradiso","url":"https:\/\/borgoparadiso.it\/de\/","logo":{"@type":"ImageObject","inLanguage":"de","@id":"https:\/\/borgoparadiso.it\/de\/#\/schema\/logo\/image\/","url":"https:\/\/borgoparadiso.it\/wp-content\/uploads\/2024\/07\/BORGOPARADISO-LOGO-HEADER.png","contentUrl":"https:\/\/borgoparadiso.it\/wp-content\/uploads\/2024\/07\/BORGOPARADISO-LOGO-HEADER.png","width":127,"height":100,"caption":"Borgo Paradiso"},"image":{"@id":"https:\/\/borgoparadiso.it\/de\/#\/schema\/logo\/image\/"},"sameAs":["https:\/\/www.facebook.com\/profile.php?id=100063970243550","https:\/\/www.youtube.com\/channel\/UChetuflJjizaKjCOubdoTiw"]}]}},"_links":{"self":[{"href":"https:\/\/borgoparadiso.it\/de\/wp-json\/wp\/v2\/pages\/1657","targetHints":{"allow":["GET"]}}],"collection":[{"href":"https:\/\/borgoparadiso.it\/de\/wp-json\/wp\/v2\/pages"}],"about":[{"href":"https:\/\/borgoparadiso.it\/de\/wp-json\/wp\/v2\/types\/page"}],"author":[{"embeddable":true,"href":"https:\/\/borgoparadiso.it\/de\/wp-json\/wp\/v2\/users\/1"}],"replies":[{"embeddable":true,"href":"https:\/\/borgoparadiso.it\/de\/wp-json\/wp\/v2\/comments?post=1657"}],"version-history":[{"count":2,"href":"https:\/\/borgoparadiso.it\/de\/wp-json\/wp\/v2\/pages\/1657\/revisions"}],"predecessor-version":[{"id":1664,"href":"https:\/\/borgoparadiso.it\/de\/wp-json\/wp\/v2\/pages\/1657\/revisions\/1664"}],"wp:featuredmedia":[{"embeddable":true,"href":"https:\/\/borgoparadiso.it\/de\/wp-json\/wp\/v2\/media\/1658"}],"wp:attachment":[{"href":"https:\/\/borgoparadiso.it\/de\/wp-json\/wp\/v2\/media?parent=1657"}],"curies":[{"name":"wp","href":"https:\/\/api.w.org\/{rel}","templated":true}]}}