{"id":1669,"date":"2024-06-24T13:51:56","date_gmt":"2024-06-24T13:51:56","guid":{"rendered":"https:\/\/borgoparadiso.it\/sport\/"},"modified":"2024-10-21T10:38:26","modified_gmt":"2024-10-21T10:38:26","slug":"sport","status":"publish","type":"page","link":"https:\/\/borgoparadiso.it\/de\/sport\/","title":{"rendered":"Sport"},"content":{"rendered":"<p><div class=\"fusion-fullwidth fullwidth-box fusion-builder-row-1 fusion-flex-container has-pattern-background has-mask-background fusion-parallax-none nonhundred-percent-fullwidth non-hundred-percent-height-scrolling lazyload fusion-custom-z-index\" style=\"--awb-border-radius-top-left:0px;--awb-border-radius-top-right:0px;--awb-border-radius-bottom-right:0px;--awb-border-radius-bottom-left:0px;--awb-z-index:0;--awb-padding-top:220px;--awb-padding-bottom:220px;--awb-padding-top-small:100px;--awb-padding-bottom-small:100px;--awb-background-image:linear-gradient(180deg, hsla(var(--awb-color3-h),var(--awb-color3-s),calc( var(--awb-color3-l) - 89% ),calc( var(--awb-color3-a) - 5% )) 0%,rgba(255,255,255,0) 92%);;--awb-background-size:cover;--awb-flex-wrap:wrap;\" data-bg=\"https:\/\/borgoparadiso.it\/wp-content\/uploads\/2024\/06\/Golf-Club-Stresa-2.jpg\" data-bg-gradient=\"linear-gradient(180deg, hsla(var(--awb-color3-h),var(--awb-color3-s),calc( var(--awb-color3-l) - 89% ),calc( var(--awb-color3-a) - 5% )) 0%,rgba(255,255,255,0) 92%)\" ><div class=\"fusion-builder-row fusion-row fusion-flex-align-items-flex-start fusion-flex-content-wrap\" style=\"max-width:1248px;margin-left: calc(-4% \/ 2 );margin-right: calc(-4% \/ 2 );\"><div class=\"fusion-layout-column fusion_builder_column fusion-builder-column-0 fusion_builder_column_1_1 1_1 fusion-flex-column\" style=\"--awb-bg-size:cover;--awb-width-large:100%;--awb-margin-top-large:0px;--awb-spacing-right-large:1.92%;--awb-margin-bottom-large:20px;--awb-spacing-left-large:1.92%;--awb-width-medium:100%;--awb-order-medium:0;--awb-spacing-right-medium:1.92%;--awb-spacing-left-medium:1.92%;--awb-width-small:100%;--awb-order-small:0;--awb-spacing-right-small:1.92%;--awb-spacing-left-small:1.92%;\"><div class=\"fusion-column-wrapper fusion-column-has-shadow fusion-flex-justify-content-flex-start fusion-content-layout-column\"><div class=\"fusion-text fusion-text-1\" style=\"--awb-content-alignment:center;--awb-font-size:var(--awb-typography2-font-size);--awb-line-height:var(--awb-typography2-line-height);--awb-letter-spacing:var(--awb-typography2-letter-spacing);--awb-text-transform:var(--awb-typography2-text-transform);--awb-text-color:var(--awb-color1);--awb-text-font-family:var(--awb-typography2-font-family);--awb-text-font-weight:var(--awb-typography2-font-weight);--awb-text-font-style:var(--awb-typography2-font-style);\"><p>Borgo Paradiso<\/p>\n<\/div><div class=\"fusion-title title fusion-title-1 fusion-sep-none fusion-title-center fusion-title-text fusion-title-size-one\" style=\"--awb-text-color:var(--awb-color1);--awb-margin-top:-20px;--awb-margin-bottom:20px;--awb-margin-top-small:10px;--awb-margin-right-small:0px;--awb-margin-bottom-small:10px;--awb-margin-left-small:0px;--awb-font-size:60px;\"><h1 class=\"fusion-title-heading title-heading-center\" style=\"margin:0;text-transform:capitalize;font-size:1em;line-height:1em;\">Sport<\/h1><\/div><\/div><\/div><\/div><\/div><div class=\"fusion-fullwidth fullwidth-box fusion-builder-row-2 fusion-flex-container hundred-percent-fullwidth non-hundred-percent-height-scrolling\" style=\"--awb-border-radius-top-left:0px;--awb-border-radius-top-right:0px;--awb-border-radius-bottom-right:0px;--awb-border-radius-bottom-left:0px;--awb-padding-right:0px;--awb-padding-left:0px;--awb-flex-wrap:wrap;\" ><div class=\"fusion-builder-row fusion-row fusion-flex-align-items-stretch fusion-flex-content-wrap\" style=\"width:104% !important;max-width:104% !important;margin-left: calc(-4% \/ 2 );margin-right: calc(-4% \/ 2 );\"><div class=\"fusion-layout-column fusion_builder_column fusion-builder-column-1 fusion_builder_column_1_2 1_2 fusion-flex-column\" style=\"--awb-bg-position:left center;--awb-bg-size:cover;--awb-width-large:50%;--awb-margin-top-large:0px;--awb-spacing-right-large:0%;--awb-margin-bottom-large:0px;--awb-spacing-left-large:3.84%;--awb-width-medium:50%;--awb-order-medium:0;--awb-spacing-right-medium:0%;--awb-spacing-left-medium:3.84%;--awb-width-small:100%;--awb-order-small:1;--awb-spacing-right-small:1.92%;--awb-spacing-left-small:1.92%;\" data-scroll-devices=\"small-visibility,medium-visibility,large-visibility\"><div class=\"fusion-column-wrapper lazyload fusion-column-has-shadow fusion-flex-justify-content-flex-start fusion-content-layout-column fusion-empty-column-bg-image fusion-column-has-bg-image\" data-bg-url=\"https:\/\/borgoparadiso.it\/wp-content\/uploads\/2024\/06\/Golf-Club-Stresa-2.jpg\" data-bg=\"https:\/\/borgoparadiso.it\/wp-content\/uploads\/2024\/06\/Golf-Club-Stresa-2.jpg\"><img decoding=\"async\" class=\"fusion-empty-dims-img-placeholder fusion-no-large-visibility fusion-no-medium-visibility\" aria-label=\"Golf-Club-Stresa-2\" src=\"data:image\/svg+xml,%3Csvg%20xmlns%3D%27http%3A%2F%2Fwww.w3.org%2F2000%2Fsvg%27%20width%3D%271632%27%20height%3D%27918%27%20viewBox%3D%270%200%201632%20918%27%3E%3Crect%20width%3D%271632%27%20height%3D%27918%27%20fill-opacity%3D%220%22%2F%3E%3C%2Fsvg%3E\"><\/div><\/div><div class=\"fusion-layout-column fusion_builder_column fusion-builder-column-2 fusion_builder_column_1_2 1_2 fusion-flex-column\" style=\"--awb-padding-top:100px;--awb-padding-right:60px;--awb-padding-bottom:100px;--awb-padding-left:60px;--awb-bg-size:cover;--awb-width-large:50%;--awb-margin-top-large:0px;--awb-spacing-right-large:3.84%;--awb-margin-bottom-large:0px;--awb-spacing-left-large:0%;--awb-width-medium:50%;--awb-order-medium:0;--awb-spacing-right-medium:3.84%;--awb-spacing-left-medium:0%;--awb-width-small:100%;--awb-order-small:0;--awb-spacing-right-small:1.92%;--awb-spacing-left-small:1.92%;\"><div class=\"fusion-column-wrapper fusion-column-has-shadow fusion-flex-justify-content-flex-start fusion-content-layout-column\"><div class=\"fusion-title title fusion-title-2 fusion-sep-none fusion-title-text fusion-title-size-one\" style=\"--awb-text-color:var(--awb-color8);--awb-margin-top:-20px;--awb-margin-bottom:20px;--awb-margin-top-small:10px;--awb-margin-right-small:0px;--awb-margin-bottom-small:10px;--awb-margin-left-small:0px;--awb-font-size:60px;\"><h1 class=\"fusion-title-heading title-heading-left sm-text-align-center\" style=\"margin:0;text-transform:capitalize;font-size:1em;line-height:1em;\">Sport in der N\u00e4he von Borgo Paradiso<\/h1><\/div><div class=\"fusion-text fusion-text-2 sm-text-align-center\"><p>In Borgo Paradiso bietet der Lago Maggiore eine breite Palette an Sportm\u00f6glichkeiten, die sowohl Wassersportler als auch Liebhaber von Outdoor-Aktivit\u00e4ten zufrieden stellen. Hier sind einige der Sportm\u00f6glichkeiten, die Sie w\u00e4hrend Ihres Aufenthalts erkunden k\u00f6nnen.<\/p>\n<p><strong>Golf<\/strong><\/p>\n<p>F\u00fcr Golfliebhaber liegt Borgo Paradiso in der N\u00e4he mehrerer renommierter Golfpl\u00e4tze:<\/p>\n<ul>\n<li><strong>Stresa Golf Club<\/strong>: Ein historischer Platz mit Panoramablick auf den Lago Maggiore.<\/li>\n<li><strong>Golf Club di Lugano:<\/strong> In der Schweiz gelegen, bietet er einen anspruchsvollen Platz in einer malerischen Landschaft.<\/li>\n<li><strong>Golf Club di Caslano<\/strong>: Ein gut gepflegter Platz, der ein angenehmes Spielerlebnis garantiert.<\/li>\n<li><strong>Golf Club di Ascona<\/strong>: Einer der \u00e4ltesten Pl\u00e4tze der Schweiz, bekannt f\u00fcr seine nat\u00fcrliche Sch\u00f6nheit.<\/li>\n<\/ul>\n<p><strong>Wassersport<\/strong><\/p>\n<p>Der Lago Maggiore ist der ideale Ort f\u00fcr eine Vielzahl von Wassersportarten:<\/p>\n<ul>\n<li><strong>Surfen und Kitesurfen<\/strong>: Nutzen Sie die perfekten Windbedingungen zum Surfen und Kitesurfen.<\/li>\n<li><strong>Segeln<\/strong>: Segeln Sie mit einem Segelboot \u00fcber die ruhigen Gew\u00e4sser des Sees.<\/li>\n<li><strong>Wasserski und Motorbootfahren<\/strong>: Erleben Sie den Nervenkitzel des Wasserskifahrens oder erkunden Sie den See mit einem Schnellboot.<\/li>\n<li><strong>Schwimmen und Kanufahren<\/strong>: Entspannen Sie sich beim Schwimmen im klaren Wasser oder paddeln Sie mit einem Kanu am Ufer entlang.<\/li>\n<li><strong>Tauchen<\/strong>: Entdecken Sie die Unterwasserwelt des Sees beim Tauchen.<\/li>\n<\/ul>\n<\/div><\/div><\/div><\/div><\/div><div class=\"fusion-fullwidth fullwidth-box fusion-builder-row-3 fusion-flex-container hundred-percent-fullwidth non-hundred-percent-height-scrolling\" style=\"--awb-border-radius-top-left:0px;--awb-border-radius-top-right:0px;--awb-border-radius-bottom-right:0px;--awb-border-radius-bottom-left:0px;--awb-padding-right:0px;--awb-padding-left:0px;--awb-flex-wrap:wrap;\" ><div class=\"fusion-builder-row fusion-row fusion-flex-align-items-stretch fusion-flex-content-wrap\" style=\"width:104% !important;max-width:104% !important;margin-left: calc(-4% \/ 2 );margin-right: calc(-4% \/ 2 );\"><div class=\"fusion-layout-column fusion_builder_column fusion-builder-column-3 fusion_builder_column_1_2 1_2 fusion-flex-column\" style=\"--awb-padding-top:100px;--awb-padding-right:60px;--awb-padding-bottom:100px;--awb-padding-left:60px;--awb-bg-size:cover;--awb-width-large:50%;--awb-margin-top-large:0px;--awb-spacing-right-large:0%;--awb-margin-bottom-large:0px;--awb-spacing-left-large:3.84%;--awb-width-medium:50%;--awb-order-medium:0;--awb-spacing-right-medium:0%;--awb-spacing-left-medium:3.84%;--awb-width-small:100%;--awb-order-small:0;--awb-spacing-right-small:1.92%;--awb-spacing-left-small:1.92%;\"><div class=\"fusion-column-wrapper fusion-column-has-shadow fusion-flex-justify-content-flex-start fusion-content-layout-column\"><div class=\"fusion-title title fusion-title-3 fusion-sep-none fusion-title-text fusion-title-size-one\" style=\"--awb-text-color:var(--awb-color8);--awb-margin-top:-20px;--awb-margin-bottom:20px;--awb-margin-top-small:10px;--awb-margin-right-small:0px;--awb-margin-bottom-small:10px;--awb-margin-left-small:0px;--awb-font-size:60px;\"><h1 class=\"fusion-title-heading title-heading-left sm-text-align-center\" style=\"margin:0;text-transform:capitalize;font-size:1em;line-height:1em;\">Sport erleben im Borgo Paradiso<\/h1><\/div><div class=\"fusion-text fusion-text-3 sm-text-align-center\"><p>Ob Sie ein erfahrener Sportler oder ein Amateur auf der Suche nach Abenteuer sind, im Borgo Paradiso finden Sie die richtige sportliche Aktivit\u00e4t f\u00fcr sich. Buchen Sie Ihren Aufenthalt und machen Sie sich bereit, den Lago Maggiore und seine au\u00dfergew\u00f6hnlichen Sportm\u00f6glichkeiten zu entdecken.<\/p>\n<p><strong>Reiten<br \/>\n<\/strong>F\u00fcr Pferdeliebhaber bietet die Gegend zahlreiche Routen, um die Landschaft auf dem Pferder\u00fccken zu erkunden. Egal, ob Sie Anf\u00e4nger oder erfahrener Reiter sind, Sie werden Routen finden, die allen Anspr\u00fcchen gerecht werden.<\/p>\n<p><strong>Mountainbiken<br \/>\n<\/strong>Erkunden Sie die unbefestigten Wege rund um den Lago Maggiore mit Ihrem Mountainbike. Das Angebot reicht von Strecken f\u00fcr Anf\u00e4nger bis hin zu anspruchsvollen Routen f\u00fcr erfahrene Radfahrer.<\/p>\n<p><strong>Felsengymnastik<br \/>\n<\/strong>In Maccagno, in der N\u00e4he von Borgo Paradiso, finden Sie eine Kletterhalle, die sich ideal f\u00fcr Kletterbegeisterte eignet und \u00fcber mehrere ausgestattete Routen f\u00fcr alle Erfahrungsstufen verf\u00fcgt.<\/p>\n<p><strong>Schwimmbad und Sportpl\u00e4tze<br \/>\n<\/strong>Wenn Sie traditionellere Aktivit\u00e4ten bevorzugen, k\u00f6nnen Sie die \u00f6rtlichen Einrichtungen nutzen, zu denen ein Schwimmbad, Tennispl\u00e4tze und andere Sportpl\u00e4tze f\u00fcr Fu\u00dfball, Volleyball und andere Mannschaftssportarten geh\u00f6ren.<\/p>\n<p><strong>Skilanglauf und Abfahrtslauf<br \/>\n<\/strong>Im Winter bieten die umliegenden Berge hervorragende M\u00f6glichkeiten zum Langlaufen und Skifahren. Gut pr\u00e4parierte Pisten und atemberaubende Ausblicke machen jede Abfahrt zu einem unvergesslichen Erlebnis.<\/p>\n<\/div><\/div><\/div><div class=\"fusion-layout-column fusion_builder_column fusion-builder-column-4 fusion_builder_column_1_2 1_2 fusion-flex-column\" style=\"--awb-bg-position:center center;--awb-bg-size:cover;--awb-width-large:50%;--awb-margin-top-large:0px;--awb-spacing-right-large:0%;--awb-margin-bottom-large:0px;--awb-spacing-left-large:0%;--awb-width-medium:50%;--awb-order-medium:0;--awb-spacing-right-medium:0%;--awb-spacing-left-medium:0%;--awb-width-small:100%;--awb-order-small:0;--awb-spacing-right-small:1.92%;--awb-spacing-left-small:1.92%;\" data-scroll-devices=\"small-visibility,medium-visibility,large-visibility\"><div class=\"fusion-column-wrapper lazyload fusion-column-has-shadow fusion-flex-justify-content-flex-start fusion-content-layout-column fusion-empty-column-bg-image fusion-column-has-bg-image\" data-bg-url=\"https:\/\/borgoparadiso.it\/wp-content\/uploads\/2024\/06\/BORGO-PARADISO-sport-bici.jpg\" data-bg=\"https:\/\/borgoparadiso.it\/wp-content\/uploads\/2024\/06\/BORGO-PARADISO-sport-bici.jpg\"><img decoding=\"async\" class=\"fusion-empty-dims-img-placeholder fusion-no-large-visibility fusion-no-medium-visibility\" aria-label=\"BORGO PARADISO sport bici\" src=\"data:image\/svg+xml,%3Csvg%20xmlns%3D%27http%3A%2F%2Fwww.w3.org%2F2000%2Fsvg%27%20width%3D%272560%27%20height%3D%271871%27%20viewBox%3D%270%200%202560%201871%27%3E%3Crect%20width%3D%272560%27%20height%3D%271871%27%20fill-opacity%3D%220%22%2F%3E%3C%2Fsvg%3E\"><\/div><\/div><\/div><\/div><\/p>\n","protected":false},"excerpt":{"rendered":"","protected":false},"author":1,"featured_media":1609,"parent":0,"menu_order":0,"comment_status":"closed","ping_status":"closed","template":"100-width.php","meta":{"footnotes":""},"class_list":["post-1669","page","type-page","status-publish","has-post-thumbnail","hentry"],"yoast_head":"<!-- This site is optimized with the Yoast SEO plugin v27.3 - https:\/\/yoast.com\/product\/yoast-seo-wordpress\/ -->\n<title>Sport sul Lago Maggiore - Borgo Paradiso<\/title>\n<meta name=\"description\" content=\"Al Borgo Paradiso, il Lago Maggiore offre una vasta gamma di attivit\u00e0 sportive che soddisfano tutti gli appassionati di sport\" \/>\n<meta name=\"robots\" content=\"index, follow, max-snippet:-1, max-image-preview:large, max-video-preview:-1\" \/>\n<link rel=\"canonical\" href=\"https:\/\/borgoparadiso.it\/de\/sport\/\" \/>\n<meta property=\"og:locale\" content=\"de_DE\" \/>\n<meta property=\"og:type\" content=\"article\" \/>\n<meta property=\"og:title\" content=\"Sport sul Lago Maggiore - Borgo Paradiso\" \/>\n<meta property=\"og:description\" content=\"Al Borgo Paradiso, il Lago Maggiore offre una vasta gamma di attivit\u00e0 sportive che soddisfano tutti gli appassionati di sport\" \/>\n<meta property=\"og:url\" content=\"https:\/\/borgoparadiso.it\/de\/sport\/\" \/>\n<meta property=\"og:site_name\" content=\"Borgo Paradiso\" \/>\n<meta property=\"article:publisher\" content=\"https:\/\/www.facebook.com\/profile.php?id=100063970243550\" \/>\n<meta property=\"article:modified_time\" content=\"2024-10-21T10:38:26+00:00\" \/>\n<meta property=\"og:image\" content=\"https:\/\/borgoparadiso.it\/wp-content\/uploads\/2024\/06\/BORGO-PARADISO-TERRITORIO-SANTA-CATERINA.jpg\" \/>\n\t<meta property=\"og:image:width\" content=\"800\" \/>\n\t<meta property=\"og:image:height\" content=\"449\" \/>\n\t<meta property=\"og:image:type\" content=\"image\/jpeg\" \/>\n<meta name=\"twitter:card\" content=\"summary_large_image\" \/>\n<meta name=\"twitter:label1\" content=\"Gesch\u00e4tzte Lesezeit\" \/>\n\t<meta name=\"twitter:data1\" content=\"3\u00a0Minuten\" \/>\n<script type=\"application\/ld+json\" class=\"yoast-schema-graph\">{\"@context\":\"https:\\\/\\\/schema.org\",\"@graph\":[{\"@type\":\"WebPage\",\"@id\":\"https:\\\/\\\/borgoparadiso.it\\\/de\\\/sport\\\/\",\"url\":\"https:\\\/\\\/borgoparadiso.it\\\/de\\\/sport\\\/\",\"name\":\"Sport sul Lago Maggiore - Borgo Paradiso\",\"isPartOf\":{\"@id\":\"https:\\\/\\\/borgoparadiso.it\\\/de\\\/#website\"},\"primaryImageOfPage\":{\"@id\":\"https:\\\/\\\/borgoparadiso.it\\\/de\\\/sport\\\/#primaryimage\"},\"image\":{\"@id\":\"https:\\\/\\\/borgoparadiso.it\\\/de\\\/sport\\\/#primaryimage\"},\"thumbnailUrl\":\"https:\\\/\\\/borgoparadiso.it\\\/wp-content\\\/uploads\\\/2024\\\/06\\\/BORGO-PARADISO-TERRITORIO-SANTA-CATERINA.jpg\",\"datePublished\":\"2024-06-24T13:51:56+00:00\",\"dateModified\":\"2024-10-21T10:38:26+00:00\",\"description\":\"Al Borgo Paradiso, il Lago Maggiore offre una vasta gamma di attivit\u00e0 sportive che soddisfano tutti gli appassionati di sport\",\"breadcrumb\":{\"@id\":\"https:\\\/\\\/borgoparadiso.it\\\/de\\\/sport\\\/#breadcrumb\"},\"inLanguage\":\"de\",\"potentialAction\":[{\"@type\":\"ReadAction\",\"target\":[\"https:\\\/\\\/borgoparadiso.it\\\/de\\\/sport\\\/\"]}]},{\"@type\":\"ImageObject\",\"inLanguage\":\"de\",\"@id\":\"https:\\\/\\\/borgoparadiso.it\\\/de\\\/sport\\\/#primaryimage\",\"url\":\"https:\\\/\\\/borgoparadiso.it\\\/wp-content\\\/uploads\\\/2024\\\/06\\\/BORGO-PARADISO-TERRITORIO-SANTA-CATERINA.jpg\",\"contentUrl\":\"https:\\\/\\\/borgoparadiso.it\\\/wp-content\\\/uploads\\\/2024\\\/06\\\/BORGO-PARADISO-TERRITORIO-SANTA-CATERINA.jpg\",\"width\":800,\"height\":449},{\"@type\":\"BreadcrumbList\",\"@id\":\"https:\\\/\\\/borgoparadiso.it\\\/de\\\/sport\\\/#breadcrumb\",\"itemListElement\":[{\"@type\":\"ListItem\",\"position\":1,\"name\":\"Home\",\"item\":\"https:\\\/\\\/borgoparadiso.it\\\/de\\\/\"},{\"@type\":\"ListItem\",\"position\":2,\"name\":\"Sport\"}]},{\"@type\":\"WebSite\",\"@id\":\"https:\\\/\\\/borgoparadiso.it\\\/de\\\/#website\",\"url\":\"https:\\\/\\\/borgoparadiso.it\\\/de\\\/\",\"name\":\"Borgo Paradiso\",\"description\":\"Bed and Breakfast sul Lago Maggiore\",\"publisher\":{\"@id\":\"https:\\\/\\\/borgoparadiso.it\\\/de\\\/#organization\"},\"potentialAction\":[{\"@type\":\"SearchAction\",\"target\":{\"@type\":\"EntryPoint\",\"urlTemplate\":\"https:\\\/\\\/borgoparadiso.it\\\/de\\\/?s={search_term_string}\"},\"query-input\":{\"@type\":\"PropertyValueSpecification\",\"valueRequired\":true,\"valueName\":\"search_term_string\"}}],\"inLanguage\":\"de\"},{\"@type\":\"Organization\",\"@id\":\"https:\\\/\\\/borgoparadiso.it\\\/de\\\/#organization\",\"name\":\"Borgo Paradiso\",\"url\":\"https:\\\/\\\/borgoparadiso.it\\\/de\\\/\",\"logo\":{\"@type\":\"ImageObject\",\"inLanguage\":\"de\",\"@id\":\"https:\\\/\\\/borgoparadiso.it\\\/de\\\/#\\\/schema\\\/logo\\\/image\\\/\",\"url\":\"https:\\\/\\\/borgoparadiso.it\\\/wp-content\\\/uploads\\\/2024\\\/07\\\/BORGOPARADISO-LOGO-HEADER.png\",\"contentUrl\":\"https:\\\/\\\/borgoparadiso.it\\\/wp-content\\\/uploads\\\/2024\\\/07\\\/BORGOPARADISO-LOGO-HEADER.png\",\"width\":127,\"height\":100,\"caption\":\"Borgo Paradiso\"},\"image\":{\"@id\":\"https:\\\/\\\/borgoparadiso.it\\\/de\\\/#\\\/schema\\\/logo\\\/image\\\/\"},\"sameAs\":[\"https:\\\/\\\/www.facebook.com\\\/profile.php?id=100063970243550\",\"https:\\\/\\\/www.youtube.com\\\/channel\\\/UChetuflJjizaKjCOubdoTiw\"]}]}<\/script>\n<!-- \/ Yoast SEO plugin. -->","yoast_head_json":{"title":"Sport sul Lago Maggiore - Borgo Paradiso","description":"Al Borgo Paradiso, il Lago Maggiore offre una vasta gamma di attivit\u00e0 sportive che soddisfano tutti gli appassionati di sport","robots":{"index":"index","follow":"follow","max-snippet":"max-snippet:-1","max-image-preview":"max-image-preview:large","max-video-preview":"max-video-preview:-1"},"canonical":"https:\/\/borgoparadiso.it\/de\/sport\/","og_locale":"de_DE","og_type":"article","og_title":"Sport sul Lago Maggiore - Borgo Paradiso","og_description":"Al Borgo Paradiso, il Lago Maggiore offre una vasta gamma di attivit\u00e0 sportive che soddisfano tutti gli appassionati di sport","og_url":"https:\/\/borgoparadiso.it\/de\/sport\/","og_site_name":"Borgo Paradiso","article_publisher":"https:\/\/www.facebook.com\/profile.php?id=100063970243550","article_modified_time":"2024-10-21T10:38:26+00:00","og_image":[{"width":800,"height":449,"url":"https:\/\/borgoparadiso.it\/wp-content\/uploads\/2024\/06\/BORGO-PARADISO-TERRITORIO-SANTA-CATERINA.jpg","type":"image\/jpeg"}],"twitter_card":"summary_large_image","twitter_misc":{"Gesch\u00e4tzte Lesezeit":"3\u00a0Minuten"},"schema":{"@context":"https:\/\/schema.org","@graph":[{"@type":"WebPage","@id":"https:\/\/borgoparadiso.it\/de\/sport\/","url":"https:\/\/borgoparadiso.it\/de\/sport\/","name":"Sport sul Lago Maggiore - Borgo Paradiso","isPartOf":{"@id":"https:\/\/borgoparadiso.it\/de\/#website"},"primaryImageOfPage":{"@id":"https:\/\/borgoparadiso.it\/de\/sport\/#primaryimage"},"image":{"@id":"https:\/\/borgoparadiso.it\/de\/sport\/#primaryimage"},"thumbnailUrl":"https:\/\/borgoparadiso.it\/wp-content\/uploads\/2024\/06\/BORGO-PARADISO-TERRITORIO-SANTA-CATERINA.jpg","datePublished":"2024-06-24T13:51:56+00:00","dateModified":"2024-10-21T10:38:26+00:00","description":"Al Borgo Paradiso, il Lago Maggiore offre una vasta gamma di attivit\u00e0 sportive che soddisfano tutti gli appassionati di sport","breadcrumb":{"@id":"https:\/\/borgoparadiso.it\/de\/sport\/#breadcrumb"},"inLanguage":"de","potentialAction":[{"@type":"ReadAction","target":["https:\/\/borgoparadiso.it\/de\/sport\/"]}]},{"@type":"ImageObject","inLanguage":"de","@id":"https:\/\/borgoparadiso.it\/de\/sport\/#primaryimage","url":"https:\/\/borgoparadiso.it\/wp-content\/uploads\/2024\/06\/BORGO-PARADISO-TERRITORIO-SANTA-CATERINA.jpg","contentUrl":"https:\/\/borgoparadiso.it\/wp-content\/uploads\/2024\/06\/BORGO-PARADISO-TERRITORIO-SANTA-CATERINA.jpg","width":800,"height":449},{"@type":"BreadcrumbList","@id":"https:\/\/borgoparadiso.it\/de\/sport\/#breadcrumb","itemListElement":[{"@type":"ListItem","position":1,"name":"Home","item":"https:\/\/borgoparadiso.it\/de\/"},{"@type":"ListItem","position":2,"name":"Sport"}]},{"@type":"WebSite","@id":"https:\/\/borgoparadiso.it\/de\/#website","url":"https:\/\/borgoparadiso.it\/de\/","name":"Borgo Paradiso","description":"Bed and Breakfast sul Lago Maggiore","publisher":{"@id":"https:\/\/borgoparadiso.it\/de\/#organization"},"potentialAction":[{"@type":"SearchAction","target":{"@type":"EntryPoint","urlTemplate":"https:\/\/borgoparadiso.it\/de\/?s={search_term_string}"},"query-input":{"@type":"PropertyValueSpecification","valueRequired":true,"valueName":"search_term_string"}}],"inLanguage":"de"},{"@type":"Organization","@id":"https:\/\/borgoparadiso.it\/de\/#organization","name":"Borgo Paradiso","url":"https:\/\/borgoparadiso.it\/de\/","logo":{"@type":"ImageObject","inLanguage":"de","@id":"https:\/\/borgoparadiso.it\/de\/#\/schema\/logo\/image\/","url":"https:\/\/borgoparadiso.it\/wp-content\/uploads\/2024\/07\/BORGOPARADISO-LOGO-HEADER.png","contentUrl":"https:\/\/borgoparadiso.it\/wp-content\/uploads\/2024\/07\/BORGOPARADISO-LOGO-HEADER.png","width":127,"height":100,"caption":"Borgo Paradiso"},"image":{"@id":"https:\/\/borgoparadiso.it\/de\/#\/schema\/logo\/image\/"},"sameAs":["https:\/\/www.facebook.com\/profile.php?id=100063970243550","https:\/\/www.youtube.com\/channel\/UChetuflJjizaKjCOubdoTiw"]}]}},"_links":{"self":[{"href":"https:\/\/borgoparadiso.it\/de\/wp-json\/wp\/v2\/pages\/1669","targetHints":{"allow":["GET"]}}],"collection":[{"href":"https:\/\/borgoparadiso.it\/de\/wp-json\/wp\/v2\/pages"}],"about":[{"href":"https:\/\/borgoparadiso.it\/de\/wp-json\/wp\/v2\/types\/page"}],"author":[{"embeddable":true,"href":"https:\/\/borgoparadiso.it\/de\/wp-json\/wp\/v2\/users\/1"}],"replies":[{"embeddable":true,"href":"https:\/\/borgoparadiso.it\/de\/wp-json\/wp\/v2\/comments?post=1669"}],"version-history":[{"count":1,"href":"https:\/\/borgoparadiso.it\/de\/wp-json\/wp\/v2\/pages\/1669\/revisions"}],"predecessor-version":[{"id":1674,"href":"https:\/\/borgoparadiso.it\/de\/wp-json\/wp\/v2\/pages\/1669\/revisions\/1674"}],"wp:featuredmedia":[{"embeddable":true,"href":"https:\/\/borgoparadiso.it\/de\/wp-json\/wp\/v2\/media\/1609"}],"wp:attachment":[{"href":"https:\/\/borgoparadiso.it\/de\/wp-json\/wp\/v2\/media?parent=1669"}],"curies":[{"name":"wp","href":"https:\/\/api.w.org\/{rel}","templated":true}]}}