{"id":1398,"date":"2024-06-24T13:39:00","date_gmt":"2024-06-24T13:39:00","guid":{"rendered":"https:\/\/borgoparadiso.it\/il-mercato-di-luino\/"},"modified":"2024-10-14T13:47:51","modified_gmt":"2024-10-14T13:47:51","slug":"the-luino-market","status":"publish","type":"page","link":"https:\/\/borgoparadiso.it\/en\/the-luino-market\/","title":{"rendered":"The Luino Market"},"content":{"rendered":"<p><div class=\"fusion-fullwidth fullwidth-box fusion-builder-row-1 fusion-flex-container has-pattern-background has-mask-background fusion-parallax-none nonhundred-percent-fullwidth non-hundred-percent-height-scrolling lazyload fusion-custom-z-index\" style=\"--awb-border-radius-top-left:0px;--awb-border-radius-top-right:0px;--awb-border-radius-bottom-right:0px;--awb-border-radius-bottom-left:0px;--awb-z-index:0;--awb-padding-top:220px;--awb-padding-bottom:220px;--awb-padding-top-small:100px;--awb-padding-bottom-small:100px;--awb-background-image:linear-gradient(180deg, hsla(var(--awb-color3-h),var(--awb-color3-s),calc( var(--awb-color3-l) - 89% ),calc( var(--awb-color3-a) - 5% )) 0%,rgba(255,255,255,0) 92%);;--awb-background-size:cover;--awb-flex-wrap:wrap;\" data-bg=\"https:\/\/borgoparadiso.it\/wp-content\/uploads\/2024\/06\/BORGO-PARADISO-mercato-3.jpg\" data-bg-gradient=\"linear-gradient(180deg, hsla(var(--awb-color3-h),var(--awb-color3-s),calc( var(--awb-color3-l) - 89% ),calc( var(--awb-color3-a) - 5% )) 0%,rgba(255,255,255,0) 92%)\" ><div class=\"fusion-builder-row fusion-row fusion-flex-align-items-flex-start fusion-flex-content-wrap\" style=\"max-width:1248px;margin-left: calc(-4% \/ 2 );margin-right: calc(-4% \/ 2 );\"><div class=\"fusion-layout-column fusion_builder_column fusion-builder-column-0 fusion_builder_column_1_1 1_1 fusion-flex-column\" style=\"--awb-bg-size:cover;--awb-width-large:100%;--awb-margin-top-large:0px;--awb-spacing-right-large:1.92%;--awb-margin-bottom-large:20px;--awb-spacing-left-large:1.92%;--awb-width-medium:100%;--awb-order-medium:0;--awb-spacing-right-medium:1.92%;--awb-spacing-left-medium:1.92%;--awb-width-small:100%;--awb-order-small:0;--awb-spacing-right-small:1.92%;--awb-spacing-left-small:1.92%;\"><div class=\"fusion-column-wrapper fusion-column-has-shadow fusion-flex-justify-content-flex-start fusion-content-layout-column\"><div class=\"fusion-text fusion-text-1\" style=\"--awb-content-alignment:center;--awb-font-size:var(--awb-typography2-font-size);--awb-line-height:var(--awb-typography2-line-height);--awb-letter-spacing:var(--awb-typography2-letter-spacing);--awb-text-transform:var(--awb-typography2-text-transform);--awb-text-color:var(--awb-color1);--awb-text-font-family:var(--awb-typography2-font-family);--awb-text-font-weight:var(--awb-typography2-font-weight);--awb-text-font-style:var(--awb-typography2-font-style);\"><p>Borgo Paradiso<\/p>\n<\/div><div class=\"fusion-title title fusion-title-1 fusion-sep-none fusion-title-center fusion-title-text fusion-title-size-one\" style=\"--awb-text-color:var(--awb-color1);--awb-margin-top:-20px;--awb-margin-bottom:20px;--awb-margin-top-small:10px;--awb-margin-right-small:0px;--awb-margin-bottom-small:10px;--awb-margin-left-small:0px;--awb-font-size:60px;\"><h1 class=\"fusion-title-heading title-heading-center\" style=\"margin:0;text-transform:capitalize;font-size:1em;line-height:1em;\">The Luino Market<\/h1><\/div><\/div><\/div><\/div><\/div><div class=\"fusion-fullwidth fullwidth-box fusion-builder-row-2 fusion-flex-container hundred-percent-fullwidth non-hundred-percent-height-scrolling\" style=\"--awb-border-radius-top-left:0px;--awb-border-radius-top-right:0px;--awb-border-radius-bottom-right:0px;--awb-border-radius-bottom-left:0px;--awb-padding-right:0px;--awb-padding-left:0px;--awb-flex-wrap:wrap;\" ><div class=\"fusion-builder-row fusion-row fusion-flex-align-items-stretch fusion-flex-content-wrap\" style=\"width:104% !important;max-width:104% !important;margin-left: calc(-4% \/ 2 );margin-right: calc(-4% \/ 2 );\"><div class=\"fusion-layout-column fusion_builder_column fusion-builder-column-1 fusion_builder_column_1_2 1_2 fusion-flex-column\" style=\"--awb-bg-position:left center;--awb-bg-size:cover;--awb-width-large:50%;--awb-margin-top-large:0px;--awb-spacing-right-large:0%;--awb-margin-bottom-large:0px;--awb-spacing-left-large:3.84%;--awb-width-medium:50%;--awb-order-medium:0;--awb-spacing-right-medium:0%;--awb-spacing-left-medium:3.84%;--awb-width-small:100%;--awb-order-small:1;--awb-spacing-right-small:1.92%;--awb-spacing-left-small:1.92%;\" data-scroll-devices=\"small-visibility,medium-visibility,large-visibility\"><div class=\"fusion-column-wrapper lazyload fusion-column-has-shadow fusion-flex-justify-content-flex-start fusion-content-layout-column fusion-empty-column-bg-image fusion-column-has-bg-image\" data-bg-url=\"https:\/\/borgoparadiso.it\/wp-content\/uploads\/2024\/06\/BORGO-PARADISO-mercato.jpg\" data-bg=\"https:\/\/borgoparadiso.it\/wp-content\/uploads\/2024\/06\/BORGO-PARADISO-mercato.jpg\"><img decoding=\"async\" class=\"fusion-empty-dims-img-placeholder fusion-no-large-visibility fusion-no-medium-visibility\" aria-label=\"BORGO PARADISO mercato\" src=\"data:image\/svg+xml,%3Csvg%20xmlns%3D%27http%3A%2F%2Fwww.w3.org%2F2000%2Fsvg%27%20width%3D%271061%27%20height%3D%27796%27%20viewBox%3D%270%200%201061%20796%27%3E%3Crect%20width%3D%271061%27%20height%3D%27796%27%20fill-opacity%3D%220%22%2F%3E%3C%2Fsvg%3E\"><\/div><\/div><div class=\"fusion-layout-column fusion_builder_column fusion-builder-column-2 fusion_builder_column_1_2 1_2 fusion-flex-column\" style=\"--awb-padding-top:100px;--awb-padding-right:60px;--awb-padding-bottom:100px;--awb-padding-left:60px;--awb-bg-size:cover;--awb-width-large:50%;--awb-margin-top-large:0px;--awb-spacing-right-large:3.84%;--awb-margin-bottom-large:0px;--awb-spacing-left-large:0%;--awb-width-medium:50%;--awb-order-medium:0;--awb-spacing-right-medium:3.84%;--awb-spacing-left-medium:0%;--awb-width-small:100%;--awb-order-small:0;--awb-spacing-right-small:1.92%;--awb-spacing-left-small:1.92%;\"><div class=\"fusion-column-wrapper fusion-column-has-shadow fusion-flex-justify-content-flex-start fusion-content-layout-column\"><div class=\"fusion-title title fusion-title-2 fusion-sep-none fusion-title-text fusion-title-size-one\" style=\"--awb-text-color:var(--awb-color8);--awb-margin-top:-20px;--awb-margin-bottom:20px;--awb-margin-top-small:10px;--awb-margin-right-small:0px;--awb-margin-bottom-small:10px;--awb-margin-left-small:0px;--awb-font-size:60px;\"><h1 class=\"fusion-title-heading title-heading-left sm-text-align-center\" style=\"margin:0;text-transform:capitalize;font-size:1em;line-height:1em;\">The Luino Market<\/h1><\/div><div class=\"fusion-text fusion-text-2 sm-text-align-center\"><p>is one of the most eagerly awaited and fascinating events on Lake Maggiore. Founded in 1541, it is the oldest open-air market in the region and one of the largest in Europe. Every Wednesday, Luino is transformed into a lively centre of commercial and cultural exchange, attracting visitors from all over Italy and abroad.<\/p>\n<p><strong>A Unique Experience <\/strong><br \/>\nTo visit the Luino Market is to immerse oneself in a unique atmosphere, where tradition and modernity meet. The streets of the historic centre are filled with stalls offering a wide range of products, from gastronomic specialities to clothing, from local handicrafts to antiques.<\/p>\n<p><strong>Typical products and local specialities <\/strong><br \/>\nOne of the most fascinating aspects of the market is the opportunity to sample typical regional products. Among the market stalls, you will find artisanal cheeses, high-quality cold cuts, honey, jams and local wines. There is no shortage of fresh produce, such as seasonal fruit and vegetables, and ready-to-eat gastronomic delights, such as freshly baked bread and traditional sweets.<\/p>\n<\/div><\/div><\/div><\/div><\/div><div class=\"fusion-fullwidth fullwidth-box fusion-builder-row-3 fusion-flex-container hundred-percent-fullwidth non-hundred-percent-height-scrolling\" style=\"--awb-border-radius-top-left:0px;--awb-border-radius-top-right:0px;--awb-border-radius-bottom-right:0px;--awb-border-radius-bottom-left:0px;--awb-padding-right:0px;--awb-padding-left:0px;--awb-flex-wrap:wrap;\" ><div class=\"fusion-builder-row fusion-row fusion-flex-align-items-stretch fusion-flex-content-wrap\" style=\"width:104% !important;max-width:104% !important;margin-left: calc(-4% \/ 2 );margin-right: calc(-4% \/ 2 );\"><div class=\"fusion-layout-column fusion_builder_column fusion-builder-column-3 fusion_builder_column_1_2 1_2 fusion-flex-column\" style=\"--awb-padding-top:100px;--awb-padding-right:60px;--awb-padding-bottom:100px;--awb-padding-left:60px;--awb-bg-size:cover;--awb-width-large:50%;--awb-margin-top-large:0px;--awb-spacing-right-large:0%;--awb-margin-bottom-large:0px;--awb-spacing-left-large:3.84%;--awb-width-medium:50%;--awb-order-medium:0;--awb-spacing-right-medium:0%;--awb-spacing-left-medium:3.84%;--awb-width-small:100%;--awb-order-small:0;--awb-spacing-right-small:1.92%;--awb-spacing-left-small:1.92%;\"><div class=\"fusion-column-wrapper fusion-column-has-shadow fusion-flex-justify-content-flex-start fusion-content-layout-column\"><div class=\"fusion-title title fusion-title-3 fusion-sep-none fusion-title-text fusion-title-size-one\" style=\"--awb-text-color:var(--awb-color8);--awb-margin-top:-20px;--awb-margin-bottom:20px;--awb-margin-top-small:10px;--awb-margin-right-small:0px;--awb-margin-bottom-small:10px;--awb-margin-left-small:0px;--awb-font-size:60px;\"><h1 class=\"fusion-title-heading title-heading-left sm-text-align-center\" style=\"margin:0;text-transform:capitalize;font-size:1em;line-height:1em;\">Practical information<\/h1><\/div><div class=\"fusion-text fusion-text-3 sm-text-align-center\"><p>The market is held every Wednesday from early morning until the afternoon. It is advisable to arrive early to fully enjoy the experience and find the best bargains. The centre of Luino is easy to reach by car, with several car parks available, and by public transport, including trains and buses.<\/p>\n<p>If you are planning a visit to Lake Maggiore, don't miss the opportunity to explore the Luino market. It is an unmissable experience that will allow you to discover the local culture, do some quality shopping, and taste local delicacies. Get ready to experience a day of tradition, fun and discovery.<\/p>\n<\/div><\/div><\/div><div class=\"fusion-layout-column fusion_builder_column fusion-builder-column-4 fusion_builder_column_1_2 1_2 fusion-flex-column\" style=\"--awb-bg-position:center center;--awb-bg-size:cover;--awb-width-large:50%;--awb-margin-top-large:0px;--awb-spacing-right-large:0%;--awb-margin-bottom-large:0px;--awb-spacing-left-large:0%;--awb-width-medium:50%;--awb-order-medium:0;--awb-spacing-right-medium:0%;--awb-spacing-left-medium:0%;--awb-width-small:100%;--awb-order-small:0;--awb-spacing-right-small:1.92%;--awb-spacing-left-small:1.92%;\" data-scroll-devices=\"small-visibility,medium-visibility,large-visibility\"><div class=\"fusion-column-wrapper lazyload fusion-column-has-shadow fusion-flex-justify-content-flex-start fusion-content-layout-column fusion-empty-column-bg-image fusion-column-has-bg-image\" data-bg-url=\"https:\/\/borgoparadiso.it\/wp-content\/uploads\/2024\/06\/BORGO-PARADISO-mercato-2.jpg\" data-bg=\"https:\/\/borgoparadiso.it\/wp-content\/uploads\/2024\/06\/BORGO-PARADISO-mercato-2.jpg\"><img decoding=\"async\" class=\"fusion-empty-dims-img-placeholder fusion-no-large-visibility fusion-no-medium-visibility\" aria-label=\"BORGO PARADISO mercato 2\" src=\"data:image\/svg+xml,%3Csvg%20xmlns%3D%27http%3A%2F%2Fwww.w3.org%2F2000%2Fsvg%27%20width%3D%271200%27%20height%3D%27900%27%20viewBox%3D%270%200%201200%20900%27%3E%3Crect%20width%3D%271200%27%20height%3D%27900%27%20fill-opacity%3D%220%22%2F%3E%3C%2Fsvg%3E\"><\/div><\/div><\/div><\/div><\/p>\n","protected":false},"excerpt":{"rendered":"","protected":false},"author":1,"featured_media":1329,"parent":0,"menu_order":0,"comment_status":"closed","ping_status":"closed","template":"100-width.php","meta":{"footnotes":""},"class_list":["post-1398","page","type-page","status-publish","has-post-thumbnail","hentry"],"yoast_head":"<!-- This site is optimized with the Yoast SEO plugin v27.3 - https:\/\/yoast.com\/product\/yoast-seo-wordpress\/ -->\n<title>The Luino Market - Borgo Paradiso<\/title>\n<meta name=\"description\" content=\"Il Mercato di Luino \u00e8 uno degli appuntamenti pi\u00f9 attesi e affascinanti del Lago Maggiore. Ogni mercoled\u00ec, nel centro storico dal mattino\" \/>\n<meta name=\"robots\" content=\"index, follow, max-snippet:-1, max-image-preview:large, max-video-preview:-1\" \/>\n<link rel=\"canonical\" href=\"https:\/\/borgoparadiso.it\/en\/the-luino-market\/\" \/>\n<meta property=\"og:locale\" content=\"en_US\" \/>\n<meta property=\"og:type\" content=\"article\" \/>\n<meta property=\"og:title\" content=\"The Luino Market - Borgo Paradiso\" \/>\n<meta property=\"og:description\" content=\"Il Mercato di Luino \u00e8 uno degli appuntamenti pi\u00f9 attesi e affascinanti del Lago Maggiore. Ogni mercoled\u00ec, nel centro storico dal mattino\" \/>\n<meta property=\"og:url\" content=\"https:\/\/borgoparadiso.it\/en\/the-luino-market\/\" \/>\n<meta property=\"og:site_name\" content=\"Borgo Paradiso\" \/>\n<meta property=\"article:publisher\" content=\"https:\/\/www.facebook.com\/profile.php?id=100063970243550\" \/>\n<meta property=\"article:modified_time\" content=\"2024-10-14T13:47:51+00:00\" \/>\n<meta property=\"og:image\" content=\"https:\/\/borgoparadiso.it\/wp-content\/uploads\/2024\/06\/BORGO-PARADISO-mercato-3.jpg\" \/>\n\t<meta property=\"og:image:width\" content=\"2560\" \/>\n\t<meta property=\"og:image:height\" content=\"1871\" \/>\n\t<meta property=\"og:image:type\" content=\"image\/jpeg\" \/>\n<meta name=\"twitter:card\" content=\"summary_large_image\" \/>\n<meta name=\"twitter:label1\" content=\"Est. reading time\" \/>\n\t<meta name=\"twitter:data1\" content=\"3 minutes\" \/>\n<script type=\"application\/ld+json\" class=\"yoast-schema-graph\">{\"@context\":\"https:\\\/\\\/schema.org\",\"@graph\":[{\"@type\":\"WebPage\",\"@id\":\"https:\\\/\\\/borgoparadiso.it\\\/en\\\/the-luino-market\\\/\",\"url\":\"https:\\\/\\\/borgoparadiso.it\\\/en\\\/the-luino-market\\\/\",\"name\":\"The Luino Market - Borgo Paradiso\",\"isPartOf\":{\"@id\":\"https:\\\/\\\/borgoparadiso.it\\\/en\\\/#website\"},\"primaryImageOfPage\":{\"@id\":\"https:\\\/\\\/borgoparadiso.it\\\/en\\\/the-luino-market\\\/#primaryimage\"},\"image\":{\"@id\":\"https:\\\/\\\/borgoparadiso.it\\\/en\\\/the-luino-market\\\/#primaryimage\"},\"thumbnailUrl\":\"https:\\\/\\\/borgoparadiso.it\\\/wp-content\\\/uploads\\\/2024\\\/06\\\/BORGO-PARADISO-mercato-3.jpg\",\"datePublished\":\"2024-06-24T13:39:00+00:00\",\"dateModified\":\"2024-10-14T13:47:51+00:00\",\"description\":\"Il Mercato di Luino \u00e8 uno degli appuntamenti pi\u00f9 attesi e affascinanti del Lago Maggiore. Ogni mercoled\u00ec, nel centro storico dal mattino\",\"breadcrumb\":{\"@id\":\"https:\\\/\\\/borgoparadiso.it\\\/en\\\/the-luino-market\\\/#breadcrumb\"},\"inLanguage\":\"en-US\",\"potentialAction\":[{\"@type\":\"ReadAction\",\"target\":[\"https:\\\/\\\/borgoparadiso.it\\\/en\\\/the-luino-market\\\/\"]}]},{\"@type\":\"ImageObject\",\"inLanguage\":\"en-US\",\"@id\":\"https:\\\/\\\/borgoparadiso.it\\\/en\\\/the-luino-market\\\/#primaryimage\",\"url\":\"https:\\\/\\\/borgoparadiso.it\\\/wp-content\\\/uploads\\\/2024\\\/06\\\/BORGO-PARADISO-mercato-3.jpg\",\"contentUrl\":\"https:\\\/\\\/borgoparadiso.it\\\/wp-content\\\/uploads\\\/2024\\\/06\\\/BORGO-PARADISO-mercato-3.jpg\",\"width\":2560,\"height\":1871},{\"@type\":\"BreadcrumbList\",\"@id\":\"https:\\\/\\\/borgoparadiso.it\\\/en\\\/the-luino-market\\\/#breadcrumb\",\"itemListElement\":[{\"@type\":\"ListItem\",\"position\":1,\"name\":\"Home\",\"item\":\"https:\\\/\\\/borgoparadiso.it\\\/en\\\/\"},{\"@type\":\"ListItem\",\"position\":2,\"name\":\"The Luino Market\"}]},{\"@type\":\"WebSite\",\"@id\":\"https:\\\/\\\/borgoparadiso.it\\\/en\\\/#website\",\"url\":\"https:\\\/\\\/borgoparadiso.it\\\/en\\\/\",\"name\":\"Borgo Paradiso\",\"description\":\"Bed and Breakfast sul Lago Maggiore\",\"publisher\":{\"@id\":\"https:\\\/\\\/borgoparadiso.it\\\/en\\\/#organization\"},\"potentialAction\":[{\"@type\":\"SearchAction\",\"target\":{\"@type\":\"EntryPoint\",\"urlTemplate\":\"https:\\\/\\\/borgoparadiso.it\\\/en\\\/?s={search_term_string}\"},\"query-input\":{\"@type\":\"PropertyValueSpecification\",\"valueRequired\":true,\"valueName\":\"search_term_string\"}}],\"inLanguage\":\"en-US\"},{\"@type\":\"Organization\",\"@id\":\"https:\\\/\\\/borgoparadiso.it\\\/en\\\/#organization\",\"name\":\"Borgo Paradiso\",\"url\":\"https:\\\/\\\/borgoparadiso.it\\\/en\\\/\",\"logo\":{\"@type\":\"ImageObject\",\"inLanguage\":\"en-US\",\"@id\":\"https:\\\/\\\/borgoparadiso.it\\\/en\\\/#\\\/schema\\\/logo\\\/image\\\/\",\"url\":\"https:\\\/\\\/borgoparadiso.it\\\/wp-content\\\/uploads\\\/2024\\\/07\\\/BORGOPARADISO-LOGO-HEADER.png\",\"contentUrl\":\"https:\\\/\\\/borgoparadiso.it\\\/wp-content\\\/uploads\\\/2024\\\/07\\\/BORGOPARADISO-LOGO-HEADER.png\",\"width\":127,\"height\":100,\"caption\":\"Borgo Paradiso\"},\"image\":{\"@id\":\"https:\\\/\\\/borgoparadiso.it\\\/en\\\/#\\\/schema\\\/logo\\\/image\\\/\"},\"sameAs\":[\"https:\\\/\\\/www.facebook.com\\\/profile.php?id=100063970243550\",\"https:\\\/\\\/www.youtube.com\\\/channel\\\/UChetuflJjizaKjCOubdoTiw\"]}]}<\/script>\n<!-- \/ Yoast SEO plugin. -->","yoast_head_json":{"title":"The Luino Market - Borgo Paradiso","description":"Il Mercato di Luino \u00e8 uno degli appuntamenti pi\u00f9 attesi e affascinanti del Lago Maggiore. Ogni mercoled\u00ec, nel centro storico dal mattino","robots":{"index":"index","follow":"follow","max-snippet":"max-snippet:-1","max-image-preview":"max-image-preview:large","max-video-preview":"max-video-preview:-1"},"canonical":"https:\/\/borgoparadiso.it\/en\/the-luino-market\/","og_locale":"en_US","og_type":"article","og_title":"The Luino Market - Borgo Paradiso","og_description":"Il Mercato di Luino \u00e8 uno degli appuntamenti pi\u00f9 attesi e affascinanti del Lago Maggiore. Ogni mercoled\u00ec, nel centro storico dal mattino","og_url":"https:\/\/borgoparadiso.it\/en\/the-luino-market\/","og_site_name":"Borgo Paradiso","article_publisher":"https:\/\/www.facebook.com\/profile.php?id=100063970243550","article_modified_time":"2024-10-14T13:47:51+00:00","og_image":[{"width":2560,"height":1871,"url":"https:\/\/borgoparadiso.it\/wp-content\/uploads\/2024\/06\/BORGO-PARADISO-mercato-3.jpg","type":"image\/jpeg"}],"twitter_card":"summary_large_image","twitter_misc":{"Est. reading time":"3 minutes"},"schema":{"@context":"https:\/\/schema.org","@graph":[{"@type":"WebPage","@id":"https:\/\/borgoparadiso.it\/en\/the-luino-market\/","url":"https:\/\/borgoparadiso.it\/en\/the-luino-market\/","name":"The Luino Market - Borgo Paradiso","isPartOf":{"@id":"https:\/\/borgoparadiso.it\/en\/#website"},"primaryImageOfPage":{"@id":"https:\/\/borgoparadiso.it\/en\/the-luino-market\/#primaryimage"},"image":{"@id":"https:\/\/borgoparadiso.it\/en\/the-luino-market\/#primaryimage"},"thumbnailUrl":"https:\/\/borgoparadiso.it\/wp-content\/uploads\/2024\/06\/BORGO-PARADISO-mercato-3.jpg","datePublished":"2024-06-24T13:39:00+00:00","dateModified":"2024-10-14T13:47:51+00:00","description":"Il Mercato di Luino \u00e8 uno degli appuntamenti pi\u00f9 attesi e affascinanti del Lago Maggiore. Ogni mercoled\u00ec, nel centro storico dal mattino","breadcrumb":{"@id":"https:\/\/borgoparadiso.it\/en\/the-luino-market\/#breadcrumb"},"inLanguage":"en-US","potentialAction":[{"@type":"ReadAction","target":["https:\/\/borgoparadiso.it\/en\/the-luino-market\/"]}]},{"@type":"ImageObject","inLanguage":"en-US","@id":"https:\/\/borgoparadiso.it\/en\/the-luino-market\/#primaryimage","url":"https:\/\/borgoparadiso.it\/wp-content\/uploads\/2024\/06\/BORGO-PARADISO-mercato-3.jpg","contentUrl":"https:\/\/borgoparadiso.it\/wp-content\/uploads\/2024\/06\/BORGO-PARADISO-mercato-3.jpg","width":2560,"height":1871},{"@type":"BreadcrumbList","@id":"https:\/\/borgoparadiso.it\/en\/the-luino-market\/#breadcrumb","itemListElement":[{"@type":"ListItem","position":1,"name":"Home","item":"https:\/\/borgoparadiso.it\/en\/"},{"@type":"ListItem","position":2,"name":"The Luino Market"}]},{"@type":"WebSite","@id":"https:\/\/borgoparadiso.it\/en\/#website","url":"https:\/\/borgoparadiso.it\/en\/","name":"Borgo Paradiso","description":"Bed and Breakfast sul Lago Maggiore","publisher":{"@id":"https:\/\/borgoparadiso.it\/en\/#organization"},"potentialAction":[{"@type":"SearchAction","target":{"@type":"EntryPoint","urlTemplate":"https:\/\/borgoparadiso.it\/en\/?s={search_term_string}"},"query-input":{"@type":"PropertyValueSpecification","valueRequired":true,"valueName":"search_term_string"}}],"inLanguage":"en-US"},{"@type":"Organization","@id":"https:\/\/borgoparadiso.it\/en\/#organization","name":"Borgo Paradiso","url":"https:\/\/borgoparadiso.it\/en\/","logo":{"@type":"ImageObject","inLanguage":"en-US","@id":"https:\/\/borgoparadiso.it\/en\/#\/schema\/logo\/image\/","url":"https:\/\/borgoparadiso.it\/wp-content\/uploads\/2024\/07\/BORGOPARADISO-LOGO-HEADER.png","contentUrl":"https:\/\/borgoparadiso.it\/wp-content\/uploads\/2024\/07\/BORGOPARADISO-LOGO-HEADER.png","width":127,"height":100,"caption":"Borgo Paradiso"},"image":{"@id":"https:\/\/borgoparadiso.it\/en\/#\/schema\/logo\/image\/"},"sameAs":["https:\/\/www.facebook.com\/profile.php?id=100063970243550","https:\/\/www.youtube.com\/channel\/UChetuflJjizaKjCOubdoTiw"]}]}},"_links":{"self":[{"href":"https:\/\/borgoparadiso.it\/en\/wp-json\/wp\/v2\/pages\/1398","targetHints":{"allow":["GET"]}}],"collection":[{"href":"https:\/\/borgoparadiso.it\/en\/wp-json\/wp\/v2\/pages"}],"about":[{"href":"https:\/\/borgoparadiso.it\/en\/wp-json\/wp\/v2\/types\/page"}],"author":[{"embeddable":true,"href":"https:\/\/borgoparadiso.it\/en\/wp-json\/wp\/v2\/users\/1"}],"replies":[{"embeddable":true,"href":"https:\/\/borgoparadiso.it\/en\/wp-json\/wp\/v2\/comments?post=1398"}],"version-history":[{"count":2,"href":"https:\/\/borgoparadiso.it\/en\/wp-json\/wp\/v2\/pages\/1398\/revisions"}],"predecessor-version":[{"id":1400,"href":"https:\/\/borgoparadiso.it\/en\/wp-json\/wp\/v2\/pages\/1398\/revisions\/1400"}],"wp:featuredmedia":[{"embeddable":true,"href":"https:\/\/borgoparadiso.it\/en\/wp-json\/wp\/v2\/media\/1329"}],"wp:attachment":[{"href":"https:\/\/borgoparadiso.it\/en\/wp-json\/wp\/v2\/media?parent=1398"}],"curies":[{"name":"wp","href":"https:\/\/api.w.org\/{rel}","templated":true}]}}