{"id":1497,"date":"2024-06-24T13:39:00","date_gmt":"2024-06-24T13:39:00","guid":{"rendered":"https:\/\/borgoparadiso.it\/il-mercato-di-luino\/"},"modified":"2024-10-28T08:05:55","modified_gmt":"2024-10-28T08:05:55","slug":"le-marche-de-luino","status":"publish","type":"page","link":"https:\/\/borgoparadiso.it\/fr\/le-marche-de-luino\/","title":{"rendered":"Le march\u00e9 de Luino"},"content":{"rendered":"<p><div class=\"fusion-fullwidth fullwidth-box fusion-builder-row-1 fusion-flex-container has-pattern-background has-mask-background fusion-parallax-none nonhundred-percent-fullwidth non-hundred-percent-height-scrolling lazyload fusion-custom-z-index\" style=\"--awb-border-radius-top-left:0px;--awb-border-radius-top-right:0px;--awb-border-radius-bottom-right:0px;--awb-border-radius-bottom-left:0px;--awb-z-index:0;--awb-padding-top:220px;--awb-padding-bottom:220px;--awb-padding-top-small:100px;--awb-padding-bottom-small:100px;--awb-background-image:linear-gradient(180deg, hsla(var(--awb-color3-h),var(--awb-color3-s),calc( var(--awb-color3-l) - 89% ),calc( var(--awb-color3-a) - 5% )) 0%,rgba(255,255,255,0) 92%);;--awb-background-size:cover;--awb-flex-wrap:wrap;\" data-bg=\"https:\/\/borgoparadiso.it\/wp-content\/uploads\/2024\/06\/BORGO-PARADISO-mercato-3.jpg\" data-bg-gradient=\"linear-gradient(180deg, hsla(var(--awb-color3-h),var(--awb-color3-s),calc( var(--awb-color3-l) - 89% ),calc( var(--awb-color3-a) - 5% )) 0%,rgba(255,255,255,0) 92%)\" ><div class=\"fusion-builder-row fusion-row fusion-flex-align-items-flex-start fusion-flex-content-wrap\" style=\"max-width:1248px;margin-left: calc(-4% \/ 2 );margin-right: calc(-4% \/ 2 );\"><div class=\"fusion-layout-column fusion_builder_column fusion-builder-column-0 fusion_builder_column_1_1 1_1 fusion-flex-column\" style=\"--awb-bg-size:cover;--awb-width-large:100%;--awb-margin-top-large:0px;--awb-spacing-right-large:1.92%;--awb-margin-bottom-large:20px;--awb-spacing-left-large:1.92%;--awb-width-medium:100%;--awb-order-medium:0;--awb-spacing-right-medium:1.92%;--awb-spacing-left-medium:1.92%;--awb-width-small:100%;--awb-order-small:0;--awb-spacing-right-small:1.92%;--awb-spacing-left-small:1.92%;\"><div class=\"fusion-column-wrapper fusion-column-has-shadow fusion-flex-justify-content-flex-start fusion-content-layout-column\"><div class=\"fusion-text fusion-text-1\" style=\"--awb-content-alignment:center;--awb-font-size:var(--awb-typography2-font-size);--awb-line-height:var(--awb-typography2-line-height);--awb-letter-spacing:var(--awb-typography2-letter-spacing);--awb-text-transform:var(--awb-typography2-text-transform);--awb-text-color:var(--awb-color1);--awb-text-font-family:var(--awb-typography2-font-family);--awb-text-font-weight:var(--awb-typography2-font-weight);--awb-text-font-style:var(--awb-typography2-font-style);\"><p>Borgo Paradiso<\/p>\n<\/div><div class=\"fusion-title title fusion-title-1 fusion-sep-none fusion-title-center fusion-title-text fusion-title-size-one\" style=\"--awb-text-color:var(--awb-color1);--awb-margin-top:-20px;--awb-margin-bottom:20px;--awb-margin-top-small:10px;--awb-margin-right-small:0px;--awb-margin-bottom-small:10px;--awb-margin-left-small:0px;--awb-font-size:60px;\"><h1 class=\"fusion-title-heading title-heading-center\" style=\"margin:0;text-transform:capitalize;font-size:1em;line-height:1em;\">Le March\u00e9 de Luino<\/h1><\/div><\/div><\/div><\/div><\/div><div class=\"fusion-fullwidth fullwidth-box fusion-builder-row-2 fusion-flex-container hundred-percent-fullwidth non-hundred-percent-height-scrolling\" style=\"--awb-border-radius-top-left:0px;--awb-border-radius-top-right:0px;--awb-border-radius-bottom-right:0px;--awb-border-radius-bottom-left:0px;--awb-padding-right:0px;--awb-padding-left:0px;--awb-flex-wrap:wrap;\" ><div class=\"fusion-builder-row fusion-row fusion-flex-align-items-stretch fusion-flex-content-wrap\" style=\"width:104% !important;max-width:104% !important;margin-left: calc(-4% \/ 2 );margin-right: calc(-4% \/ 2 );\"><div class=\"fusion-layout-column fusion_builder_column fusion-builder-column-1 fusion_builder_column_1_2 1_2 fusion-flex-column\" style=\"--awb-bg-position:left center;--awb-bg-size:cover;--awb-width-large:50%;--awb-margin-top-large:0px;--awb-spacing-right-large:0%;--awb-margin-bottom-large:0px;--awb-spacing-left-large:3.84%;--awb-width-medium:50%;--awb-order-medium:0;--awb-spacing-right-medium:0%;--awb-spacing-left-medium:3.84%;--awb-width-small:100%;--awb-order-small:1;--awb-spacing-right-small:1.92%;--awb-spacing-left-small:1.92%;\" data-scroll-devices=\"small-visibility,medium-visibility,large-visibility\"><div class=\"fusion-column-wrapper lazyload fusion-column-has-shadow fusion-flex-justify-content-flex-start fusion-content-layout-column fusion-empty-column-bg-image fusion-column-has-bg-image\" data-bg-url=\"https:\/\/borgoparadiso.it\/wp-content\/uploads\/2024\/06\/BORGO-PARADISO-mercato.jpg\" data-bg=\"https:\/\/borgoparadiso.it\/wp-content\/uploads\/2024\/06\/BORGO-PARADISO-mercato.jpg\"><img decoding=\"async\" class=\"fusion-empty-dims-img-placeholder fusion-no-large-visibility fusion-no-medium-visibility\" aria-label=\"BORGO PARADISO mercato\" src=\"data:image\/svg+xml,%3Csvg%20xmlns%3D%27http%3A%2F%2Fwww.w3.org%2F2000%2Fsvg%27%20width%3D%271061%27%20height%3D%27796%27%20viewBox%3D%270%200%201061%20796%27%3E%3Crect%20width%3D%271061%27%20height%3D%27796%27%20fill-opacity%3D%220%22%2F%3E%3C%2Fsvg%3E\"><\/div><\/div><div class=\"fusion-layout-column fusion_builder_column fusion-builder-column-2 fusion_builder_column_1_2 1_2 fusion-flex-column\" style=\"--awb-padding-top:100px;--awb-padding-right:60px;--awb-padding-bottom:100px;--awb-padding-left:60px;--awb-bg-size:cover;--awb-width-large:50%;--awb-margin-top-large:0px;--awb-spacing-right-large:3.84%;--awb-margin-bottom-large:0px;--awb-spacing-left-large:0%;--awb-width-medium:50%;--awb-order-medium:0;--awb-spacing-right-medium:3.84%;--awb-spacing-left-medium:0%;--awb-width-small:100%;--awb-order-small:0;--awb-spacing-right-small:1.92%;--awb-spacing-left-small:1.92%;\"><div class=\"fusion-column-wrapper fusion-column-has-shadow fusion-flex-justify-content-flex-start fusion-content-layout-column\"><div class=\"fusion-title title fusion-title-2 fusion-sep-none fusion-title-text fusion-title-size-one\" style=\"--awb-text-color:var(--awb-color8);--awb-margin-top:-20px;--awb-margin-bottom:20px;--awb-margin-top-small:10px;--awb-margin-right-small:0px;--awb-margin-bottom-small:10px;--awb-margin-left-small:0px;--awb-font-size:60px;\"><h1 class=\"fusion-title-heading title-heading-left sm-text-align-center\" style=\"margin:0;text-transform:capitalize;font-size:1em;line-height:1em;\">Le March\u00e9 de Luino<\/h1><\/div><div class=\"fusion-text fusion-text-2 sm-text-align-center\"><p>Le March\u00e9 de Luino est l'un des \u00e9v\u00e9nements les plus attendus et fascinants du Lac Majeur. Fond\u00e9 en 1541, il est le plus ancien march\u00e9 en plein air de la r\u00e9gion et l'un des plus grands d'Europe. Chaque mercredi, Luino se transforme en un centre dynamique d'\u00e9changes commerciaux et culturels, attirant des visiteurs de toute l'Italie et de l'\u00e9tranger. <\/p>\n<p><strong>Une Exp\u00e9rience Unique<\/strong><br \/>\nVisiter le March\u00e9 de Luino signifie s'immerger dans une atmosph\u00e8re unique, o\u00f9 tradition et modernit\u00e9 se rencontrent. Les rues du centre historique se remplissent de stands offrant une vaste gamme de produits, des sp\u00e9cialit\u00e9s gastronomiques aux v\u00eatements, de l'artisanat local aux objets anciens. <\/p>\n<p><strong>Produits Typiques et Sp\u00e9cialit\u00e9s Locales<\/strong><br \/>\nL'un des aspects les plus fascinants du march\u00e9 est la possibilit\u00e9 de go\u00fbter aux produits typiques de la r\u00e9gion. Parmi les \u00e9tals, vous trouverez des fromages artisanaux, des charcuteries de haute qualit\u00e9, du miel, des confitures et des vins locaux. Il ne manque pas de produits frais, tels que des fruits et l\u00e9gumes de saison, ainsi que des d\u00e9lices gastronomiques pr\u00eats \u00e0 \u00eatre d\u00e9gust\u00e9s, comme du pain fra\u00eechement cuit et des p\u00e2tisseries traditionnelles.<\/p>\n<\/div><\/div><\/div><\/div><\/div><div class=\"fusion-fullwidth fullwidth-box fusion-builder-row-3 fusion-flex-container hundred-percent-fullwidth non-hundred-percent-height-scrolling\" style=\"--awb-border-radius-top-left:0px;--awb-border-radius-top-right:0px;--awb-border-radius-bottom-right:0px;--awb-border-radius-bottom-left:0px;--awb-padding-right:0px;--awb-padding-left:0px;--awb-flex-wrap:wrap;\" ><div class=\"fusion-builder-row fusion-row fusion-flex-align-items-stretch fusion-flex-content-wrap\" style=\"width:104% !important;max-width:104% !important;margin-left: calc(-4% \/ 2 );margin-right: calc(-4% \/ 2 );\"><div class=\"fusion-layout-column fusion_builder_column fusion-builder-column-3 fusion_builder_column_1_2 1_2 fusion-flex-column\" style=\"--awb-padding-top:100px;--awb-padding-right:60px;--awb-padding-bottom:100px;--awb-padding-left:60px;--awb-bg-size:cover;--awb-width-large:50%;--awb-margin-top-large:0px;--awb-spacing-right-large:0%;--awb-margin-bottom-large:0px;--awb-spacing-left-large:3.84%;--awb-width-medium:50%;--awb-order-medium:0;--awb-spacing-right-medium:0%;--awb-spacing-left-medium:3.84%;--awb-width-small:100%;--awb-order-small:0;--awb-spacing-right-small:1.92%;--awb-spacing-left-small:1.92%;\"><div class=\"fusion-column-wrapper fusion-column-has-shadow fusion-flex-justify-content-flex-start fusion-content-layout-column\"><div class=\"fusion-title title fusion-title-3 fusion-sep-none fusion-title-text fusion-title-size-one\" style=\"--awb-text-color:var(--awb-color8);--awb-margin-top:-20px;--awb-margin-bottom:20px;--awb-margin-top-small:10px;--awb-margin-right-small:0px;--awb-margin-bottom-small:10px;--awb-margin-left-small:0px;--awb-font-size:60px;\"><h1 class=\"fusion-title-heading title-heading-left sm-text-align-center\" style=\"margin:0;text-transform:capitalize;font-size:1em;line-height:1em;\">Informations Pratiques<\/h1><\/div><div class=\"fusion-text fusion-text-3 sm-text-align-center\"><p>Le march\u00e9 a lieu chaque mercredi, d\u00e8s les premi\u00e8res heures du matin jusqu'\u00e0 l'apr\u00e8s-midi. Il est conseill\u00e9 d'arriver t\u00f4t pour profiter pleinement de l'exp\u00e9rience et trouver les meilleures affaires. Le centre de Luino est facilement accessible en voiture, avec plusieurs parkings disponibles, ainsi qu'en transports publics, y compris les trains et les bus. <\/p>\n<p>Si vous pr\u00e9voyez une visite au Lac Majeur, ne manquez pas l'occasion d'explorer le March\u00e9 de Luino. C'est une exp\u00e9rience incontournable qui vous permettra de d\u00e9couvrir la culture locale, de faire du shopping de qualit\u00e9 et de go\u00fbter aux sp\u00e9cialit\u00e9s de la r\u00e9gion. Pr\u00e9parez-vous \u00e0 vivre une journ\u00e9e sous le signe de la tradition, du divertissement et de la d\u00e9couverte.<\/p>\n<\/div><\/div><\/div><div class=\"fusion-layout-column fusion_builder_column fusion-builder-column-4 fusion_builder_column_1_2 1_2 fusion-flex-column\" style=\"--awb-bg-position:center center;--awb-bg-size:cover;--awb-width-large:50%;--awb-margin-top-large:0px;--awb-spacing-right-large:0%;--awb-margin-bottom-large:0px;--awb-spacing-left-large:0%;--awb-width-medium:50%;--awb-order-medium:0;--awb-spacing-right-medium:0%;--awb-spacing-left-medium:0%;--awb-width-small:100%;--awb-order-small:0;--awb-spacing-right-small:1.92%;--awb-spacing-left-small:1.92%;\" data-scroll-devices=\"small-visibility,medium-visibility,large-visibility\"><div class=\"fusion-column-wrapper lazyload fusion-column-has-shadow fusion-flex-justify-content-flex-start fusion-content-layout-column fusion-empty-column-bg-image fusion-column-has-bg-image\" data-bg-url=\"https:\/\/borgoparadiso.it\/wp-content\/uploads\/2024\/06\/BORGO-PARADISO-mercato-2.jpg\" data-bg=\"https:\/\/borgoparadiso.it\/wp-content\/uploads\/2024\/06\/BORGO-PARADISO-mercato-2.jpg\"><img decoding=\"async\" class=\"fusion-empty-dims-img-placeholder fusion-no-large-visibility fusion-no-medium-visibility\" aria-label=\"BORGO PARADISO mercato 2\" src=\"data:image\/svg+xml,%3Csvg%20xmlns%3D%27http%3A%2F%2Fwww.w3.org%2F2000%2Fsvg%27%20width%3D%271200%27%20height%3D%27900%27%20viewBox%3D%270%200%201200%20900%27%3E%3Crect%20width%3D%271200%27%20height%3D%27900%27%20fill-opacity%3D%220%22%2F%3E%3C%2Fsvg%3E\"><\/div><\/div><\/div><\/div><\/p>\n","protected":false},"excerpt":{"rendered":"","protected":false},"author":1,"featured_media":1499,"parent":0,"menu_order":0,"comment_status":"closed","ping_status":"closed","template":"100-width.php","meta":{"footnotes":""},"class_list":["post-1497","page","type-page","status-publish","has-post-thumbnail","hentry"],"yoast_head":"<!-- This site is optimized with the Yoast SEO plugin v27.4 - https:\/\/yoast.com\/product\/yoast-seo-wordpress\/ -->\n<title>Le march\u00e9 de Luino - Borgo Paradiso<\/title>\n<meta name=\"robots\" content=\"index, follow, max-snippet:-1, max-image-preview:large, max-video-preview:-1\" \/>\n<link rel=\"canonical\" href=\"https:\/\/borgoparadiso.it\/fr\/le-marche-de-luino\/\" \/>\n<meta property=\"og:locale\" content=\"fr_FR\" \/>\n<meta property=\"og:type\" content=\"article\" \/>\n<meta property=\"og:title\" content=\"Le march\u00e9 de Luino - Borgo Paradiso\" \/>\n<meta property=\"og:url\" content=\"https:\/\/borgoparadiso.it\/fr\/le-marche-de-luino\/\" \/>\n<meta property=\"og:site_name\" content=\"Borgo Paradiso\" \/>\n<meta property=\"article:publisher\" content=\"https:\/\/www.facebook.com\/profile.php?id=100063970243550\" \/>\n<meta property=\"article:modified_time\" content=\"2024-10-28T08:05:55+00:00\" \/>\n<meta property=\"og:image\" content=\"https:\/\/borgoparadiso.it\/wp-content\/uploads\/2024\/06\/BORGO-PARADISO-mercato-3.jpg\" \/>\n\t<meta property=\"og:image:width\" content=\"2560\" \/>\n\t<meta property=\"og:image:height\" content=\"1871\" \/>\n\t<meta property=\"og:image:type\" content=\"image\/jpeg\" \/>\n<meta name=\"twitter:card\" content=\"summary_large_image\" \/>\n<meta name=\"twitter:label1\" content=\"Dur\u00e9e de lecture estim\u00e9e\" \/>\n\t<meta name=\"twitter:data1\" content=\"3 minutes\" \/>\n<script type=\"application\/ld+json\" class=\"yoast-schema-graph\">{\"@context\":\"https:\\\/\\\/schema.org\",\"@graph\":[{\"@type\":\"WebPage\",\"@id\":\"https:\\\/\\\/borgoparadiso.it\\\/fr\\\/le-marche-de-luino\\\/\",\"url\":\"https:\\\/\\\/borgoparadiso.it\\\/fr\\\/le-marche-de-luino\\\/\",\"name\":\"Le march\u00e9 de Luino - Borgo Paradiso\",\"isPartOf\":{\"@id\":\"https:\\\/\\\/borgoparadiso.it\\\/fr\\\/#website\"},\"primaryImageOfPage\":{\"@id\":\"https:\\\/\\\/borgoparadiso.it\\\/fr\\\/le-marche-de-luino\\\/#primaryimage\"},\"image\":{\"@id\":\"https:\\\/\\\/borgoparadiso.it\\\/fr\\\/le-marche-de-luino\\\/#primaryimage\"},\"thumbnailUrl\":\"https:\\\/\\\/borgoparadiso.it\\\/wp-content\\\/uploads\\\/2024\\\/06\\\/BORGO-PARADISO-mercato-3.jpg\",\"datePublished\":\"2024-06-24T13:39:00+00:00\",\"dateModified\":\"2024-10-28T08:05:55+00:00\",\"breadcrumb\":{\"@id\":\"https:\\\/\\\/borgoparadiso.it\\\/fr\\\/le-marche-de-luino\\\/#breadcrumb\"},\"inLanguage\":\"fr-FR\",\"potentialAction\":[{\"@type\":\"ReadAction\",\"target\":[\"https:\\\/\\\/borgoparadiso.it\\\/fr\\\/le-marche-de-luino\\\/\"]}]},{\"@type\":\"ImageObject\",\"inLanguage\":\"fr-FR\",\"@id\":\"https:\\\/\\\/borgoparadiso.it\\\/fr\\\/le-marche-de-luino\\\/#primaryimage\",\"url\":\"https:\\\/\\\/borgoparadiso.it\\\/wp-content\\\/uploads\\\/2024\\\/06\\\/BORGO-PARADISO-mercato-3.jpg\",\"contentUrl\":\"https:\\\/\\\/borgoparadiso.it\\\/wp-content\\\/uploads\\\/2024\\\/06\\\/BORGO-PARADISO-mercato-3.jpg\",\"width\":2560,\"height\":1871},{\"@type\":\"BreadcrumbList\",\"@id\":\"https:\\\/\\\/borgoparadiso.it\\\/fr\\\/le-marche-de-luino\\\/#breadcrumb\",\"itemListElement\":[{\"@type\":\"ListItem\",\"position\":1,\"name\":\"Home\",\"item\":\"https:\\\/\\\/borgoparadiso.it\\\/fr\\\/\"},{\"@type\":\"ListItem\",\"position\":2,\"name\":\"Le march\u00e9 de Luino\"}]},{\"@type\":\"WebSite\",\"@id\":\"https:\\\/\\\/borgoparadiso.it\\\/fr\\\/#website\",\"url\":\"https:\\\/\\\/borgoparadiso.it\\\/fr\\\/\",\"name\":\"Borgo Paradiso\",\"description\":\"Bed and Breakfast sul Lago Maggiore\",\"publisher\":{\"@id\":\"https:\\\/\\\/borgoparadiso.it\\\/fr\\\/#organization\"},\"potentialAction\":[{\"@type\":\"SearchAction\",\"target\":{\"@type\":\"EntryPoint\",\"urlTemplate\":\"https:\\\/\\\/borgoparadiso.it\\\/fr\\\/?s={search_term_string}\"},\"query-input\":{\"@type\":\"PropertyValueSpecification\",\"valueRequired\":true,\"valueName\":\"search_term_string\"}}],\"inLanguage\":\"fr-FR\"},{\"@type\":\"Organization\",\"@id\":\"https:\\\/\\\/borgoparadiso.it\\\/fr\\\/#organization\",\"name\":\"Borgo Paradiso\",\"url\":\"https:\\\/\\\/borgoparadiso.it\\\/fr\\\/\",\"logo\":{\"@type\":\"ImageObject\",\"inLanguage\":\"fr-FR\",\"@id\":\"https:\\\/\\\/borgoparadiso.it\\\/fr\\\/#\\\/schema\\\/logo\\\/image\\\/\",\"url\":\"https:\\\/\\\/borgoparadiso.it\\\/wp-content\\\/uploads\\\/2024\\\/07\\\/BORGOPARADISO-LOGO-HEADER.png\",\"contentUrl\":\"https:\\\/\\\/borgoparadiso.it\\\/wp-content\\\/uploads\\\/2024\\\/07\\\/BORGOPARADISO-LOGO-HEADER.png\",\"width\":127,\"height\":100,\"caption\":\"Borgo Paradiso\"},\"image\":{\"@id\":\"https:\\\/\\\/borgoparadiso.it\\\/fr\\\/#\\\/schema\\\/logo\\\/image\\\/\"},\"sameAs\":[\"https:\\\/\\\/www.facebook.com\\\/profile.php?id=100063970243550\",\"https:\\\/\\\/www.youtube.com\\\/channel\\\/UChetuflJjizaKjCOubdoTiw\"]}]}<\/script>\n<!-- \/ Yoast SEO plugin. -->","yoast_head_json":{"title":"Le march\u00e9 de Luino - Borgo Paradiso","robots":{"index":"index","follow":"follow","max-snippet":"max-snippet:-1","max-image-preview":"max-image-preview:large","max-video-preview":"max-video-preview:-1"},"canonical":"https:\/\/borgoparadiso.it\/fr\/le-marche-de-luino\/","og_locale":"fr_FR","og_type":"article","og_title":"Le march\u00e9 de Luino - Borgo Paradiso","og_url":"https:\/\/borgoparadiso.it\/fr\/le-marche-de-luino\/","og_site_name":"Borgo Paradiso","article_publisher":"https:\/\/www.facebook.com\/profile.php?id=100063970243550","article_modified_time":"2024-10-28T08:05:55+00:00","og_image":[{"width":2560,"height":1871,"url":"https:\/\/borgoparadiso.it\/wp-content\/uploads\/2024\/06\/BORGO-PARADISO-mercato-3.jpg","type":"image\/jpeg"}],"twitter_card":"summary_large_image","twitter_misc":{"Dur\u00e9e de lecture estim\u00e9e":"3 minutes"},"schema":{"@context":"https:\/\/schema.org","@graph":[{"@type":"WebPage","@id":"https:\/\/borgoparadiso.it\/fr\/le-marche-de-luino\/","url":"https:\/\/borgoparadiso.it\/fr\/le-marche-de-luino\/","name":"Le march\u00e9 de Luino - Borgo Paradiso","isPartOf":{"@id":"https:\/\/borgoparadiso.it\/fr\/#website"},"primaryImageOfPage":{"@id":"https:\/\/borgoparadiso.it\/fr\/le-marche-de-luino\/#primaryimage"},"image":{"@id":"https:\/\/borgoparadiso.it\/fr\/le-marche-de-luino\/#primaryimage"},"thumbnailUrl":"https:\/\/borgoparadiso.it\/wp-content\/uploads\/2024\/06\/BORGO-PARADISO-mercato-3.jpg","datePublished":"2024-06-24T13:39:00+00:00","dateModified":"2024-10-28T08:05:55+00:00","breadcrumb":{"@id":"https:\/\/borgoparadiso.it\/fr\/le-marche-de-luino\/#breadcrumb"},"inLanguage":"fr-FR","potentialAction":[{"@type":"ReadAction","target":["https:\/\/borgoparadiso.it\/fr\/le-marche-de-luino\/"]}]},{"@type":"ImageObject","inLanguage":"fr-FR","@id":"https:\/\/borgoparadiso.it\/fr\/le-marche-de-luino\/#primaryimage","url":"https:\/\/borgoparadiso.it\/wp-content\/uploads\/2024\/06\/BORGO-PARADISO-mercato-3.jpg","contentUrl":"https:\/\/borgoparadiso.it\/wp-content\/uploads\/2024\/06\/BORGO-PARADISO-mercato-3.jpg","width":2560,"height":1871},{"@type":"BreadcrumbList","@id":"https:\/\/borgoparadiso.it\/fr\/le-marche-de-luino\/#breadcrumb","itemListElement":[{"@type":"ListItem","position":1,"name":"Home","item":"https:\/\/borgoparadiso.it\/fr\/"},{"@type":"ListItem","position":2,"name":"Le march\u00e9 de Luino"}]},{"@type":"WebSite","@id":"https:\/\/borgoparadiso.it\/fr\/#website","url":"https:\/\/borgoparadiso.it\/fr\/","name":"Borgo Paradiso","description":"Bed and Breakfast sul Lago Maggiore","publisher":{"@id":"https:\/\/borgoparadiso.it\/fr\/#organization"},"potentialAction":[{"@type":"SearchAction","target":{"@type":"EntryPoint","urlTemplate":"https:\/\/borgoparadiso.it\/fr\/?s={search_term_string}"},"query-input":{"@type":"PropertyValueSpecification","valueRequired":true,"valueName":"search_term_string"}}],"inLanguage":"fr-FR"},{"@type":"Organization","@id":"https:\/\/borgoparadiso.it\/fr\/#organization","name":"Borgo Paradiso","url":"https:\/\/borgoparadiso.it\/fr\/","logo":{"@type":"ImageObject","inLanguage":"fr-FR","@id":"https:\/\/borgoparadiso.it\/fr\/#\/schema\/logo\/image\/","url":"https:\/\/borgoparadiso.it\/wp-content\/uploads\/2024\/07\/BORGOPARADISO-LOGO-HEADER.png","contentUrl":"https:\/\/borgoparadiso.it\/wp-content\/uploads\/2024\/07\/BORGOPARADISO-LOGO-HEADER.png","width":127,"height":100,"caption":"Borgo Paradiso"},"image":{"@id":"https:\/\/borgoparadiso.it\/fr\/#\/schema\/logo\/image\/"},"sameAs":["https:\/\/www.facebook.com\/profile.php?id=100063970243550","https:\/\/www.youtube.com\/channel\/UChetuflJjizaKjCOubdoTiw"]}]}},"_links":{"self":[{"href":"https:\/\/borgoparadiso.it\/fr\/wp-json\/wp\/v2\/pages\/1497","targetHints":{"allow":["GET"]}}],"collection":[{"href":"https:\/\/borgoparadiso.it\/fr\/wp-json\/wp\/v2\/pages"}],"about":[{"href":"https:\/\/borgoparadiso.it\/fr\/wp-json\/wp\/v2\/types\/page"}],"author":[{"embeddable":true,"href":"https:\/\/borgoparadiso.it\/fr\/wp-json\/wp\/v2\/users\/1"}],"replies":[{"embeddable":true,"href":"https:\/\/borgoparadiso.it\/fr\/wp-json\/wp\/v2\/comments?post=1497"}],"version-history":[{"count":3,"href":"https:\/\/borgoparadiso.it\/fr\/wp-json\/wp\/v2\/pages\/1497\/revisions"}],"predecessor-version":[{"id":1738,"href":"https:\/\/borgoparadiso.it\/fr\/wp-json\/wp\/v2\/pages\/1497\/revisions\/1738"}],"wp:featuredmedia":[{"embeddable":true,"href":"https:\/\/borgoparadiso.it\/fr\/wp-json\/wp\/v2\/media\/1499"}],"wp:attachment":[{"href":"https:\/\/borgoparadiso.it\/fr\/wp-json\/wp\/v2\/media?parent=1497"}],"curies":[{"name":"wp","href":"https:\/\/api.w.org\/{rel}","templated":true}]}}