{"id":1514,"date":"2024-06-24T13:47:25","date_gmt":"2024-06-24T13:47:25","guid":{"rendered":"https:\/\/borgoparadiso.it\/natura\/"},"modified":"2024-10-17T14:13:44","modified_gmt":"2024-10-17T14:13:44","slug":"nature","status":"publish","type":"page","link":"https:\/\/borgoparadiso.it\/fr\/nature\/","title":{"rendered":"Nature"},"content":{"rendered":"<p><div class=\"fusion-fullwidth fullwidth-box fusion-builder-row-1 fusion-flex-container has-pattern-background has-mask-background fusion-parallax-none nonhundred-percent-fullwidth non-hundred-percent-height-scrolling lazyload fusion-custom-z-index\" style=\"--awb-border-radius-top-left:0px;--awb-border-radius-top-right:0px;--awb-border-radius-bottom-right:0px;--awb-border-radius-bottom-left:0px;--awb-z-index:0;--awb-padding-top:220px;--awb-padding-bottom:220px;--awb-padding-top-small:100px;--awb-padding-bottom-small:100px;--awb-background-image:linear-gradient(180deg, hsla(var(--awb-color3-h),var(--awb-color3-s),calc( var(--awb-color3-l) - 89% ),calc( var(--awb-color3-a) - 5% )) 0%,rgba(255,255,255,0) 92%);;--awb-background-size:cover;--awb-flex-wrap:wrap;\" data-bg=\"https:\/\/borgoparadiso.it\/wp-content\/uploads\/2024\/06\/Terre-Borromeo-Isola-Madre.jpg\" data-bg-gradient=\"linear-gradient(180deg, hsla(var(--awb-color3-h),var(--awb-color3-s),calc( var(--awb-color3-l) - 89% ),calc( var(--awb-color3-a) - 5% )) 0%,rgba(255,255,255,0) 92%)\" ><div class=\"fusion-builder-row fusion-row fusion-flex-align-items-flex-start fusion-flex-content-wrap\" style=\"max-width:1248px;margin-left: calc(-4% \/ 2 );margin-right: calc(-4% \/ 2 );\"><div class=\"fusion-layout-column fusion_builder_column fusion-builder-column-0 fusion_builder_column_1_1 1_1 fusion-flex-column\" style=\"--awb-bg-size:cover;--awb-width-large:100%;--awb-margin-top-large:0px;--awb-spacing-right-large:1.92%;--awb-margin-bottom-large:20px;--awb-spacing-left-large:1.92%;--awb-width-medium:100%;--awb-order-medium:0;--awb-spacing-right-medium:1.92%;--awb-spacing-left-medium:1.92%;--awb-width-small:100%;--awb-order-small:0;--awb-spacing-right-small:1.92%;--awb-spacing-left-small:1.92%;\"><div class=\"fusion-column-wrapper fusion-column-has-shadow fusion-flex-justify-content-flex-start fusion-content-layout-column\"><div class=\"fusion-text fusion-text-1\" style=\"--awb-content-alignment:center;--awb-font-size:var(--awb-typography2-font-size);--awb-line-height:var(--awb-typography2-line-height);--awb-letter-spacing:var(--awb-typography2-letter-spacing);--awb-text-transform:var(--awb-typography2-text-transform);--awb-text-color:var(--awb-color1);--awb-text-font-family:var(--awb-typography2-font-family);--awb-text-font-weight:var(--awb-typography2-font-weight);--awb-text-font-style:var(--awb-typography2-font-style);\"><p>Borgo Paradiso<\/p>\n<\/div><div class=\"fusion-title title fusion-title-1 fusion-sep-none fusion-title-center fusion-title-text fusion-title-size-one\" style=\"--awb-text-color:var(--awb-color1);--awb-margin-top:-20px;--awb-margin-bottom:20px;--awb-margin-top-small:10px;--awb-margin-right-small:0px;--awb-margin-bottom-small:10px;--awb-margin-left-small:0px;--awb-font-size:60px;\"><h1 class=\"fusion-title-heading title-heading-center\" style=\"margin:0;text-transform:capitalize;font-size:1em;line-height:1em;\">Nature<\/h1><\/div><\/div><\/div><\/div><\/div><div class=\"fusion-fullwidth fullwidth-box fusion-builder-row-2 fusion-flex-container hundred-percent-fullwidth non-hundred-percent-height-scrolling\" style=\"--awb-border-radius-top-left:0px;--awb-border-radius-top-right:0px;--awb-border-radius-bottom-right:0px;--awb-border-radius-bottom-left:0px;--awb-padding-right:0px;--awb-padding-left:0px;--awb-flex-wrap:wrap;\" ><div class=\"fusion-builder-row fusion-row fusion-flex-align-items-stretch fusion-flex-content-wrap\" style=\"width:104% !important;max-width:104% !important;margin-left: calc(-4% \/ 2 );margin-right: calc(-4% \/ 2 );\"><div class=\"fusion-layout-column fusion_builder_column fusion-builder-column-1 fusion_builder_column_1_2 1_2 fusion-flex-column\" style=\"--awb-bg-position:left center;--awb-bg-size:cover;--awb-width-large:50%;--awb-margin-top-large:0px;--awb-spacing-right-large:0%;--awb-margin-bottom-large:0px;--awb-spacing-left-large:3.84%;--awb-width-medium:50%;--awb-order-medium:0;--awb-spacing-right-medium:0%;--awb-spacing-left-medium:3.84%;--awb-width-small:100%;--awb-order-small:1;--awb-spacing-right-small:1.92%;--awb-spacing-left-small:1.92%;\" data-scroll-devices=\"small-visibility,medium-visibility,large-visibility\"><div class=\"fusion-column-wrapper lazyload fusion-column-has-shadow fusion-flex-justify-content-flex-start fusion-content-layout-column fusion-empty-column-bg-image fusion-column-has-bg-image\" data-bg-url=\"https:\/\/borgoparadiso.it\/wp-content\/uploads\/2024\/06\/traversata-classica-val-grande-4.jpg\" data-bg=\"https:\/\/borgoparadiso.it\/wp-content\/uploads\/2024\/06\/traversata-classica-val-grande-4.jpg\"><img decoding=\"async\" class=\"fusion-empty-dims-img-placeholder fusion-no-large-visibility fusion-no-medium-visibility\" aria-label=\"traversata-classica-val-grande-4\" src=\"data:image\/svg+xml,%3Csvg%20xmlns%3D%27http%3A%2F%2Fwww.w3.org%2F2000%2Fsvg%27%20width%3D%271200%27%20height%3D%27741%27%20viewBox%3D%270%200%201200%20741%27%3E%3Crect%20width%3D%271200%27%20height%3D%27741%27%20fill-opacity%3D%220%22%2F%3E%3C%2Fsvg%3E\"><\/div><\/div><div class=\"fusion-layout-column fusion_builder_column fusion-builder-column-2 fusion_builder_column_1_2 1_2 fusion-flex-column\" style=\"--awb-padding-top:100px;--awb-padding-right:60px;--awb-padding-bottom:100px;--awb-padding-left:60px;--awb-bg-size:cover;--awb-width-large:50%;--awb-margin-top-large:0px;--awb-spacing-right-large:3.84%;--awb-margin-bottom-large:0px;--awb-spacing-left-large:0%;--awb-width-medium:50%;--awb-order-medium:0;--awb-spacing-right-medium:3.84%;--awb-spacing-left-medium:0%;--awb-width-small:100%;--awb-order-small:0;--awb-spacing-right-small:1.92%;--awb-spacing-left-small:1.92%;\"><div class=\"fusion-column-wrapper fusion-column-has-shadow fusion-flex-justify-content-flex-start fusion-content-layout-column\"><div class=\"fusion-title title fusion-title-2 fusion-sep-none fusion-title-text fusion-title-size-one\" style=\"--awb-text-color:var(--awb-color8);--awb-margin-top:-20px;--awb-margin-bottom:20px;--awb-margin-top-small:10px;--awb-margin-right-small:0px;--awb-margin-bottom-small:10px;--awb-margin-left-small:0px;--awb-font-size:60px;\"><h1 class=\"fusion-title-heading title-heading-left sm-text-align-center\" style=\"margin:0;text-transform:capitalize;font-size:1em;line-height:1em;\">Nature pr\u00e8s de Borgo Paradiso<\/h1><\/div><div class=\"fusion-text fusion-text-2 sm-text-align-center\"><p>La r\u00e9gion autour de Borgo Paradiso, situ\u00e9e au bord du Lac Majeur, offre une incroyable vari\u00e9t\u00e9 de paysages naturels et d\u2019activit\u00e9s en plein air. Entour\u00e9 de montagnes, de for\u00eats et de cours d\u2019eau, Borgo Paradiso est le point de d\u00e9part id\u00e9al pour explorer la beaut\u00e9 pr\u00e9serv\u00e9e de la r\u00e9gion. Voici quelques-unes des merveilles naturelles que vous pouvez d\u00e9couvrir \u00e0 proximit\u00e9.<\/p>\n<p><strong>Parc National de la Val Grande<\/strong><br \/>\nLe Parc National de la Val Grande est la plus grande zone sauvage des Alpes et se trouve \u00e0 une courte distance de Borgo Paradiso. Avec ses paysages intacts, le parc est un paradis pour les amoureux de la nature et les randonneurs. Des sentiers de diff\u00e9rentes difficult\u00e9s vous emm\u00e8neront \u00e0 travers des for\u00eats de h\u00eatres, des p\u00e2turages alpins et des alpages anciens, offrant des vues spectaculaires et la possibilit\u00e9 d\u2019observer des animaux sauvages tels que des chamois, des aigles et des marmottes.<\/p>\n<p><strong>Jardins Botaniques de la Villa Taranto<\/strong><br \/>\nLes Jardins Botaniques de la Villa Taranto, situ\u00e9s \u00e0 Verbania, sont l\u2019un des tr\u00e9sors botaniques du Lac Majeur. Ici, vous pouvez admirer une vari\u00e9t\u00e9 extraordinaire de plantes du monde entier, r\u00e9parties sur plus de 16 hectares de jardins en terrasses. Entre fontaines, \u00e9tangs et serres, se promener dans ces jardins est une exp\u00e9rience relaxante et fascinante.<\/p>\n<\/div><\/div><\/div><\/div><\/div><div class=\"fusion-fullwidth fullwidth-box fusion-builder-row-3 fusion-flex-container hundred-percent-fullwidth non-hundred-percent-height-scrolling\" style=\"--awb-border-radius-top-left:0px;--awb-border-radius-top-right:0px;--awb-border-radius-bottom-right:0px;--awb-border-radius-bottom-left:0px;--awb-padding-right:0px;--awb-padding-left:0px;--awb-flex-wrap:wrap;\" ><div class=\"fusion-builder-row fusion-row fusion-flex-align-items-stretch fusion-flex-content-wrap\" style=\"width:104% !important;max-width:104% !important;margin-left: calc(-4% \/ 2 );margin-right: calc(-4% \/ 2 );\"><div class=\"fusion-layout-column fusion_builder_column fusion-builder-column-3 fusion_builder_column_1_2 1_2 fusion-flex-column\" style=\"--awb-padding-top:100px;--awb-padding-right:60px;--awb-padding-bottom:100px;--awb-padding-left:60px;--awb-bg-size:cover;--awb-width-large:50%;--awb-margin-top-large:0px;--awb-spacing-right-large:0%;--awb-margin-bottom-large:0px;--awb-spacing-left-large:3.84%;--awb-width-medium:50%;--awb-order-medium:0;--awb-spacing-right-medium:0%;--awb-spacing-left-medium:3.84%;--awb-width-small:100%;--awb-order-small:0;--awb-spacing-right-small:1.92%;--awb-spacing-left-small:1.92%;\"><div class=\"fusion-column-wrapper fusion-column-has-shadow fusion-flex-justify-content-flex-start fusion-content-layout-column\"><div class=\"fusion-title title fusion-title-3 fusion-sep-none fusion-title-text fusion-title-size-one\" style=\"--awb-text-color:var(--awb-color8);--awb-margin-top:-20px;--awb-margin-bottom:20px;--awb-margin-top-small:10px;--awb-margin-right-small:0px;--awb-margin-bottom-small:10px;--awb-margin-left-small:0px;--awb-font-size:60px;\"><h1 class=\"fusion-title-heading title-heading-left sm-text-align-center\" style=\"margin:0;text-transform:capitalize;font-size:1em;line-height:1em;\">\u00c0 la d\u00e9couverte du Lac Majeur<\/h1><\/div><div class=\"fusion-text fusion-text-3 sm-text-align-center\"><p><strong>R\u00e9serve Naturelle Sp\u00e9ciale du Mont Sacr\u00e9 de Ghiffa<\/strong><br \/>\nLa R\u00e9serve Naturelle Sp\u00e9ciale du Mont Sacr\u00e9 de Ghiffa, class\u00e9e au patrimoine mondial de l\u2019UNESCO, est un lieu d\u2019int\u00e9r\u00eat \u00e0 la fois naturel et spirituel. En plus du chemin de d\u00e9votion, qui comprend des chapelles et un sanctuaire, la r\u00e9serve offre des sentiers panoramiques immerg\u00e9s dans la v\u00e9g\u00e9tation m\u00e9diterran\u00e9enne, avec des vues imprenables sur le Lac Majeur.<\/p>\n<p><strong>Mont Mottarone<\/strong><br \/>\nLe Mont Mottarone, facilement accessible depuis Borgo Paradiso, est une destination pris\u00e9e pour les amateurs d'activit\u00e9s en plein air. Depuis son sommet, \u00e0 1 492 m\u00e8tres d'altitude, vous pouvez profiter d'une vue \u00e0 360 degr\u00e9s sur sept lacs et les Alpes environnantes. En hiver, la montagne devient une station de ski, tandis qu'en \u00e9t\u00e9, elle est parfaite pour la randonn\u00e9e ou le VTT.<\/p>\n<p><strong>Vall\u00e9e de la Veddasca<\/strong><br \/>\nLa Vall\u00e9e de la Veddasca, avec ses petits villages de pierre et sa nature sauvage, est un lieu o\u00f9 le temps semble s\u2019\u00eatre arr\u00eat\u00e9. Ici, vous pouvez faire de longues promenades \u00e0 travers des bois et des prairies, explorer d\u2019anciens sentiers de montagne et vous immerger dans un environnement d\u2019une rare beaut\u00e9 et tranquillit\u00e9. La vall\u00e9e est id\u00e9ale pour les amateurs de trekking, d\u2019\u00e9quitation et de VTT.<\/p>\n<p><strong>Isola Bella et Isola Madre<\/strong><br \/>\nLes \u00celes Borrom\u00e9es, en particulier Isola Bella et Isola Madre, sont deux joyaux naturels au c\u0153ur du Lac Majeur. Isola Bella est c\u00e9l\u00e8bre pour son palais baroque et ses jardins \u00e0 l\u2019italienne, tandis qu\u2019Isola Madre est un oasis de tranquillit\u00e9 avec des jardins botaniques luxuriants. Une excursion en bateau pour visiter ces \u00eeles offre une exp\u00e9rience unique entre art, histoire et nature.<\/p>\n<p><strong>Explorez la nature avec Borgo Paradiso<\/strong><br \/>\nBorgo Paradiso est la base parfaite pour ceux qui souhaitent d\u00e9couvrir la nature extraordinaire du Lac Majeur et des environs. Que vous soyez un passionn\u00e9 de randonn\u00e9e, un amateur de botanique ou simplement \u00e0 la recherche de paix et de beaut\u00e9, ici vous trouverez une vaste gamme d\u2019exp\u00e9riences naturelles \u00e0 vivre. Pr\u00e9parez-vous \u00e0 explorer des paysages \u00e0 couper le souffle et \u00e0 cr\u00e9er des souvenirs inoubliables en pleine nature<\/p>\n<\/div><\/div><\/div><div class=\"fusion-layout-column fusion_builder_column fusion-builder-column-4 fusion_builder_column_1_2 1_2 fusion-flex-column\" style=\"--awb-bg-position:center center;--awb-bg-size:cover;--awb-width-large:50%;--awb-margin-top-large:0px;--awb-spacing-right-large:0%;--awb-margin-bottom-large:0px;--awb-spacing-left-large:0%;--awb-width-medium:50%;--awb-order-medium:0;--awb-spacing-right-medium:0%;--awb-spacing-left-medium:0%;--awb-width-small:100%;--awb-order-small:0;--awb-spacing-right-small:1.92%;--awb-spacing-left-small:1.92%;\" data-scroll-devices=\"small-visibility,medium-visibility,large-visibility\"><div class=\"fusion-column-wrapper lazyload fusion-column-has-shadow fusion-flex-justify-content-flex-start fusion-content-layout-column fusion-empty-column-bg-image fusion-column-has-bg-image\" data-bg-url=\"https:\/\/borgoparadiso.it\/wp-content\/uploads\/2024\/06\/SH_isola_bella_stresa_lago_maggiore.jpg\" data-bg=\"https:\/\/borgoparadiso.it\/wp-content\/uploads\/2024\/06\/SH_isola_bella_stresa_lago_maggiore.jpg\"><img decoding=\"async\" class=\"fusion-empty-dims-img-placeholder fusion-no-large-visibility fusion-no-medium-visibility\" aria-label=\"SH_isola_bella_stresa_lago_maggiore\" src=\"data:image\/svg+xml,%3Csvg%20xmlns%3D%27http%3A%2F%2Fwww.w3.org%2F2000%2Fsvg%27%20width%3D%271200%27%20height%3D%27800%27%20viewBox%3D%270%200%201200%20800%27%3E%3Crect%20width%3D%271200%27%20height%3D%27800%27%20fill-opacity%3D%220%22%2F%3E%3C%2Fsvg%3E\"><\/div><\/div><\/div><\/div><\/p>\n","protected":false},"excerpt":{"rendered":"","protected":false},"author":1,"featured_media":1515,"parent":0,"menu_order":0,"comment_status":"closed","ping_status":"closed","template":"100-width.php","meta":{"footnotes":""},"class_list":["post-1514","page","type-page","status-publish","has-post-thumbnail","hentry"],"yoast_head":"<!-- This site is optimized with the Yoast SEO plugin v27.4 - https:\/\/yoast.com\/product\/yoast-seo-wordpress\/ -->\n<title>Nature Borgo Paradiso<\/title>\n<meta name=\"description\" content=\"La zona attorno a Borgo Paradiso, situata sul Lago Maggiore, offre un&#039;incredibile variet\u00e0 di paesaggi naturali e attivit\u00e0 all&#039;aria aperta.\" \/>\n<meta name=\"robots\" content=\"index, follow, max-snippet:-1, max-image-preview:large, max-video-preview:-1\" \/>\n<link rel=\"canonical\" href=\"https:\/\/borgoparadiso.it\/fr\/nature\/\" \/>\n<meta property=\"og:locale\" content=\"fr_FR\" \/>\n<meta property=\"og:type\" content=\"article\" \/>\n<meta property=\"og:title\" content=\"Nature Borgo Paradiso\" \/>\n<meta property=\"og:description\" content=\"La zona attorno a Borgo Paradiso, situata sul Lago Maggiore, offre un&#039;incredibile variet\u00e0 di paesaggi naturali e attivit\u00e0 all&#039;aria aperta.\" \/>\n<meta property=\"og:url\" content=\"https:\/\/borgoparadiso.it\/fr\/nature\/\" \/>\n<meta property=\"og:site_name\" content=\"Borgo Paradiso\" \/>\n<meta property=\"article:publisher\" content=\"https:\/\/www.facebook.com\/profile.php?id=100063970243550\" \/>\n<meta property=\"article:modified_time\" content=\"2024-10-17T14:13:44+00:00\" \/>\n<meta property=\"og:image\" content=\"https:\/\/borgoparadiso.it\/wp-content\/uploads\/2024\/06\/BORGO-PARADISO-NATURA-GIARDINI.jpg\" \/>\n\t<meta property=\"og:image:width\" content=\"697\" \/>\n\t<meta property=\"og:image:height\" content=\"322\" \/>\n\t<meta property=\"og:image:type\" content=\"image\/jpeg\" \/>\n<meta name=\"twitter:card\" content=\"summary_large_image\" \/>\n<meta name=\"twitter:label1\" content=\"Dur\u00e9e de lecture estim\u00e9e\" \/>\n\t<meta name=\"twitter:data1\" content=\"4 minutes\" \/>\n<script type=\"application\/ld+json\" class=\"yoast-schema-graph\">{\"@context\":\"https:\\\/\\\/schema.org\",\"@graph\":[{\"@type\":\"WebPage\",\"@id\":\"https:\\\/\\\/borgoparadiso.it\\\/fr\\\/nature\\\/\",\"url\":\"https:\\\/\\\/borgoparadiso.it\\\/fr\\\/nature\\\/\",\"name\":\"Nature Borgo Paradiso\",\"isPartOf\":{\"@id\":\"https:\\\/\\\/borgoparadiso.it\\\/fr\\\/#website\"},\"primaryImageOfPage\":{\"@id\":\"https:\\\/\\\/borgoparadiso.it\\\/fr\\\/nature\\\/#primaryimage\"},\"image\":{\"@id\":\"https:\\\/\\\/borgoparadiso.it\\\/fr\\\/nature\\\/#primaryimage\"},\"thumbnailUrl\":\"https:\\\/\\\/borgoparadiso.it\\\/wp-content\\\/uploads\\\/2024\\\/06\\\/BORGO-PARADISO-NATURA-GIARDINI.jpg\",\"datePublished\":\"2024-06-24T13:47:25+00:00\",\"dateModified\":\"2024-10-17T14:13:44+00:00\",\"description\":\"La zona attorno a Borgo Paradiso, situata sul Lago Maggiore, offre un'incredibile variet\u00e0 di paesaggi naturali e attivit\u00e0 all'aria aperta.\",\"breadcrumb\":{\"@id\":\"https:\\\/\\\/borgoparadiso.it\\\/fr\\\/nature\\\/#breadcrumb\"},\"inLanguage\":\"fr-FR\",\"potentialAction\":[{\"@type\":\"ReadAction\",\"target\":[\"https:\\\/\\\/borgoparadiso.it\\\/fr\\\/nature\\\/\"]}]},{\"@type\":\"ImageObject\",\"inLanguage\":\"fr-FR\",\"@id\":\"https:\\\/\\\/borgoparadiso.it\\\/fr\\\/nature\\\/#primaryimage\",\"url\":\"https:\\\/\\\/borgoparadiso.it\\\/wp-content\\\/uploads\\\/2024\\\/06\\\/BORGO-PARADISO-NATURA-GIARDINI.jpg\",\"contentUrl\":\"https:\\\/\\\/borgoparadiso.it\\\/wp-content\\\/uploads\\\/2024\\\/06\\\/BORGO-PARADISO-NATURA-GIARDINI.jpg\",\"width\":697,\"height\":322},{\"@type\":\"BreadcrumbList\",\"@id\":\"https:\\\/\\\/borgoparadiso.it\\\/fr\\\/nature\\\/#breadcrumb\",\"itemListElement\":[{\"@type\":\"ListItem\",\"position\":1,\"name\":\"Home\",\"item\":\"https:\\\/\\\/borgoparadiso.it\\\/fr\\\/\"},{\"@type\":\"ListItem\",\"position\":2,\"name\":\"Nature\"}]},{\"@type\":\"WebSite\",\"@id\":\"https:\\\/\\\/borgoparadiso.it\\\/fr\\\/#website\",\"url\":\"https:\\\/\\\/borgoparadiso.it\\\/fr\\\/\",\"name\":\"Borgo Paradiso\",\"description\":\"Bed and Breakfast sul Lago Maggiore\",\"publisher\":{\"@id\":\"https:\\\/\\\/borgoparadiso.it\\\/fr\\\/#organization\"},\"potentialAction\":[{\"@type\":\"SearchAction\",\"target\":{\"@type\":\"EntryPoint\",\"urlTemplate\":\"https:\\\/\\\/borgoparadiso.it\\\/fr\\\/?s={search_term_string}\"},\"query-input\":{\"@type\":\"PropertyValueSpecification\",\"valueRequired\":true,\"valueName\":\"search_term_string\"}}],\"inLanguage\":\"fr-FR\"},{\"@type\":\"Organization\",\"@id\":\"https:\\\/\\\/borgoparadiso.it\\\/fr\\\/#organization\",\"name\":\"Borgo Paradiso\",\"url\":\"https:\\\/\\\/borgoparadiso.it\\\/fr\\\/\",\"logo\":{\"@type\":\"ImageObject\",\"inLanguage\":\"fr-FR\",\"@id\":\"https:\\\/\\\/borgoparadiso.it\\\/fr\\\/#\\\/schema\\\/logo\\\/image\\\/\",\"url\":\"https:\\\/\\\/borgoparadiso.it\\\/wp-content\\\/uploads\\\/2024\\\/07\\\/BORGOPARADISO-LOGO-HEADER.png\",\"contentUrl\":\"https:\\\/\\\/borgoparadiso.it\\\/wp-content\\\/uploads\\\/2024\\\/07\\\/BORGOPARADISO-LOGO-HEADER.png\",\"width\":127,\"height\":100,\"caption\":\"Borgo Paradiso\"},\"image\":{\"@id\":\"https:\\\/\\\/borgoparadiso.it\\\/fr\\\/#\\\/schema\\\/logo\\\/image\\\/\"},\"sameAs\":[\"https:\\\/\\\/www.facebook.com\\\/profile.php?id=100063970243550\",\"https:\\\/\\\/www.youtube.com\\\/channel\\\/UChetuflJjizaKjCOubdoTiw\"]}]}<\/script>\n<!-- \/ Yoast SEO plugin. -->","yoast_head_json":{"title":"Nature Borgo Paradiso","description":"La zona attorno a Borgo Paradiso, situata sul Lago Maggiore, offre un'incredibile variet\u00e0 di paesaggi naturali e attivit\u00e0 all'aria aperta.","robots":{"index":"index","follow":"follow","max-snippet":"max-snippet:-1","max-image-preview":"max-image-preview:large","max-video-preview":"max-video-preview:-1"},"canonical":"https:\/\/borgoparadiso.it\/fr\/nature\/","og_locale":"fr_FR","og_type":"article","og_title":"Nature Borgo Paradiso","og_description":"La zona attorno a Borgo Paradiso, situata sul Lago Maggiore, offre un'incredibile variet\u00e0 di paesaggi naturali e attivit\u00e0 all'aria aperta.","og_url":"https:\/\/borgoparadiso.it\/fr\/nature\/","og_site_name":"Borgo Paradiso","article_publisher":"https:\/\/www.facebook.com\/profile.php?id=100063970243550","article_modified_time":"2024-10-17T14:13:44+00:00","og_image":[{"width":697,"height":322,"url":"https:\/\/borgoparadiso.it\/wp-content\/uploads\/2024\/06\/BORGO-PARADISO-NATURA-GIARDINI.jpg","type":"image\/jpeg"}],"twitter_card":"summary_large_image","twitter_misc":{"Dur\u00e9e de lecture estim\u00e9e":"4 minutes"},"schema":{"@context":"https:\/\/schema.org","@graph":[{"@type":"WebPage","@id":"https:\/\/borgoparadiso.it\/fr\/nature\/","url":"https:\/\/borgoparadiso.it\/fr\/nature\/","name":"Nature Borgo Paradiso","isPartOf":{"@id":"https:\/\/borgoparadiso.it\/fr\/#website"},"primaryImageOfPage":{"@id":"https:\/\/borgoparadiso.it\/fr\/nature\/#primaryimage"},"image":{"@id":"https:\/\/borgoparadiso.it\/fr\/nature\/#primaryimage"},"thumbnailUrl":"https:\/\/borgoparadiso.it\/wp-content\/uploads\/2024\/06\/BORGO-PARADISO-NATURA-GIARDINI.jpg","datePublished":"2024-06-24T13:47:25+00:00","dateModified":"2024-10-17T14:13:44+00:00","description":"La zona attorno a Borgo Paradiso, situata sul Lago Maggiore, offre un'incredibile variet\u00e0 di paesaggi naturali e attivit\u00e0 all'aria aperta.","breadcrumb":{"@id":"https:\/\/borgoparadiso.it\/fr\/nature\/#breadcrumb"},"inLanguage":"fr-FR","potentialAction":[{"@type":"ReadAction","target":["https:\/\/borgoparadiso.it\/fr\/nature\/"]}]},{"@type":"ImageObject","inLanguage":"fr-FR","@id":"https:\/\/borgoparadiso.it\/fr\/nature\/#primaryimage","url":"https:\/\/borgoparadiso.it\/wp-content\/uploads\/2024\/06\/BORGO-PARADISO-NATURA-GIARDINI.jpg","contentUrl":"https:\/\/borgoparadiso.it\/wp-content\/uploads\/2024\/06\/BORGO-PARADISO-NATURA-GIARDINI.jpg","width":697,"height":322},{"@type":"BreadcrumbList","@id":"https:\/\/borgoparadiso.it\/fr\/nature\/#breadcrumb","itemListElement":[{"@type":"ListItem","position":1,"name":"Home","item":"https:\/\/borgoparadiso.it\/fr\/"},{"@type":"ListItem","position":2,"name":"Nature"}]},{"@type":"WebSite","@id":"https:\/\/borgoparadiso.it\/fr\/#website","url":"https:\/\/borgoparadiso.it\/fr\/","name":"Borgo Paradiso","description":"Bed and Breakfast sul Lago Maggiore","publisher":{"@id":"https:\/\/borgoparadiso.it\/fr\/#organization"},"potentialAction":[{"@type":"SearchAction","target":{"@type":"EntryPoint","urlTemplate":"https:\/\/borgoparadiso.it\/fr\/?s={search_term_string}"},"query-input":{"@type":"PropertyValueSpecification","valueRequired":true,"valueName":"search_term_string"}}],"inLanguage":"fr-FR"},{"@type":"Organization","@id":"https:\/\/borgoparadiso.it\/fr\/#organization","name":"Borgo Paradiso","url":"https:\/\/borgoparadiso.it\/fr\/","logo":{"@type":"ImageObject","inLanguage":"fr-FR","@id":"https:\/\/borgoparadiso.it\/fr\/#\/schema\/logo\/image\/","url":"https:\/\/borgoparadiso.it\/wp-content\/uploads\/2024\/07\/BORGOPARADISO-LOGO-HEADER.png","contentUrl":"https:\/\/borgoparadiso.it\/wp-content\/uploads\/2024\/07\/BORGOPARADISO-LOGO-HEADER.png","width":127,"height":100,"caption":"Borgo Paradiso"},"image":{"@id":"https:\/\/borgoparadiso.it\/fr\/#\/schema\/logo\/image\/"},"sameAs":["https:\/\/www.facebook.com\/profile.php?id=100063970243550","https:\/\/www.youtube.com\/channel\/UChetuflJjizaKjCOubdoTiw"]}]}},"_links":{"self":[{"href":"https:\/\/borgoparadiso.it\/fr\/wp-json\/wp\/v2\/pages\/1514","targetHints":{"allow":["GET"]}}],"collection":[{"href":"https:\/\/borgoparadiso.it\/fr\/wp-json\/wp\/v2\/pages"}],"about":[{"href":"https:\/\/borgoparadiso.it\/fr\/wp-json\/wp\/v2\/types\/page"}],"author":[{"embeddable":true,"href":"https:\/\/borgoparadiso.it\/fr\/wp-json\/wp\/v2\/users\/1"}],"replies":[{"embeddable":true,"href":"https:\/\/borgoparadiso.it\/fr\/wp-json\/wp\/v2\/comments?post=1514"}],"version-history":[{"count":3,"href":"https:\/\/borgoparadiso.it\/fr\/wp-json\/wp\/v2\/pages\/1514\/revisions"}],"predecessor-version":[{"id":1555,"href":"https:\/\/borgoparadiso.it\/fr\/wp-json\/wp\/v2\/pages\/1514\/revisions\/1555"}],"wp:featuredmedia":[{"embeddable":true,"href":"https:\/\/borgoparadiso.it\/fr\/wp-json\/wp\/v2\/media\/1515"}],"wp:attachment":[{"href":"https:\/\/borgoparadiso.it\/fr\/wp-json\/wp\/v2\/media?parent=1514"}],"curies":[{"name":"wp","href":"https:\/\/api.w.org\/{rel}","templated":true}]}}