{"id":1517,"date":"2020-11-03T13:11:54","date_gmt":"2020-11-03T13:11:54","guid":{"rendered":"https:\/\/borgoparadiso.it\/?page_id=1517"},"modified":"2025-01-07T10:26:35","modified_gmt":"2025-01-07T10:26:35","slug":"actualites","status":"publish","type":"page","link":"https:\/\/borgoparadiso.it\/fr\/actualites\/","title":{"rendered":"ACTUALIT\u00c9S"},"content":{"rendered":"<p><div class=\"fusion-fullwidth fullwidth-box fusion-builder-row-1 fusion-flex-container has-pattern-background has-mask-background fusion-parallax-none nonhundred-percent-fullwidth non-hundred-percent-height-scrolling lazyload fusion-custom-z-index\" style=\"--awb-background-blend-mode:multiply;--awb-border-radius-top-left:0px;--awb-border-radius-top-right:0px;--awb-border-radius-bottom-right:0px;--awb-border-radius-bottom-left:0px;--awb-z-index:0;--awb-padding-top:220px;--awb-padding-bottom:220px;--awb-padding-top-small:100px;--awb-padding-bottom-small:100px;--awb-background-size:cover;--awb-flex-wrap:wrap;\" data-bg=\"https:\/\/borgoparadiso.it\/wp-content\/uploads\/2025\/01\/Panorama-Veddo-10.jpg\" ><div class=\"fusion-builder-row fusion-row fusion-flex-align-items-flex-start fusion-flex-content-wrap\" style=\"max-width:1248px;margin-left: calc(-4% \/ 2 );margin-right: calc(-4% \/ 2 );\"><div class=\"fusion-layout-column fusion_builder_column fusion-builder-column-0 fusion_builder_column_1_1 1_1 fusion-flex-column\" style=\"--awb-bg-size:cover;--awb-width-large:100%;--awb-margin-top-large:0px;--awb-spacing-right-large:1.92%;--awb-margin-bottom-large:20px;--awb-spacing-left-large:1.92%;--awb-width-medium:100%;--awb-order-medium:0;--awb-spacing-right-medium:1.92%;--awb-spacing-left-medium:1.92%;--awb-width-small:100%;--awb-order-small:0;--awb-spacing-right-small:1.92%;--awb-spacing-left-small:1.92%;\"><div class=\"fusion-column-wrapper fusion-column-has-shadow fusion-flex-justify-content-flex-start fusion-content-layout-column\"><div class=\"fusion-text fusion-text-1\" style=\"--awb-content-alignment:center;--awb-font-size:var(--awb-typography2-font-size);--awb-line-height:var(--awb-typography2-line-height);--awb-letter-spacing:var(--awb-typography2-letter-spacing);--awb-text-transform:var(--awb-typography2-text-transform);--awb-text-color:var(--awb-color1);--awb-text-font-family:var(--awb-typography2-font-family);--awb-text-font-weight:var(--awb-typography2-font-weight);--awb-text-font-style:var(--awb-typography2-font-style);\"><p>NOUVELLES ET CURIOSIT\u00c9S DU LAC MAJEUR<\/p>\n<\/div><div class=\"fusion-title title fusion-title-1 fusion-sep-none fusion-title-center fusion-title-text fusion-title-size-one\" style=\"--awb-text-color:var(--awb-color1);--awb-margin-top:-20px;--awb-margin-bottom:20px;--awb-margin-top-small:10px;--awb-margin-right-small:0px;--awb-margin-bottom-small:10px;--awb-margin-left-small:0px;--awb-font-size:60px;\"><h1 class=\"fusion-title-heading title-heading-center\" style=\"margin:0;text-transform:capitalize;font-size:1em;line-height:1em;\">News<\/h1><\/div><\/div><\/div><\/div><\/div><div class=\"fusion-fullwidth fullwidth-box fusion-builder-row-2 fusion-flex-container nonhundred-percent-fullwidth non-hundred-percent-height-scrolling\" style=\"--awb-border-radius-top-left:0px;--awb-border-radius-top-right:0px;--awb-border-radius-bottom-right:0px;--awb-border-radius-bottom-left:0px;--awb-padding-top:120px;--awb-padding-bottom:0px;--awb-flex-wrap:wrap;\" ><div class=\"fusion-builder-row fusion-row fusion-flex-align-items-flex-start fusion-flex-content-wrap\" style=\"max-width:1248px;margin-left: calc(-4% \/ 2 );margin-right: calc(-4% \/ 2 );\"><div class=\"fusion-layout-column fusion_builder_column fusion-builder-column-1 fusion_builder_column_1_1 1_1 fusion-flex-column\" style=\"--awb-bg-size:cover;--awb-width-large:100%;--awb-margin-top-large:0px;--awb-spacing-right-large:1.92%;--awb-margin-bottom-large:20px;--awb-spacing-left-large:1.92%;--awb-width-medium:100%;--awb-order-medium:0;--awb-spacing-right-medium:1.92%;--awb-spacing-left-medium:1.92%;--awb-width-small:100%;--awb-order-small:0;--awb-spacing-right-small:1.92%;--awb-spacing-left-small:1.92%;\"><div class=\"fusion-column-wrapper fusion-column-has-shadow fusion-flex-justify-content-flex-start fusion-content-layout-column\"><div class=\"fusion-blog-shortcode fusion-blog-shortcode-1 fusion-blog-archive fusion-blog-layout-grid-wrapper fusion-blog-no fusion-blog-layout-center\"><style type=\"text\/css\">.fusion-blog-shortcode-1 .fusion-blog-layout-grid .fusion-post-grid{padding:20px;}.fusion-blog-shortcode-1 .fusion-posts-container{margin-left: -20px !important; margin-right:-20px !important;}<\/style><div class=\"fusion-posts-container fusion-posts-container-no fusion-no-meta-info fusion-blog-layout-grid fusion-blog-layout-grid-3 isotope fusion-blog-equal-heights\" data-pages=\"1\" data-grid-col-space=\"40\" style=\"margin: -20px -20px 0;min-height:500px;\"><article id=\"blog-1-post-2530\" class=\"fusion-post-grid post-2530 post type-post status-publish format-standard has-post-thumbnail hentry category-non-classifiee\">\n<div class=\"fusion-post-wrapper\" style=\"background-color:rgba(255,255,255,0);border:none;\">\n\n\t\t\t<div class=\"fusion-flexslider flexslider fusion-flexslider-loading fusion-post-slideshow\" style=\"border-color:rgba(242,243,245,0);\">\n\t\t<ul class=\"slides\">\n\t\t\t\n\t\t\t\t\t\t\t\t\t\t\t\t\t\t<li><div  class=\"fusion-image-wrapper\" aria-haspopup=\"true\">\n\t\t\t\t\t\t\t<a href=\"https:\/\/borgoparadiso.it\/fr\/santa-caterina-del-sasso-et-sasso-ballaro\/\" aria-label=\"Santa Caterina del Sasso et Sasso Ballaro : un voyage entre histoire et adr\u00e9naline\">\n\t\t\t\t\t\t\t<img decoding=\"async\" width=\"1638\" height=\"922\" src=\"https:\/\/borgoparadiso.it\/wp-content\/uploads\/2025\/06\/Schermata-2025-06-04-alle-14.45.56.png\" class=\"attachment-full size-full lazyload wp-post-image\" alt=\"\" srcset=\"data:image\/svg+xml,%3Csvg%20xmlns%3D%27http%3A%2F%2Fwww.w3.org%2F2000%2Fsvg%27%20width%3D%271638%27%20height%3D%27922%27%20viewBox%3D%270%200%201638%20922%27%3E%3Crect%20width%3D%271638%27%20height%3D%27922%27%20fill-opacity%3D%220%22%2F%3E%3C%2Fsvg%3E\" data-orig-src=\"https:\/\/borgoparadiso.it\/wp-content\/uploads\/2025\/06\/Schermata-2025-06-04-alle-14.45.56.png\" data-srcset=\"https:\/\/borgoparadiso.it\/wp-content\/uploads\/2025\/06\/Schermata-2025-06-04-alle-14.45.56-200x113.png 200w, https:\/\/borgoparadiso.it\/wp-content\/uploads\/2025\/06\/Schermata-2025-06-04-alle-14.45.56-400x225.png 400w, https:\/\/borgoparadiso.it\/wp-content\/uploads\/2025\/06\/Schermata-2025-06-04-alle-14.45.56-600x338.png 600w, https:\/\/borgoparadiso.it\/wp-content\/uploads\/2025\/06\/Schermata-2025-06-04-alle-14.45.56-800x450.png 800w, https:\/\/borgoparadiso.it\/wp-content\/uploads\/2025\/06\/Schermata-2025-06-04-alle-14.45.56-1200x675.png 1200w, https:\/\/borgoparadiso.it\/wp-content\/uploads\/2025\/06\/Schermata-2025-06-04-alle-14.45.56.png 1638w\" data-sizes=\"auto\" \/>\t\t\t<\/a>\n\t\t\t\t\t\t\t<\/div>\n<\/li>\n\t\t\t\n\t\t\t\n\t\t\t\t\t\t\t\t\t\t\t\t\t\t\t\t\t\t\t\t\t\t\t\t\t\t\t\t\t\t\t\t\t\t\t\t\t\t\t\t\t\t\t\t\t\t\t\t\t\t\t\t\t\t\t\t\t\t\t\t\t\t\t\t\t\t\t\t<\/ul>\n\t<\/div>\n\t<div class=\"fusion-post-content-wrapper\" style=\"padding:20px 0px ;\"><div class=\"fusion-post-content post-content\"><h2 class=\"blog-shortcode-post-title entry-title\"><a href=\"https:\/\/borgoparadiso.it\/fr\/santa-caterina-del-sasso-et-sasso-ballaro\/\">Santa Caterina del Sasso et Sasso Ballaro : un voyage entre histoire et adr\u00e9naline<\/a><\/h2><div class=\"fusion-post-content-container\"><p> Le lac Majeur abrite des lieux capables de captiver les yeux et le c\u0153ur.<\/p><\/div><\/div><\/div><div class=\"fusion-clearfix\"><\/div><\/div>\n<\/article>\n<article id=\"blog-1-post-2477\" class=\"fusion-post-grid post-2477 post type-post status-publish format-standard has-post-thumbnail hentry category-non-classifiee\">\n<div class=\"fusion-post-wrapper\" style=\"background-color:rgba(255,255,255,0);border:none;\">\n\n\t\t\t<div class=\"fusion-flexslider flexslider fusion-flexslider-loading fusion-post-slideshow\" style=\"border-color:rgba(242,243,245,0);\">\n\t\t<ul class=\"slides\">\n\t\t\t\n\t\t\t\t\t\t\t\t\t\t\t\t\t\t<li><div  class=\"fusion-image-wrapper\" aria-haspopup=\"true\">\n\t\t\t\t\t\t\t<a href=\"https:\/\/borgoparadiso.it\/fr\/iles-brissago\/\" aria-label=\"Les \u00eeles Brissago : un coin de paradis sur le lac Majeur\">\n\t\t\t\t\t\t\t<img decoding=\"async\" width=\"2560\" height=\"1440\" src=\"https:\/\/borgoparadiso.it\/wp-content\/uploads\/2025\/05\/Isole_di_Brissago-1-scaled.jpg\" class=\"attachment-full size-full lazyload wp-post-image\" alt=\"\" srcset=\"data:image\/svg+xml,%3Csvg%20xmlns%3D%27http%3A%2F%2Fwww.w3.org%2F2000%2Fsvg%27%20width%3D%272560%27%20height%3D%271440%27%20viewBox%3D%270%200%202560%201440%27%3E%3Crect%20width%3D%272560%27%20height%3D%271440%27%20fill-opacity%3D%220%22%2F%3E%3C%2Fsvg%3E\" data-orig-src=\"https:\/\/borgoparadiso.it\/wp-content\/uploads\/2025\/05\/Isole_di_Brissago-1-scaled.jpg\" data-srcset=\"https:\/\/borgoparadiso.it\/wp-content\/uploads\/2025\/05\/Isole_di_Brissago-1-200x113.jpg 200w, https:\/\/borgoparadiso.it\/wp-content\/uploads\/2025\/05\/Isole_di_Brissago-1-400x225.jpg 400w, https:\/\/borgoparadiso.it\/wp-content\/uploads\/2025\/05\/Isole_di_Brissago-1-600x338.jpg 600w, https:\/\/borgoparadiso.it\/wp-content\/uploads\/2025\/05\/Isole_di_Brissago-1-800x450.jpg 800w, https:\/\/borgoparadiso.it\/wp-content\/uploads\/2025\/05\/Isole_di_Brissago-1-1200x675.jpg 1200w, https:\/\/borgoparadiso.it\/wp-content\/uploads\/2025\/05\/Isole_di_Brissago-1-scaled.jpg 2560w\" data-sizes=\"auto\" \/>\t\t\t<\/a>\n\t\t\t\t\t\t\t<\/div>\n<\/li>\n\t\t\t\n\t\t\t\n\t\t\t\t\t\t\t\t\t\t\t\t\t\t\t\t\t\t\t\t\t\t\t\t\t\t\t\t\t\t\t\t\t\t\t\t\t\t\t\t\t\t\t\t\t\t\t\t\t\t\t\t\t\t\t\t\t\t\t\t\t\t\t\t\t\t\t\t<\/ul>\n\t<\/div>\n\t<div class=\"fusion-post-content-wrapper\" style=\"padding:20px 0px ;\"><div class=\"fusion-post-content post-content\"><h2 class=\"blog-shortcode-post-title entry-title\"><a href=\"https:\/\/borgoparadiso.it\/fr\/iles-brissago\/\">Les \u00eeles Brissago : un coin de paradis sur le lac Majeur<\/a><\/h2><div class=\"fusion-post-content-container\"><p> Si vous r\u00eavez d'un endroit o\u00f9 la nature s'\u00e9panouit et o\u00f9 le temps semble<\/p><\/div><\/div><\/div><div class=\"fusion-clearfix\"><\/div><\/div>\n<\/article>\n<article id=\"blog-1-post-2444\" class=\"fusion-post-grid post-2444 post type-post status-publish format-standard has-post-thumbnail hentry category-non-classifiee\">\n<div class=\"fusion-post-wrapper\" style=\"background-color:rgba(255,255,255,0);border:none;\">\n\n\t\t\t<div class=\"fusion-flexslider flexslider fusion-flexslider-loading fusion-post-slideshow\" style=\"border-color:rgba(242,243,245,0);\">\n\t\t<ul class=\"slides\">\n\t\t\t\n\t\t\t\t\t\t\t\t\t\t\t\t\t\t<li><div  class=\"fusion-image-wrapper\" aria-haspopup=\"true\">\n\t\t\t\t\t\t\t<a href=\"https:\/\/borgoparadiso.it\/fr\/villa-taranto\/\" aria-label=\"Villa Taranto : le jardin enchant\u00e9 du Lac Majeur\">\n\t\t\t\t\t\t\t<img decoding=\"async\" width=\"2560\" height=\"1440\" src=\"https:\/\/borgoparadiso.it\/wp-content\/uploads\/2025\/05\/Botanical_gardens_Villa_Taranto-scaled.jpg\" class=\"attachment-full size-full lazyload wp-post-image\" alt=\"\" srcset=\"data:image\/svg+xml,%3Csvg%20xmlns%3D%27http%3A%2F%2Fwww.w3.org%2F2000%2Fsvg%27%20width%3D%272560%27%20height%3D%271440%27%20viewBox%3D%270%200%202560%201440%27%3E%3Crect%20width%3D%272560%27%20height%3D%271440%27%20fill-opacity%3D%220%22%2F%3E%3C%2Fsvg%3E\" data-orig-src=\"https:\/\/borgoparadiso.it\/wp-content\/uploads\/2025\/05\/Botanical_gardens_Villa_Taranto-scaled.jpg\" data-srcset=\"https:\/\/borgoparadiso.it\/wp-content\/uploads\/2025\/05\/Botanical_gardens_Villa_Taranto-200x113.jpg 200w, https:\/\/borgoparadiso.it\/wp-content\/uploads\/2025\/05\/Botanical_gardens_Villa_Taranto-400x225.jpg 400w, https:\/\/borgoparadiso.it\/wp-content\/uploads\/2025\/05\/Botanical_gardens_Villa_Taranto-600x338.jpg 600w, https:\/\/borgoparadiso.it\/wp-content\/uploads\/2025\/05\/Botanical_gardens_Villa_Taranto-800x450.jpg 800w, https:\/\/borgoparadiso.it\/wp-content\/uploads\/2025\/05\/Botanical_gardens_Villa_Taranto-1200x675.jpg 1200w, https:\/\/borgoparadiso.it\/wp-content\/uploads\/2025\/05\/Botanical_gardens_Villa_Taranto-scaled.jpg 2560w\" data-sizes=\"auto\" \/>\t\t\t<\/a>\n\t\t\t\t\t\t\t<\/div>\n<\/li>\n\t\t\t\n\t\t\t\n\t\t\t\t\t\t\t\t\t\t\t\t\t\t\t\t\t\t\t\t\t\t\t\t\t\t\t\t\t\t\t\t\t\t\t\t\t\t\t\t\t\t\t\t\t\t\t\t\t\t\t\t\t\t\t\t\t\t\t\t\t\t\t\t\t\t\t\t<\/ul>\n\t<\/div>\n\t<div class=\"fusion-post-content-wrapper\" style=\"padding:20px 0px ;\"><div class=\"fusion-post-content post-content\"><h2 class=\"blog-shortcode-post-title entry-title\"><a href=\"https:\/\/borgoparadiso.it\/fr\/villa-taranto\/\">Villa Taranto : le jardin enchant\u00e9 du Lac Majeur<\/a><\/h2><div class=\"fusion-post-content-container\"><p> S'il y a un lieu capable d'enchanter les sens et de transporter les visiteurs<\/p><\/div><\/div><\/div><div class=\"fusion-clearfix\"><\/div><\/div>\n<\/article>\n<article id=\"blog-1-post-2315\" class=\"fusion-post-grid post-2315 post type-post status-publish format-standard has-post-thumbnail hentry category-non-classifiee\">\n<div class=\"fusion-post-wrapper\" style=\"background-color:rgba(255,255,255,0);border:none;\">\n\n\t\t\t<div class=\"fusion-flexslider flexslider fusion-flexslider-loading fusion-post-slideshow\" style=\"border-color:rgba(242,243,245,0);\">\n\t\t<ul class=\"slides\">\n\t\t\t\n\t\t\t\t\t\t\t\t\t\t\t\t\t\t<li><div  class=\"fusion-image-wrapper\" aria-haspopup=\"true\">\n\t\t\t\t\t\t\t<a href=\"https:\/\/borgoparadiso.it\/fr\/chateaux-de-cannero\/\" aria-label=\"\u00c0 la d\u00e9couverte des Ch\u00e2teaux de Cannero : un voyage entre histoire et l\u00e9gende\">\n\t\t\t\t\t\t\t<img decoding=\"async\" width=\"1200\" height=\"675\" src=\"https:\/\/borgoparadiso.it\/wp-content\/uploads\/2025\/04\/Castelli-di-Cannero-Lago-Maggiore.jpg\" class=\"attachment-full size-full lazyload wp-post-image\" alt=\"\" srcset=\"data:image\/svg+xml,%3Csvg%20xmlns%3D%27http%3A%2F%2Fwww.w3.org%2F2000%2Fsvg%27%20width%3D%271200%27%20height%3D%27675%27%20viewBox%3D%270%200%201200%20675%27%3E%3Crect%20width%3D%271200%27%20height%3D%27675%27%20fill-opacity%3D%220%22%2F%3E%3C%2Fsvg%3E\" data-orig-src=\"https:\/\/borgoparadiso.it\/wp-content\/uploads\/2025\/04\/Castelli-di-Cannero-Lago-Maggiore.jpg\" data-srcset=\"https:\/\/borgoparadiso.it\/wp-content\/uploads\/2025\/04\/Castelli-di-Cannero-Lago-Maggiore-200x113.jpg 200w, https:\/\/borgoparadiso.it\/wp-content\/uploads\/2025\/04\/Castelli-di-Cannero-Lago-Maggiore-400x225.jpg 400w, https:\/\/borgoparadiso.it\/wp-content\/uploads\/2025\/04\/Castelli-di-Cannero-Lago-Maggiore-600x338.jpg 600w, https:\/\/borgoparadiso.it\/wp-content\/uploads\/2025\/04\/Castelli-di-Cannero-Lago-Maggiore-800x450.jpg 800w, https:\/\/borgoparadiso.it\/wp-content\/uploads\/2025\/04\/Castelli-di-Cannero-Lago-Maggiore.jpg 1200w\" data-sizes=\"auto\" \/>\t\t\t<\/a>\n\t\t\t\t\t\t\t<\/div>\n<\/li>\n\t\t\t\n\t\t\t\n\t\t\t\t\t\t\t\t\t\t\t\t\t\t\t\t\t\t\t\t\t\t\t\t\t\t\t\t\t\t\t\t\t\t\t\t\t\t\t\t\t\t\t\t\t\t\t\t\t\t\t\t\t\t\t\t\t\t\t\t\t\t\t\t\t\t\t\t<\/ul>\n\t<\/div>\n\t<div class=\"fusion-post-content-wrapper\" style=\"padding:20px 0px ;\"><div class=\"fusion-post-content post-content\"><h2 class=\"blog-shortcode-post-title entry-title\"><a href=\"https:\/\/borgoparadiso.it\/fr\/chateaux-de-cannero\/\">\u00c0 la d\u00e9couverte des Ch\u00e2teaux de Cannero : un voyage entre histoire et l\u00e9gende<\/a><\/h2><div class=\"fusion-post-content-container\"><p> Sur le lac Majeur, \u00e0 quelques kilom\u00e8tres de Borgo Paradiso, \u00e9mergent des eaux les<\/p><\/div><\/div><\/div><div class=\"fusion-clearfix\"><\/div><\/div>\n<\/article>\n<article id=\"blog-1-post-2269\" class=\"fusion-post-grid post-2269 post type-post status-publish format-standard has-post-thumbnail hentry category-non-classifiee\">\n<div class=\"fusion-post-wrapper\" style=\"background-color:rgba(255,255,255,0);border:none;\">\n\n\t\t\t<div class=\"fusion-flexslider flexslider fusion-flexslider-loading fusion-post-slideshow\" style=\"border-color:rgba(242,243,245,0);\">\n\t\t<ul class=\"slides\">\n\t\t\t\n\t\t\t\t\t\t\t\t\t\t\t\t\t\t<li><div  class=\"fusion-image-wrapper\" aria-haspopup=\"true\">\n\t\t\t\t\t\t\t<a href=\"https:\/\/borgoparadiso.it\/fr\/exposition-internationale-des-camelias-de-locarno-un-festival-de-couleurs-sur-le-lac-majeur\/\" aria-label=\"Exposition Internationale des Cam\u00e9lias de Locarno : un festival de couleurs sur le Lac Majeur\">\n\t\t\t\t\t\t\t<img decoding=\"async\" width=\"1200\" height=\"675\" src=\"https:\/\/borgoparadiso.it\/wp-content\/uploads\/2025\/04\/camellias-2_BK-3.jpg\" class=\"attachment-full size-full lazyload wp-post-image\" alt=\"\" srcset=\"data:image\/svg+xml,%3Csvg%20xmlns%3D%27http%3A%2F%2Fwww.w3.org%2F2000%2Fsvg%27%20width%3D%271200%27%20height%3D%27675%27%20viewBox%3D%270%200%201200%20675%27%3E%3Crect%20width%3D%271200%27%20height%3D%27675%27%20fill-opacity%3D%220%22%2F%3E%3C%2Fsvg%3E\" data-orig-src=\"https:\/\/borgoparadiso.it\/wp-content\/uploads\/2025\/04\/camellias-2_BK-3.jpg\" data-srcset=\"https:\/\/borgoparadiso.it\/wp-content\/uploads\/2025\/04\/camellias-2_BK-3-200x113.jpg 200w, https:\/\/borgoparadiso.it\/wp-content\/uploads\/2025\/04\/camellias-2_BK-3-400x225.jpg 400w, https:\/\/borgoparadiso.it\/wp-content\/uploads\/2025\/04\/camellias-2_BK-3-600x338.jpg 600w, https:\/\/borgoparadiso.it\/wp-content\/uploads\/2025\/04\/camellias-2_BK-3-800x450.jpg 800w, https:\/\/borgoparadiso.it\/wp-content\/uploads\/2025\/04\/camellias-2_BK-3.jpg 1200w\" data-sizes=\"auto\" \/>\t\t\t<\/a>\n\t\t\t\t\t\t\t<\/div>\n<\/li>\n\t\t\t\n\t\t\t\n\t\t\t\t\t\t\t\t\t\t\t\t\t\t\t\t\t\t\t\t\t\t\t\t\t\t\t\t\t\t\t\t\t\t\t\t\t\t\t\t\t\t\t\t\t\t\t\t\t\t\t\t\t\t\t\t\t\t\t\t\t\t\t\t\t\t\t\t<\/ul>\n\t<\/div>\n\t<div class=\"fusion-post-content-wrapper\" style=\"padding:20px 0px ;\"><div class=\"fusion-post-content post-content\"><h2 class=\"blog-shortcode-post-title entry-title\"><a href=\"https:\/\/borgoparadiso.it\/fr\/exposition-internationale-des-camelias-de-locarno-un-festival-de-couleurs-sur-le-lac-majeur\/\">Exposition Internationale des Cam\u00e9lias de Locarno : un festival de couleurs sur le Lac Majeur<\/a><\/h2><div class=\"fusion-post-content-container\"><p>  Chaque ann\u00e9e, avec l\u2019arriv\u00e9e du printemps, Locarno se pare de mille couleurs gr\u00e2ce<\/p><\/div><\/div><\/div><div class=\"fusion-clearfix\"><\/div><\/div>\n<\/article>\n<div class=\"fusion-clearfix\"><\/div><\/div><\/div><\/div><\/div><\/div><\/div><\/p>\n","protected":false},"excerpt":{"rendered":"","protected":false},"author":1,"featured_media":0,"parent":0,"menu_order":0,"comment_status":"closed","ping_status":"closed","template":"100-width.php","meta":{"footnotes":""},"class_list":["post-1517","page","type-page","status-publish","hentry"],"yoast_head":"<!-- This site is optimized with the Yoast SEO plugin v27.3 - https:\/\/yoast.com\/product\/yoast-seo-wordpress\/ -->\n<title>ACTUALIT\u00c9S - Borgo Paradiso<\/title>\n<meta name=\"robots\" content=\"index, follow, max-snippet:-1, max-image-preview:large, max-video-preview:-1\" \/>\n<link rel=\"canonical\" href=\"https:\/\/borgoparadiso.it\/fr\/actualites\/\" \/>\n<meta property=\"og:locale\" content=\"fr_FR\" \/>\n<meta property=\"og:type\" content=\"article\" \/>\n<meta property=\"og:title\" content=\"ACTUALIT\u00c9S - Borgo Paradiso\" \/>\n<meta property=\"og:url\" content=\"https:\/\/borgoparadiso.it\/fr\/actualites\/\" \/>\n<meta property=\"og:site_name\" content=\"Borgo Paradiso\" \/>\n<meta property=\"article:publisher\" content=\"https:\/\/www.facebook.com\/profile.php?id=100063970243550\" \/>\n<meta property=\"article:modified_time\" content=\"2025-01-07T10:26:35+00:00\" \/>\n<meta name=\"twitter:card\" content=\"summary_large_image\" \/>\n<meta name=\"twitter:label1\" content=\"Dur\u00e9e de lecture estim\u00e9e\" \/>\n\t<meta name=\"twitter:data1\" content=\"1 minute\" \/>\n<script type=\"application\/ld+json\" class=\"yoast-schema-graph\">{\"@context\":\"https:\\\/\\\/schema.org\",\"@graph\":[{\"@type\":\"WebPage\",\"@id\":\"https:\\\/\\\/borgoparadiso.it\\\/fr\\\/actualites\\\/\",\"url\":\"https:\\\/\\\/borgoparadiso.it\\\/fr\\\/actualites\\\/\",\"name\":\"ACTUALIT\u00c9S - Borgo Paradiso\",\"isPartOf\":{\"@id\":\"https:\\\/\\\/borgoparadiso.it\\\/fr\\\/#website\"},\"datePublished\":\"2020-11-03T13:11:54+00:00\",\"dateModified\":\"2025-01-07T10:26:35+00:00\",\"breadcrumb\":{\"@id\":\"https:\\\/\\\/borgoparadiso.it\\\/fr\\\/actualites\\\/#breadcrumb\"},\"inLanguage\":\"fr-FR\",\"potentialAction\":[{\"@type\":\"ReadAction\",\"target\":[\"https:\\\/\\\/borgoparadiso.it\\\/fr\\\/actualites\\\/\"]}]},{\"@type\":\"BreadcrumbList\",\"@id\":\"https:\\\/\\\/borgoparadiso.it\\\/fr\\\/actualites\\\/#breadcrumb\",\"itemListElement\":[{\"@type\":\"ListItem\",\"position\":1,\"name\":\"Home\",\"item\":\"https:\\\/\\\/borgoparadiso.it\\\/fr\\\/\"},{\"@type\":\"ListItem\",\"position\":2,\"name\":\"ACTUALIT\u00c9S\"}]},{\"@type\":\"WebSite\",\"@id\":\"https:\\\/\\\/borgoparadiso.it\\\/fr\\\/#website\",\"url\":\"https:\\\/\\\/borgoparadiso.it\\\/fr\\\/\",\"name\":\"Borgo Paradiso\",\"description\":\"Bed and Breakfast sul Lago Maggiore\",\"publisher\":{\"@id\":\"https:\\\/\\\/borgoparadiso.it\\\/fr\\\/#organization\"},\"potentialAction\":[{\"@type\":\"SearchAction\",\"target\":{\"@type\":\"EntryPoint\",\"urlTemplate\":\"https:\\\/\\\/borgoparadiso.it\\\/fr\\\/?s={search_term_string}\"},\"query-input\":{\"@type\":\"PropertyValueSpecification\",\"valueRequired\":true,\"valueName\":\"search_term_string\"}}],\"inLanguage\":\"fr-FR\"},{\"@type\":\"Organization\",\"@id\":\"https:\\\/\\\/borgoparadiso.it\\\/fr\\\/#organization\",\"name\":\"Borgo Paradiso\",\"url\":\"https:\\\/\\\/borgoparadiso.it\\\/fr\\\/\",\"logo\":{\"@type\":\"ImageObject\",\"inLanguage\":\"fr-FR\",\"@id\":\"https:\\\/\\\/borgoparadiso.it\\\/fr\\\/#\\\/schema\\\/logo\\\/image\\\/\",\"url\":\"https:\\\/\\\/borgoparadiso.it\\\/wp-content\\\/uploads\\\/2024\\\/07\\\/BORGOPARADISO-LOGO-HEADER.png\",\"contentUrl\":\"https:\\\/\\\/borgoparadiso.it\\\/wp-content\\\/uploads\\\/2024\\\/07\\\/BORGOPARADISO-LOGO-HEADER.png\",\"width\":127,\"height\":100,\"caption\":\"Borgo Paradiso\"},\"image\":{\"@id\":\"https:\\\/\\\/borgoparadiso.it\\\/fr\\\/#\\\/schema\\\/logo\\\/image\\\/\"},\"sameAs\":[\"https:\\\/\\\/www.facebook.com\\\/profile.php?id=100063970243550\",\"https:\\\/\\\/www.youtube.com\\\/channel\\\/UChetuflJjizaKjCOubdoTiw\"]}]}<\/script>\n<!-- \/ Yoast SEO plugin. -->","yoast_head_json":{"title":"ACTUALIT\u00c9S - Borgo Paradiso","robots":{"index":"index","follow":"follow","max-snippet":"max-snippet:-1","max-image-preview":"max-image-preview:large","max-video-preview":"max-video-preview:-1"},"canonical":"https:\/\/borgoparadiso.it\/fr\/actualites\/","og_locale":"fr_FR","og_type":"article","og_title":"ACTUALIT\u00c9S - Borgo Paradiso","og_url":"https:\/\/borgoparadiso.it\/fr\/actualites\/","og_site_name":"Borgo Paradiso","article_publisher":"https:\/\/www.facebook.com\/profile.php?id=100063970243550","article_modified_time":"2025-01-07T10:26:35+00:00","twitter_card":"summary_large_image","twitter_misc":{"Dur\u00e9e de lecture estim\u00e9e":"1 minute"},"schema":{"@context":"https:\/\/schema.org","@graph":[{"@type":"WebPage","@id":"https:\/\/borgoparadiso.it\/fr\/actualites\/","url":"https:\/\/borgoparadiso.it\/fr\/actualites\/","name":"ACTUALIT\u00c9S - Borgo Paradiso","isPartOf":{"@id":"https:\/\/borgoparadiso.it\/fr\/#website"},"datePublished":"2020-11-03T13:11:54+00:00","dateModified":"2025-01-07T10:26:35+00:00","breadcrumb":{"@id":"https:\/\/borgoparadiso.it\/fr\/actualites\/#breadcrumb"},"inLanguage":"fr-FR","potentialAction":[{"@type":"ReadAction","target":["https:\/\/borgoparadiso.it\/fr\/actualites\/"]}]},{"@type":"BreadcrumbList","@id":"https:\/\/borgoparadiso.it\/fr\/actualites\/#breadcrumb","itemListElement":[{"@type":"ListItem","position":1,"name":"Home","item":"https:\/\/borgoparadiso.it\/fr\/"},{"@type":"ListItem","position":2,"name":"ACTUALIT\u00c9S"}]},{"@type":"WebSite","@id":"https:\/\/borgoparadiso.it\/fr\/#website","url":"https:\/\/borgoparadiso.it\/fr\/","name":"Borgo Paradiso","description":"Bed and Breakfast sul Lago Maggiore","publisher":{"@id":"https:\/\/borgoparadiso.it\/fr\/#organization"},"potentialAction":[{"@type":"SearchAction","target":{"@type":"EntryPoint","urlTemplate":"https:\/\/borgoparadiso.it\/fr\/?s={search_term_string}"},"query-input":{"@type":"PropertyValueSpecification","valueRequired":true,"valueName":"search_term_string"}}],"inLanguage":"fr-FR"},{"@type":"Organization","@id":"https:\/\/borgoparadiso.it\/fr\/#organization","name":"Borgo Paradiso","url":"https:\/\/borgoparadiso.it\/fr\/","logo":{"@type":"ImageObject","inLanguage":"fr-FR","@id":"https:\/\/borgoparadiso.it\/fr\/#\/schema\/logo\/image\/","url":"https:\/\/borgoparadiso.it\/wp-content\/uploads\/2024\/07\/BORGOPARADISO-LOGO-HEADER.png","contentUrl":"https:\/\/borgoparadiso.it\/wp-content\/uploads\/2024\/07\/BORGOPARADISO-LOGO-HEADER.png","width":127,"height":100,"caption":"Borgo Paradiso"},"image":{"@id":"https:\/\/borgoparadiso.it\/fr\/#\/schema\/logo\/image\/"},"sameAs":["https:\/\/www.facebook.com\/profile.php?id=100063970243550","https:\/\/www.youtube.com\/channel\/UChetuflJjizaKjCOubdoTiw"]}]}},"_links":{"self":[{"href":"https:\/\/borgoparadiso.it\/fr\/wp-json\/wp\/v2\/pages\/1517","targetHints":{"allow":["GET"]}}],"collection":[{"href":"https:\/\/borgoparadiso.it\/fr\/wp-json\/wp\/v2\/pages"}],"about":[{"href":"https:\/\/borgoparadiso.it\/fr\/wp-json\/wp\/v2\/types\/page"}],"author":[{"embeddable":true,"href":"https:\/\/borgoparadiso.it\/fr\/wp-json\/wp\/v2\/users\/1"}],"replies":[{"embeddable":true,"href":"https:\/\/borgoparadiso.it\/fr\/wp-json\/wp\/v2\/comments?post=1517"}],"version-history":[{"count":2,"href":"https:\/\/borgoparadiso.it\/fr\/wp-json\/wp\/v2\/pages\/1517\/revisions"}],"predecessor-version":[{"id":2005,"href":"https:\/\/borgoparadiso.it\/fr\/wp-json\/wp\/v2\/pages\/1517\/revisions\/2005"}],"wp:attachment":[{"href":"https:\/\/borgoparadiso.it\/fr\/wp-json\/wp\/v2\/media?parent=1517"}],"curies":[{"name":"wp","href":"https:\/\/api.w.org\/{rel}","templated":true}]}}